{"id":168,"date":"2025-03-30T19:26:21","date_gmt":"2025-03-30T19:26:21","guid":{"rendered":"https:\/\/acompanyamentfamiliar.com\/?page_id=168"},"modified":"2025-05-09T14:33:09","modified_gmt":"2025-05-09T14:33:09","slug":"aviso-legal","status":"publish","type":"page","link":"https:\/\/acompanyamentfamiliar.com\/es\/aviso-legal\/","title":{"rendered":"Aviso legal"},"content":{"rendered":"\t\t<div data-elementor-type=\"wp-page\" data-elementor-id=\"168\" class=\"elementor elementor-168\" data-elementor-post-type=\"page\">\n\t\t\t\t<div class=\"elementor-element elementor-element-3c9ae4d e-flex e-con-boxed e-con e-parent\" data-id=\"3c9ae4d\" data-element_type=\"container\">\n\t\t\t\t\t<div class=\"e-con-inner\">\n\t\t\t\t<div class=\"elementor-element elementor-element-2bd899c elementor-widget elementor-widget-heading\" data-id=\"2bd899c\" data-element_type=\"widget\" data-widget_type=\"heading.default\">\n\t\t\t\t<div class=\"elementor-widget-container\">\n\t\t\t\t\t<h1 class=\"elementor-heading-title elementor-size-default\">Aviso legal<\/h1>\t\t\t\t<\/div>\n\t\t\t\t<\/div>\n\t\t\t\t<div class=\"elementor-element elementor-element-920a033 elementor-widget elementor-widget-text-editor\" data-id=\"920a033\" data-element_type=\"widget\" data-widget_type=\"text-editor.default\">\n\t\t\t\t<div class=\"elementor-widget-container\">\n\t\t\t\t\t\t\t\t\t<p><strong>AV\u00cdS LEGAL<\/strong><\/p><p>Aquest av\u00eds legal regula l&#8217;\u00fas perm\u00e8s de la p\u00e0gina http:\/\/www.acompanyamentfamiliar.com\/es\u00a0segons el disposat a continuaci\u00f3:<\/p><p>1. Compliment LSSI: Article 10 Llei 34\/2002, de 11 de juliol, de serveis a la societat de la informaci\u00f3 i comer\u00e7 electr\u00f2nic.<\/p><p>Titular de la web: ELISENDA PASCUAL MART\u00cd (En endavant, \u00abEl Prestador del Servei\u00bb)<\/p><p>Direcci\u00f3:\u00a0C\/Ast\u00faries 66, entresol 1\u00ba y 2\u00ba.<\/p><p>CP: 08012 Ciudad: Barcelona.<\/p><p>NIF: 43748102-D<\/p><p>2. Propietat intel\u00b7lectual i responsabilitat sobre els continguts<\/p><p>1. Els drets de propietat intel\u00b7lectual de la present p\u00e0gina web (http:\/\/www.acompanyamentfamiliar.com\/es), el seu codi font, disseny, fotografies, textos, estructura de navegaci\u00f3, bases de dades i diferents elements que s&#8217;hi contenen, s\u00f3n titularitat del prestador del Servei, a qui correspon l&#8217;exercici exclusiu dels drets d&#8217;explotaci\u00f3 en qualsevol forma i, en especial, els drets de reproducci\u00f3, distribuci\u00f3, comunicaci\u00f3 p\u00fablica i transformaci\u00f3.<\/p><p>2. Queda prohibit qualsevol \u00fas de tots els continguts de la p\u00e0gina web, concretament sobre els textos, disseny, obres, marques, logotips, codi font i qualsevol altre susceptible de protecci\u00f3, sense l&#8217;autoritzaci\u00f3 expressa dels seus titulars. Qualsevol \u00fas no perm\u00e8s ser\u00e0 degudament perseguit pels leg\u00edtims propietaris. Igualment, tots els noms comercials, marques o signes distintius de qualsevol classe continguts en la p\u00e0gina web estan protegits per la llei.<\/p><p>3. El titular de la p\u00e0gina web no es fa responsable dels continguts als que es dirigeixen els enlla\u00e7os ubicats en aquesta, segons el que estableix l&#8217;article 17 de la LSSICE.<\/p><p>4. Els usuaris no podran emprar els continguts de la web, podent agafar-los, reproduir-los i distribuir-los, ni utilitzar-los amb fins comercials ni manipular-los i fer obres derivades, sense haver obtingut abans el consentiment o autoritzaci\u00f3 del prestador del Servei.<\/p><p>A m\u00e9s, qualsevol altra forma d&#8217;explotaci\u00f3, diferent de l&#8217;esmentada en el par\u00e0graf anterior, per qualsevol procediment, de tot o part dels continguts d&#8217;aquesta p\u00e0gina web constituir\u00e0 una infracci\u00f3 dels drets de propietat intel\u00b7lectual i \/ o industrial de la Companyia o del titular dels mateixos, podent donar lloc a l&#8217;exercici per part del prestador del Servei de totes les accions judicials o extrajudicials que els poguessin correspondre en exercici dels seus drets.<\/p><p>Aix\u00ed mateix, la informaci\u00f3 a la qual l&#8217;Usuari pot accedir a trav\u00e9s de la web, pot estar protegida per drets de propietat industrial, intel\u00b7lectual o de qualsevol altre tipus. En conseq\u00fc\u00e8ncia, el prestador del Servei no ser\u00e0 responsable en cap cas i sota cap concepte de les infraccions que pugui cometre l&#8217;Usuari en relaci\u00f3 amb aquests drets.<\/p><p>3. Condicions d&#8217;\u00fas<\/p><p>Respecte a la web, l&#8217;usuari pot visualitzar, imprimir i descarregar-parcialment el contingut de la web, \u00fanicament si concorren les seg\u00fcents situacions:<\/p><p>&#8211; Que sigui compatible amb la finalitat del lloc web.<\/p><p>&#8211; Que es realitzi amb l&#8217;exclusiu \u00e0nim d&#8217;obtenir la informaci\u00f3 continguda per a \u00fas personal i privat. Es prohibeix aix\u00ed, expressament, la utilitzaci\u00f3 amb fins comercials.<\/p><p>&#8211; Que cap gr\u00e0fic, icona o imatge disponible a la web sigui utilitzat, copiat o distribu\u00eft separadament del text o resta d&#8217;imatges que l&#8217;acompanyen.<\/p><p>L&#8217;Usuari es compromet a utilitzar la p\u00e0gina web, els continguts i serveis de conformitat amb la Llei, el present Av\u00eds Legal, els bons costums i l&#8217;ordre p\u00fablic. De la mateixa manera, l&#8217;Usuari s&#8217;obliga a no utilitzar la p\u00e0gina web, els seus continguts o serveis que es prestin a trav\u00e9s d&#8217;aquesta amb fins o efectes il\u00b7l\u00edcits, sent contraris a aquesta pol\u00edtica legal, o lesius d&#8217;interessos o drets de tercers, o que de qualsevol altra forma, pugui danyar, inutilitzar, fer inaccessibles o deteriorar la p\u00e0gina web, els seus continguts o els seus serveis o impedir un normal \u00fas de la mateixa per part d&#8217;altres usuaris.<\/p><p>Aix\u00ed mateix, l&#8217;usuari es compromet expressament a no destruir, alterar, inutilitzar o, de qualsevol altra forma, danyar les dades, programes o documents electr\u00f2nics que es trobin a la web.<\/p><p>Tot d&#8217;acord amb el que indica el punt 2.4 anterior.<\/p><p>4. Modificacions al web i condicions d&#8217;\u00fas<\/p><p>El prestador del servei es reserva el dret de modificar i actualitzar la informaci\u00f3 continguda en la web, aix\u00ed com la seva configuraci\u00f3, presentaci\u00f3 i condicions d&#8217;acc\u00e9s. Aix\u00ed mateix, el prestador del Servei es reserva el dret d&#8217;actualitzar el present av\u00eds legal sense previ av\u00eds als usuaris, quan aix\u00ed la normativa o l&#8217;actualitat ho requereixi.<\/p><p>5. Limitaci\u00f3 de responsabilitat<\/p><p>El prestador del Servei no garanteix la inexist\u00e8ncia d&#8217;errors o interrupcions en l&#8217;acc\u00e9s a la web o al seu contingut ni que aquest es trobi actualitzat. Si b\u00e9, el prestador del Servei emprendr\u00e0 totes les accions que estiguin a la seva disposici\u00f3 per a la soluci\u00f3 de qualsevol error, desconnexi\u00f3 o falta d&#8217;actualitzaci\u00f3 que pugui produir-se a la p\u00e0gina web.<\/p><p>Tant l&#8217;acc\u00e9s a la web com l&#8217;\u00fas no consentit que pugui efectuar-se de la informaci\u00f3 continguda, \u00e9s d&#8217;exclusiva responsabilitat de qui ho realitza. Aix\u00ed, el prestador del Servei no es responsabilitza de qualsevol conseq\u00fc\u00e8ncia, dany o perjudici que pogu\u00e9s derivar-se d&#8217;aquest acc\u00e9s o \u00fas per part de tercers.<\/p><p>El prestador del servei tampoc es responsabilitza dels errors de seguretat o danys que puguin produir-se com a conseq\u00fc\u00e8ncia de:<\/p><p>&#8211; La pres\u00e8ncia d&#8217;un virus a l&#8217;ordinador dels usuaris que sigui utilitzat per la connexi\u00f3 amb els serveis i continguts de la web.<\/p><p>&#8211; Un mal funcionament del navegador.<\/p><p>&#8211; \u00das de versions no actualitzades del navegador.<\/p><p>El prestador del Servei no garanteix l&#8217;abs\u00e8ncia de virus o altres elements en els continguts que puguin produir alteracions en el sistema inform\u00e0tic (hardware i software), en els documents o fitxers dels usuaris.<\/p><p>\u00a0<\/p><p>6. Legislaci\u00f3 aplicable i jurisdicci\u00f3 competent.<\/p><p>La present pol\u00edtica legal queda subjecta al que estableixen les lleis espanyoles. Per a qualsevol conflicte derivat de la interpretaci\u00f3 de les mateixes, les parts se sotmeten a la jurisdicci\u00f3 dels Tribunals de la ciutat de Barcelona (Espanya), \u200b\u200b sempre que aix\u00f2 no sigui contrari al que disposa l&#8217;article 29 de la LSSI.<\/p>\t\t\t\t\t\t\t\t<\/div>\n\t\t\t\t<\/div>\n\t\t\t\t\t<\/div>\n\t\t\t\t<\/div>\n\t\t\t\t<\/div>\n\t\t","protected":false},"excerpt":{"rendered":"<p>Aviso legal AV\u00cdS LEGAL Aquest av\u00eds legal regula l&#8217;\u00fas perm\u00e8s de la p\u00e0gina http:\/\/www.acompanyamentfamiliar.com\/es\u00a0segons el disposat a continuaci\u00f3: 1. Compliment LSSI: Article 10 Llei 34\/2002, de 11 de juliol, de serveis a la societat de la informaci\u00f3 i comer\u00e7 electr\u00f2nic. Titular de la web: ELISENDA PASCUAL MART\u00cd (En endavant, \u00abEl Prestador del Servei\u00bb) Direcci\u00f3:\u00a0C\/Ast\u00faries 66, [&hellip;]<\/p>\n","protected":false},"author":1,"featured_media":0,"parent":0,"menu_order":0,"comment_status":"closed","ping_status":"closed","template":"","meta":{"footnotes":""},"class_list":["post-168","page","type-page","status-publish","hentry"],"yoast_head":"<!-- This site is optimized with the Yoast SEO plugin v26.8 - https:\/\/yoast.com\/product\/yoast-seo-wordpress\/ -->\n<title>Aviso legal - Acompanyament Familiar<\/title>\n<meta name=\"robots\" content=\"noindex, nofollow\" \/>\n<meta property=\"og:locale\" content=\"es_ES\" \/>\n<meta property=\"og:type\" content=\"article\" \/>\n<meta property=\"og:title\" content=\"Aviso legal - Acompanyament Familiar\" \/>\n<meta property=\"og:description\" content=\"Aviso legal AV\u00cdS LEGAL Aquest av\u00eds legal regula l&#8217;\u00fas perm\u00e8s de la p\u00e0gina http:\/\/www.acompanyamentfamiliar.com\/es\u00a0segons el disposat a continuaci\u00f3: 1. Compliment LSSI: Article 10 Llei 34\/2002, de 11 de juliol, de serveis a la societat de la informaci\u00f3 i comer\u00e7 electr\u00f2nic. Titular de la web: ELISENDA PASCUAL MART\u00cd (En endavant, \u00abEl Prestador del Servei\u00bb) Direcci\u00f3:\u00a0C\/Ast\u00faries 66, [&hellip;]\" \/>\n<meta property=\"og:url\" content=\"https:\/\/acompanyamentfamiliar.com\/es\/aviso-legal\/\" \/>\n<meta property=\"og:site_name\" content=\"Acompanyament Familiar\" \/>\n<meta property=\"article:modified_time\" content=\"2025-05-09T14:33:09+00:00\" \/>\n<meta name=\"twitter:card\" content=\"summary_large_image\" \/>\n<meta name=\"twitter:label1\" content=\"Tiempo de lectura\" \/>\n\t<meta name=\"twitter:data1\" content=\"5 minutos\" \/>\n<script type=\"application\/ld+json\" class=\"yoast-schema-graph\">{\"@context\":\"https:\/\/schema.org\",\"@graph\":[{\"@type\":\"WebPage\",\"@id\":\"https:\/\/acompanyamentfamiliar.com\/es\/aviso-legal\/\",\"url\":\"https:\/\/acompanyamentfamiliar.com\/es\/aviso-legal\/\",\"name\":\"Aviso legal - Acompanyament Familiar\",\"isPartOf\":{\"@id\":\"https:\/\/acompanyamentfamiliar.com\/es\/#website\"},\"datePublished\":\"2025-03-30T19:26:21+00:00\",\"dateModified\":\"2025-05-09T14:33:09+00:00\",\"breadcrumb\":{\"@id\":\"https:\/\/acompanyamentfamiliar.com\/es\/aviso-legal\/#breadcrumb\"},\"inLanguage\":\"es\",\"potentialAction\":[{\"@type\":\"ReadAction\",\"target\":[\"https:\/\/acompanyamentfamiliar.com\/es\/aviso-legal\/\"]}]},{\"@type\":\"BreadcrumbList\",\"@id\":\"https:\/\/acompanyamentfamiliar.com\/es\/aviso-legal\/#breadcrumb\",\"itemListElement\":[{\"@type\":\"ListItem\",\"position\":1,\"name\":\"Portada\",\"item\":\"https:\/\/acompanyamentfamiliar.com\/es\/\"},{\"@type\":\"ListItem\",\"position\":2,\"name\":\"Aviso legal\"}]},{\"@type\":\"WebSite\",\"@id\":\"https:\/\/acompanyamentfamiliar.com\/es\/#website\",\"url\":\"https:\/\/acompanyamentfamiliar.com\/es\/\",\"name\":\"Acompanyament Familiar\",\"description\":\"Psic\u00f3logas en Barcelona: Acompa\u00f1amiento familiar\",\"publisher\":{\"@id\":\"https:\/\/acompanyamentfamiliar.com\/es\/#organization\"},\"potentialAction\":[{\"@type\":\"SearchAction\",\"target\":{\"@type\":\"EntryPoint\",\"urlTemplate\":\"https:\/\/acompanyamentfamiliar.com\/es\/?s={search_term_string}\"},\"query-input\":{\"@type\":\"PropertyValueSpecification\",\"valueRequired\":true,\"valueName\":\"search_term_string\"}}],\"inLanguage\":\"es\"},{\"@type\":\"Organization\",\"@id\":\"https:\/\/acompanyamentfamiliar.com\/es\/#organization\",\"name\":\"Acompanyament Familiar\",\"url\":\"https:\/\/acompanyamentfamiliar.com\/es\/\",\"logo\":{\"@type\":\"ImageObject\",\"inLanguage\":\"es\",\"@id\":\"https:\/\/acompanyamentfamiliar.com\/es\/#\/schema\/logo\/image\/\",\"url\":\"https:\/\/acompanyamentfamiliar.com\/wp-content\/uploads\/2025\/03\/logo_acompanyamnet_familiar.png\",\"contentUrl\":\"https:\/\/acompanyamentfamiliar.com\/wp-content\/uploads\/2025\/03\/logo_acompanyamnet_familiar.png\",\"width\":241,\"height\":126,\"caption\":\"Acompanyament Familiar\"},\"image\":{\"@id\":\"https:\/\/acompanyamentfamiliar.com\/es\/#\/schema\/logo\/image\/\"}}]}<\/script>\n<!-- \/ Yoast SEO plugin. -->","yoast_head_json":{"title":"Aviso legal - Acompanyament Familiar","robots":{"index":"noindex","follow":"nofollow"},"og_locale":"es_ES","og_type":"article","og_title":"Aviso legal - Acompanyament Familiar","og_description":"Aviso legal AV\u00cdS LEGAL Aquest av\u00eds legal regula l&#8217;\u00fas perm\u00e8s de la p\u00e0gina http:\/\/www.acompanyamentfamiliar.com\/es\u00a0segons el disposat a continuaci\u00f3: 1. Compliment LSSI: Article 10 Llei 34\/2002, de 11 de juliol, de serveis a la societat de la informaci\u00f3 i comer\u00e7 electr\u00f2nic. Titular de la web: ELISENDA PASCUAL MART\u00cd (En endavant, \u00abEl Prestador del Servei\u00bb) Direcci\u00f3:\u00a0C\/Ast\u00faries 66, [&hellip;]","og_url":"https:\/\/acompanyamentfamiliar.com\/es\/aviso-legal\/","og_site_name":"Acompanyament Familiar","article_modified_time":"2025-05-09T14:33:09+00:00","twitter_card":"summary_large_image","twitter_misc":{"Tiempo de lectura":"5 minutos"},"schema":{"@context":"https:\/\/schema.org","@graph":[{"@type":"WebPage","@id":"https:\/\/acompanyamentfamiliar.com\/es\/aviso-legal\/","url":"https:\/\/acompanyamentfamiliar.com\/es\/aviso-legal\/","name":"Aviso legal - Acompanyament Familiar","isPartOf":{"@id":"https:\/\/acompanyamentfamiliar.com\/es\/#website"},"datePublished":"2025-03-30T19:26:21+00:00","dateModified":"2025-05-09T14:33:09+00:00","breadcrumb":{"@id":"https:\/\/acompanyamentfamiliar.com\/es\/aviso-legal\/#breadcrumb"},"inLanguage":"es","potentialAction":[{"@type":"ReadAction","target":["https:\/\/acompanyamentfamiliar.com\/es\/aviso-legal\/"]}]},{"@type":"BreadcrumbList","@id":"https:\/\/acompanyamentfamiliar.com\/es\/aviso-legal\/#breadcrumb","itemListElement":[{"@type":"ListItem","position":1,"name":"Portada","item":"https:\/\/acompanyamentfamiliar.com\/es\/"},{"@type":"ListItem","position":2,"name":"Aviso legal"}]},{"@type":"WebSite","@id":"https:\/\/acompanyamentfamiliar.com\/es\/#website","url":"https:\/\/acompanyamentfamiliar.com\/es\/","name":"Acompanyament Familiar","description":"Psic\u00f3logas en Barcelona: Acompa\u00f1amiento familiar","publisher":{"@id":"https:\/\/acompanyamentfamiliar.com\/es\/#organization"},"potentialAction":[{"@type":"SearchAction","target":{"@type":"EntryPoint","urlTemplate":"https:\/\/acompanyamentfamiliar.com\/es\/?s={search_term_string}"},"query-input":{"@type":"PropertyValueSpecification","valueRequired":true,"valueName":"search_term_string"}}],"inLanguage":"es"},{"@type":"Organization","@id":"https:\/\/acompanyamentfamiliar.com\/es\/#organization","name":"Acompanyament Familiar","url":"https:\/\/acompanyamentfamiliar.com\/es\/","logo":{"@type":"ImageObject","inLanguage":"es","@id":"https:\/\/acompanyamentfamiliar.com\/es\/#\/schema\/logo\/image\/","url":"https:\/\/acompanyamentfamiliar.com\/wp-content\/uploads\/2025\/03\/logo_acompanyamnet_familiar.png","contentUrl":"https:\/\/acompanyamentfamiliar.com\/wp-content\/uploads\/2025\/03\/logo_acompanyamnet_familiar.png","width":241,"height":126,"caption":"Acompanyament Familiar"},"image":{"@id":"https:\/\/acompanyamentfamiliar.com\/es\/#\/schema\/logo\/image\/"}}]}},"_links":{"self":[{"href":"https:\/\/acompanyamentfamiliar.com\/es\/wp-json\/wp\/v2\/pages\/168","targetHints":{"allow":["GET"]}}],"collection":[{"href":"https:\/\/acompanyamentfamiliar.com\/es\/wp-json\/wp\/v2\/pages"}],"about":[{"href":"https:\/\/acompanyamentfamiliar.com\/es\/wp-json\/wp\/v2\/types\/page"}],"author":[{"embeddable":true,"href":"https:\/\/acompanyamentfamiliar.com\/es\/wp-json\/wp\/v2\/users\/1"}],"replies":[{"embeddable":true,"href":"https:\/\/acompanyamentfamiliar.com\/es\/wp-json\/wp\/v2\/comments?post=168"}],"version-history":[{"count":4,"href":"https:\/\/acompanyamentfamiliar.com\/es\/wp-json\/wp\/v2\/pages\/168\/revisions"}],"predecessor-version":[{"id":1546,"href":"https:\/\/acompanyamentfamiliar.com\/es\/wp-json\/wp\/v2\/pages\/168\/revisions\/1546"}],"wp:attachment":[{"href":"https:\/\/acompanyamentfamiliar.com\/es\/wp-json\/wp\/v2\/media?parent=168"}],"curies":[{"name":"wp","href":"https:\/\/api.w.org\/{rel}","templated":true}]}}