{"id":537,"date":"2025-04-07T15:51:14","date_gmt":"2025-04-07T15:51:14","guid":{"rendered":"https:\/\/acompanyamentfamiliar.com\/?page_id=537"},"modified":"2025-05-02T15:24:38","modified_gmt":"2025-05-02T15:24:38","slug":"elisenda-pascual-i-marti","status":"publish","type":"page","link":"https:\/\/acompanyamentfamiliar.com\/es\/equipo\/elisenda-pascual-i-marti\/","title":{"rendered":"Elisenda Pascual i Mart\u00ed"},"content":{"rendered":"\t\t<div data-elementor-type=\"wp-page\" data-elementor-id=\"537\" class=\"elementor elementor-537\" data-elementor-post-type=\"page\">\n\t\t\t\t<div class=\"elementor-element elementor-element-c451329 e-flex e-con-boxed e-con e-parent\" data-id=\"c451329\" data-element_type=\"container\" data-settings=\"{&quot;background_background&quot;:&quot;classic&quot;}\">\n\t\t\t\t\t<div class=\"e-con-inner\">\n\t\t<div class=\"elementor-element elementor-element-87d1828 e-con-full e-flex e-con e-child\" data-id=\"87d1828\" data-element_type=\"container\">\n\t\t<div class=\"elementor-element elementor-element-5c1ac32 e-con-full e-flex e-con e-child\" data-id=\"5c1ac32\" data-element_type=\"container\">\n\t\t\t\t<div class=\"elementor-element elementor-element-daa0fff elementor-widget elementor-widget-heading\" data-id=\"daa0fff\" data-element_type=\"widget\" data-widget_type=\"heading.default\">\n\t\t\t\t<div class=\"elementor-widget-container\">\n\t\t\t\t\t<h1 class=\"elementor-heading-title elementor-size-default\">Elisenda Pascual i Mart\u00ed<\/h1>\t\t\t\t<\/div>\n\t\t\t\t<\/div>\n\t\t\t\t<div class=\"elementor-element elementor-element-c69adf2 elementor-widget elementor-widget-text-editor\" data-id=\"c69adf2\" data-element_type=\"widget\" data-widget_type=\"text-editor.default\">\n\t\t\t\t<div class=\"elementor-widget-container\">\n\t\t\t\t\t\t\t\t\t<h2>Psic\u00f3loga y fundadora de Acompanyament Familiar<\/h2>\t\t\t\t\t\t\t\t<\/div>\n\t\t\t\t<\/div>\n\t\t\t\t<\/div>\n\t\t<div class=\"elementor-element elementor-element-f701a00 e-con-full e-flex e-con e-child\" data-id=\"f701a00\" data-element_type=\"container\">\n\t\t\t\t<div class=\"elementor-element elementor-element-631e7f5 elementor-widget elementor-widget-image\" data-id=\"631e7f5\" data-element_type=\"widget\" data-widget_type=\"image.default\">\n\t\t\t\t<div class=\"elementor-widget-container\">\n\t\t\t\t\t\t\t\t\t\t\t\t\t\t\t<img fetchpriority=\"high\" decoding=\"async\" width=\"225\" height=\"225\" src=\"https:\/\/acompanyamentfamiliar.com\/wp-content\/uploads\/2025\/03\/elisenda-pascual-marti.jpeg\" class=\"attachment-large size-large wp-image-18\" alt=\"Elisenda Pascual i Mart\u00ed\" srcset=\"https:\/\/acompanyamentfamiliar.com\/wp-content\/uploads\/2025\/03\/elisenda-pascual-marti.jpeg 225w, https:\/\/acompanyamentfamiliar.com\/wp-content\/uploads\/2025\/03\/elisenda-pascual-marti-150x150.jpeg 150w\" sizes=\"(max-width: 225px) 100vw, 225px\" \/>\t\t\t\t\t\t\t\t\t\t\t\t\t\t\t<\/div>\n\t\t\t\t<\/div>\n\t\t\t\t<\/div>\n\t\t\t\t<\/div>\n\t\t\t\t\t<\/div>\n\t\t\t\t<\/div>\n\t\t<div class=\"elementor-element elementor-element-cdd850e e-flex e-con-boxed e-con e-parent\" data-id=\"cdd850e\" data-element_type=\"container\">\n\t\t\t\t\t<div class=\"e-con-inner\">\n\t\t<div class=\"elementor-element elementor-element-ea1c755 e-con-full e-flex e-con e-child\" data-id=\"ea1c755\" data-element_type=\"container\">\n\t\t<div class=\"elementor-element elementor-element-98730eb e-con-full e-flex e-con e-child\" data-id=\"98730eb\" data-element_type=\"container\">\n\t\t<div class=\"elementor-element elementor-element-95be84c e-con-full e-flex e-con e-child\" data-id=\"95be84c\" data-element_type=\"container\">\n\t\t\t\t<div class=\"elementor-element elementor-element-b8b77c0 elementor-widget elementor-widget-text-editor\" data-id=\"b8b77c0\" data-element_type=\"widget\" data-widget_type=\"text-editor.default\">\n\t\t\t\t<div class=\"elementor-widget-container\">\n\t\t\t\t\t\t\t\t\t<p><strong>Psic\u00f3loga, psicoterapeuta y escritora<\/strong>. Fundadora y directora de Acompa\u00f1amiento Familiar. Co-creadora, coordinadora y supervisora de proyectos de <strong>Educaci\u00f3n Viva<\/strong>. Fue a partir de mi experiencia en este \u00e1mbito donde conect\u00e9 con la importancia de generar espacios donde acompa\u00f1ar a las criaturas en su contexto primero de salud: la familia. Empec\u00e9 entonces un camino de formaciones varias para ampliar mi mirada universitaria. Me diplom\u00e9 en <strong>Pedagog\u00eda Sist\u00e9mica<\/strong> por el Institut Gestalt. Despu\u00e9s decid\u00ed ampliar este enfoque con un postgrado de <strong>Constelaciones Familiares<\/strong> por el Instituto Integrativo. Al cabo de un a\u00f1o decid\u00ed acudir a la formaci\u00f3n que Mauricio y Rebecca Wild ofrec\u00edan en el <strong>PILD<\/strong> en Ecuador: \u201cActivando un paradigma de la Vida\u201d.\u00a0<\/p><p>Posteriormente curs\u00e9 el <strong>M\u00e1ster en Psicoterapia Integradora Humanista<\/strong> del Instituto Erich Fromm. Asist\u00ed a algunos m\u00f3dulos de la Formaci\u00f3n en <strong>Infancia y prevenci\u00f3n de las neurosis<\/strong> con Evania Reichert, y curs\u00e9 el Postgrado en <strong>Epigen\u00e9tica y psicosom\u00e1tica<\/strong> ofrecido por el Instituto de Bios\u00edntesis de Portugal.\u00a0<\/p><p>Han sido a\u00f1os de mucho aprendizaje en los que he escrito dos libros: \u201c<strong>Clara y su sombra<\/strong>\u201d, un cuento para la prevenci\u00f3n del Abuso Sexual Infantil (<a href=\"http:\/\/www.claraysusombra.com\" target=\"_blank\" rel=\"noopener\">www.claraysusombra.com<\/a>) y \u201c<strong>Criar y Jugar<\/strong>\u201d, un libro para familias que quieren acompa\u00f1ar a sus criaturas con amor y respeto.<\/p><p>Actualmente soy la vicepresidenta de la <strong>Fundaci\u00f3n Inspira Educaci\u00f3<\/strong> (<a href=\"http:\/\/www.finsedu.org\" target=\"_blank\" rel=\"noopener\">www.finsedu.org<\/a>) que trabaja con el objetivo de posibilitar entornos educativos que ayuden a transformar a las personas y al mundo. Tambi\u00e9n estoy form\u00e1ndome en <strong>Salud Mental Perinatal<\/strong> y en acompa\u00f1amiento del <strong>Trauma,<\/strong> para poder ofrecer un acompa\u00f1amiento mucho m\u00e1s profundo en mi pr\u00e1ctica diaria.<\/p><p>Desde Acompa\u00f1amiento Familiar ofrezco charlas, talleres y supervisiones tanto a escuelas, proyectos privados o grupos de <em>homeschoolers<\/em> que decidan seguir creciendo junto con las criaturas. Sostener este proyecto con un equipo humano tan comprometido y v\u00e1lido como el que me acompa\u00f1a es un verdadero placer y me colma de gozo. Es parte de mi sue\u00f1o hecho realidad.<\/p>\t\t\t\t\t\t\t\t<\/div>\n\t\t\t\t<\/div>\n\t\t\t\t<\/div>\n\t\t<div class=\"elementor-element elementor-element-8fbbe80 e-con-full e-flex e-con e-child\" data-id=\"8fbbe80\" data-element_type=\"container\">\n\t\t\t\t<div class=\"elementor-element elementor-element-c97acc2 elementor-widget elementor-widget-text-editor\" data-id=\"c97acc2\" data-element_type=\"widget\" data-widget_type=\"text-editor.default\">\n\t\t\t\t<div class=\"elementor-widget-container\">\n\t\t\t\t\t\t\t\t\t<p>\u00a0<strong>\u00bfQui\u00e9n soy?<\/strong><\/p><p>Mi b\u00fasqueda personal comienza desde el momento en que conecto con el deseo de ir m\u00e1s all\u00e1 de lo que me rodea, de descubrir un mundo propio en el que sentirme creadora y espectadora, actriz y guionista. Tomo conciencia del esfuerzo personal que implica dejar de seguir el camino pautado para lanzarme a la aventura de mi anhelo interno, y es entonces cuando posibilito la apertura de la coraza y la Vida toma lugar en el cotidiano.<\/p><p>He caminado por diferentes disciplinas, por eso me considero integradora de diversos enfoques que abordan el conocimiento del Ser humano. Empec\u00e9 mi vida acad\u00e9mica universitaria estudiando la Licenciatura en Qu\u00edmica. Esos cuatro a\u00f1os en la facultad, rodeada de un ambiente c-matem\u00e1tico y cient\u00edfico, me sirvieron para comprender que mi proyecto de vida iba mucho m\u00e1s all\u00e1 de las cuatro paredes de un laboratorio; que las mol\u00e9culas que quer\u00eda realmente observar y descubrir, eran aquellas que se perciben en una mirada, en un contacto de apoyo y en una pr\u00e1ctica de respiraci\u00f3n consciente. As\u00ed, de esta manera y gracias a m\u00faltiples piedras en mi camino, emprend\u00ed el viaje hacia la titulaci\u00f3n en Psicolog\u00eda.\u00a0<\/p><p>En paralelo a los estudios reglados he desarrollado una segunda carrera que me ha permitido comprender a las personas desde un prisma mucho m\u00e1s complejo, fluido y transformador. Agradezco a todas y cada una de mis maestras y maestros, incluso aquellas que se vest\u00edan con trajes de aprendices. Me siento profundamente honrada de los privilegios con los que he vivido durante todos estos a\u00f1os y este proyecto, Acompa\u00f1amiento Familiar, forma parte de lo mucho que s\u00e9 que debo brindarle de nuevo a la Vida. Al final, <strong>todo es cuesti\u00f3n de equilibrio<\/strong>, \u00a1en eso s\u00ed le doy la raz\u00f3n a la qu\u00edmica!<\/p>\t\t\t\t\t\t\t\t<\/div>\n\t\t\t\t<\/div>\n\t\t\t\t<\/div>\n\t\t\t\t<\/div>\n\t\t\t\t<\/div>\n\t\t\t\t\t<\/div>\n\t\t\t\t<\/div>\n\t\t\t\t<\/div>\n\t\t","protected":false},"excerpt":{"rendered":"<p>Elisenda Pascual i Mart\u00ed Psic\u00f3loga y fundadora de Acompanyament Familiar Psic\u00f3loga, psicoterapeuta y escritora. Fundadora y directora de Acompa\u00f1amiento Familiar. Co-creadora, coordinadora y supervisora de proyectos de Educaci\u00f3n Viva. Fue a partir de mi experiencia en este \u00e1mbito donde conect\u00e9 con la importancia de generar espacios donde acompa\u00f1ar a las criaturas en su contexto primero [&hellip;]<\/p>\n","protected":false},"author":1,"featured_media":0,"parent":55,"menu_order":0,"comment_status":"closed","ping_status":"closed","template":"","meta":{"footnotes":""},"class_list":["post-537","page","type-page","status-publish","hentry"],"yoast_head":"<!-- This site is optimized with the Yoast SEO plugin v26.8 - https:\/\/yoast.com\/product\/yoast-seo-wordpress\/ -->\n<title>Elisenda Pascual i Mart\u00ed - Acompanyament Familiar<\/title>\n<meta name=\"robots\" content=\"index, follow, max-snippet:-1, max-image-preview:large, max-video-preview:-1\" \/>\n<link rel=\"canonical\" href=\"https:\/\/acompanyamentfamiliar.com\/es\/equipo\/elisenda-pascual-i-marti\/\" \/>\n<meta property=\"og:locale\" content=\"es_ES\" \/>\n<meta property=\"og:type\" content=\"article\" \/>\n<meta property=\"og:title\" content=\"Elisenda Pascual i Mart\u00ed - Acompanyament Familiar\" \/>\n<meta property=\"og:description\" content=\"Elisenda Pascual i Mart\u00ed Psic\u00f3loga y fundadora de Acompanyament Familiar Psic\u00f3loga, psicoterapeuta y escritora. Fundadora y directora de Acompa\u00f1amiento Familiar. Co-creadora, coordinadora y supervisora de proyectos de Educaci\u00f3n Viva. Fue a partir de mi experiencia en este \u00e1mbito donde conect\u00e9 con la importancia de generar espacios donde acompa\u00f1ar a las criaturas en su contexto primero [&hellip;]\" \/>\n<meta property=\"og:url\" content=\"https:\/\/acompanyamentfamiliar.com\/es\/equipo\/elisenda-pascual-i-marti\/\" \/>\n<meta property=\"og:site_name\" content=\"Acompanyament Familiar\" \/>\n<meta property=\"article:modified_time\" content=\"2025-05-02T15:24:38+00:00\" \/>\n<meta property=\"og:image\" content=\"https:\/\/acompanyamentfamiliar.com\/wp-content\/uploads\/2025\/03\/elisenda-pascual-marti.jpeg\" \/>\n\t<meta property=\"og:image:width\" content=\"225\" \/>\n\t<meta property=\"og:image:height\" content=\"225\" \/>\n\t<meta property=\"og:image:type\" content=\"image\/jpeg\" \/>\n<meta name=\"twitter:card\" content=\"summary_large_image\" \/>\n<meta name=\"twitter:label1\" content=\"Tiempo de lectura\" \/>\n\t<meta name=\"twitter:data1\" content=\"4 minutos\" \/>\n<script type=\"application\/ld+json\" class=\"yoast-schema-graph\">{\"@context\":\"https:\/\/schema.org\",\"@graph\":[{\"@type\":\"WebPage\",\"@id\":\"https:\/\/acompanyamentfamiliar.com\/es\/equipo\/elisenda-pascual-i-marti\/\",\"url\":\"https:\/\/acompanyamentfamiliar.com\/es\/equipo\/elisenda-pascual-i-marti\/\",\"name\":\"Elisenda Pascual i Mart\u00ed - Acompanyament Familiar\",\"isPartOf\":{\"@id\":\"https:\/\/acompanyamentfamiliar.com\/es\/#website\"},\"primaryImageOfPage\":{\"@id\":\"https:\/\/acompanyamentfamiliar.com\/es\/equipo\/elisenda-pascual-i-marti\/#primaryimage\"},\"image\":{\"@id\":\"https:\/\/acompanyamentfamiliar.com\/es\/equipo\/elisenda-pascual-i-marti\/#primaryimage\"},\"thumbnailUrl\":\"https:\/\/acompanyamentfamiliar.com\/wp-content\/uploads\/2025\/03\/elisenda-pascual-marti.jpeg\",\"datePublished\":\"2025-04-07T15:51:14+00:00\",\"dateModified\":\"2025-05-02T15:24:38+00:00\",\"breadcrumb\":{\"@id\":\"https:\/\/acompanyamentfamiliar.com\/es\/equipo\/elisenda-pascual-i-marti\/#breadcrumb\"},\"inLanguage\":\"es\",\"potentialAction\":[{\"@type\":\"ReadAction\",\"target\":[\"https:\/\/acompanyamentfamiliar.com\/es\/equipo\/elisenda-pascual-i-marti\/\"]}]},{\"@type\":\"ImageObject\",\"inLanguage\":\"es\",\"@id\":\"https:\/\/acompanyamentfamiliar.com\/es\/equipo\/elisenda-pascual-i-marti\/#primaryimage\",\"url\":\"https:\/\/acompanyamentfamiliar.com\/wp-content\/uploads\/2025\/03\/elisenda-pascual-marti.jpeg\",\"contentUrl\":\"https:\/\/acompanyamentfamiliar.com\/wp-content\/uploads\/2025\/03\/elisenda-pascual-marti.jpeg\"},{\"@type\":\"BreadcrumbList\",\"@id\":\"https:\/\/acompanyamentfamiliar.com\/es\/equipo\/elisenda-pascual-i-marti\/#breadcrumb\",\"itemListElement\":[{\"@type\":\"ListItem\",\"position\":1,\"name\":\"Portada\",\"item\":\"https:\/\/acompanyamentfamiliar.com\/es\/\"},{\"@type\":\"ListItem\",\"position\":2,\"name\":\"Centro de Psic\u00f3logos de Barcelona\",\"item\":\"https:\/\/acompanyamentfamiliar.com\/es\/equipo\/\"},{\"@type\":\"ListItem\",\"position\":3,\"name\":\"Elisenda Pascual i Mart\u00ed\"}]},{\"@type\":\"WebSite\",\"@id\":\"https:\/\/acompanyamentfamiliar.com\/es\/#website\",\"url\":\"https:\/\/acompanyamentfamiliar.com\/es\/\",\"name\":\"Acompanyament Familiar\",\"description\":\"Psic\u00f3logas en Barcelona: Acompa\u00f1amiento familiar\",\"publisher\":{\"@id\":\"https:\/\/acompanyamentfamiliar.com\/es\/#organization\"},\"potentialAction\":[{\"@type\":\"SearchAction\",\"target\":{\"@type\":\"EntryPoint\",\"urlTemplate\":\"https:\/\/acompanyamentfamiliar.com\/es\/?s={search_term_string}\"},\"query-input\":{\"@type\":\"PropertyValueSpecification\",\"valueRequired\":true,\"valueName\":\"search_term_string\"}}],\"inLanguage\":\"es\"},{\"@type\":\"Organization\",\"@id\":\"https:\/\/acompanyamentfamiliar.com\/es\/#organization\",\"name\":\"Acompanyament Familiar\",\"url\":\"https:\/\/acompanyamentfamiliar.com\/es\/\",\"logo\":{\"@type\":\"ImageObject\",\"inLanguage\":\"es\",\"@id\":\"https:\/\/acompanyamentfamiliar.com\/es\/#\/schema\/logo\/image\/\",\"url\":\"https:\/\/acompanyamentfamiliar.com\/wp-content\/uploads\/2025\/03\/logo_acompanyamnet_familiar.png\",\"contentUrl\":\"https:\/\/acompanyamentfamiliar.com\/wp-content\/uploads\/2025\/03\/logo_acompanyamnet_familiar.png\",\"width\":241,\"height\":126,\"caption\":\"Acompanyament Familiar\"},\"image\":{\"@id\":\"https:\/\/acompanyamentfamiliar.com\/es\/#\/schema\/logo\/image\/\"}}]}<\/script>\n<!-- \/ Yoast SEO plugin. -->","yoast_head_json":{"title":"Elisenda Pascual i Mart\u00ed - Acompanyament Familiar","robots":{"index":"index","follow":"follow","max-snippet":"max-snippet:-1","max-image-preview":"max-image-preview:large","max-video-preview":"max-video-preview:-1"},"canonical":"https:\/\/acompanyamentfamiliar.com\/es\/equipo\/elisenda-pascual-i-marti\/","og_locale":"es_ES","og_type":"article","og_title":"Elisenda Pascual i Mart\u00ed - Acompanyament Familiar","og_description":"Elisenda Pascual i Mart\u00ed Psic\u00f3loga y fundadora de Acompanyament Familiar Psic\u00f3loga, psicoterapeuta y escritora. Fundadora y directora de Acompa\u00f1amiento Familiar. Co-creadora, coordinadora y supervisora de proyectos de Educaci\u00f3n Viva. Fue a partir de mi experiencia en este \u00e1mbito donde conect\u00e9 con la importancia de generar espacios donde acompa\u00f1ar a las criaturas en su contexto primero [&hellip;]","og_url":"https:\/\/acompanyamentfamiliar.com\/es\/equipo\/elisenda-pascual-i-marti\/","og_site_name":"Acompanyament Familiar","article_modified_time":"2025-05-02T15:24:38+00:00","og_image":[{"width":225,"height":225,"url":"https:\/\/acompanyamentfamiliar.com\/wp-content\/uploads\/2025\/03\/elisenda-pascual-marti.jpeg","type":"image\/jpeg"}],"twitter_card":"summary_large_image","twitter_misc":{"Tiempo de lectura":"4 minutos"},"schema":{"@context":"https:\/\/schema.org","@graph":[{"@type":"WebPage","@id":"https:\/\/acompanyamentfamiliar.com\/es\/equipo\/elisenda-pascual-i-marti\/","url":"https:\/\/acompanyamentfamiliar.com\/es\/equipo\/elisenda-pascual-i-marti\/","name":"Elisenda Pascual i Mart\u00ed - Acompanyament Familiar","isPartOf":{"@id":"https:\/\/acompanyamentfamiliar.com\/es\/#website"},"primaryImageOfPage":{"@id":"https:\/\/acompanyamentfamiliar.com\/es\/equipo\/elisenda-pascual-i-marti\/#primaryimage"},"image":{"@id":"https:\/\/acompanyamentfamiliar.com\/es\/equipo\/elisenda-pascual-i-marti\/#primaryimage"},"thumbnailUrl":"https:\/\/acompanyamentfamiliar.com\/wp-content\/uploads\/2025\/03\/elisenda-pascual-marti.jpeg","datePublished":"2025-04-07T15:51:14+00:00","dateModified":"2025-05-02T15:24:38+00:00","breadcrumb":{"@id":"https:\/\/acompanyamentfamiliar.com\/es\/equipo\/elisenda-pascual-i-marti\/#breadcrumb"},"inLanguage":"es","potentialAction":[{"@type":"ReadAction","target":["https:\/\/acompanyamentfamiliar.com\/es\/equipo\/elisenda-pascual-i-marti\/"]}]},{"@type":"ImageObject","inLanguage":"es","@id":"https:\/\/acompanyamentfamiliar.com\/es\/equipo\/elisenda-pascual-i-marti\/#primaryimage","url":"https:\/\/acompanyamentfamiliar.com\/wp-content\/uploads\/2025\/03\/elisenda-pascual-marti.jpeg","contentUrl":"https:\/\/acompanyamentfamiliar.com\/wp-content\/uploads\/2025\/03\/elisenda-pascual-marti.jpeg"},{"@type":"BreadcrumbList","@id":"https:\/\/acompanyamentfamiliar.com\/es\/equipo\/elisenda-pascual-i-marti\/#breadcrumb","itemListElement":[{"@type":"ListItem","position":1,"name":"Portada","item":"https:\/\/acompanyamentfamiliar.com\/es\/"},{"@type":"ListItem","position":2,"name":"Centro de Psic\u00f3logos de Barcelona","item":"https:\/\/acompanyamentfamiliar.com\/es\/equipo\/"},{"@type":"ListItem","position":3,"name":"Elisenda Pascual i Mart\u00ed"}]},{"@type":"WebSite","@id":"https:\/\/acompanyamentfamiliar.com\/es\/#website","url":"https:\/\/acompanyamentfamiliar.com\/es\/","name":"Acompanyament Familiar","description":"Psic\u00f3logas en Barcelona: Acompa\u00f1amiento familiar","publisher":{"@id":"https:\/\/acompanyamentfamiliar.com\/es\/#organization"},"potentialAction":[{"@type":"SearchAction","target":{"@type":"EntryPoint","urlTemplate":"https:\/\/acompanyamentfamiliar.com\/es\/?s={search_term_string}"},"query-input":{"@type":"PropertyValueSpecification","valueRequired":true,"valueName":"search_term_string"}}],"inLanguage":"es"},{"@type":"Organization","@id":"https:\/\/acompanyamentfamiliar.com\/es\/#organization","name":"Acompanyament Familiar","url":"https:\/\/acompanyamentfamiliar.com\/es\/","logo":{"@type":"ImageObject","inLanguage":"es","@id":"https:\/\/acompanyamentfamiliar.com\/es\/#\/schema\/logo\/image\/","url":"https:\/\/acompanyamentfamiliar.com\/wp-content\/uploads\/2025\/03\/logo_acompanyamnet_familiar.png","contentUrl":"https:\/\/acompanyamentfamiliar.com\/wp-content\/uploads\/2025\/03\/logo_acompanyamnet_familiar.png","width":241,"height":126,"caption":"Acompanyament Familiar"},"image":{"@id":"https:\/\/acompanyamentfamiliar.com\/es\/#\/schema\/logo\/image\/"}}]}},"_links":{"self":[{"href":"https:\/\/acompanyamentfamiliar.com\/es\/wp-json\/wp\/v2\/pages\/537","targetHints":{"allow":["GET"]}}],"collection":[{"href":"https:\/\/acompanyamentfamiliar.com\/es\/wp-json\/wp\/v2\/pages"}],"about":[{"href":"https:\/\/acompanyamentfamiliar.com\/es\/wp-json\/wp\/v2\/types\/page"}],"author":[{"embeddable":true,"href":"https:\/\/acompanyamentfamiliar.com\/es\/wp-json\/wp\/v2\/users\/1"}],"replies":[{"embeddable":true,"href":"https:\/\/acompanyamentfamiliar.com\/es\/wp-json\/wp\/v2\/comments?post=537"}],"version-history":[{"count":25,"href":"https:\/\/acompanyamentfamiliar.com\/es\/wp-json\/wp\/v2\/pages\/537\/revisions"}],"predecessor-version":[{"id":1864,"href":"https:\/\/acompanyamentfamiliar.com\/es\/wp-json\/wp\/v2\/pages\/537\/revisions\/1864"}],"up":[{"embeddable":true,"href":"https:\/\/acompanyamentfamiliar.com\/es\/wp-json\/wp\/v2\/pages\/55"}],"wp:attachment":[{"href":"https:\/\/acompanyamentfamiliar.com\/es\/wp-json\/wp\/v2\/media?parent=537"}],"curies":[{"name":"wp","href":"https:\/\/api.w.org\/{rel}","templated":true}]}}