{"id":555,"date":"2025-04-13T09:28:54","date_gmt":"2025-04-13T09:28:54","guid":{"rendered":"https:\/\/acompanyamentfamiliar.com\/?page_id=555"},"modified":"2025-05-09T14:36:04","modified_gmt":"2025-05-09T14:36:04","slug":"elisenda-roig-2","status":"publish","type":"page","link":"https:\/\/acompanyamentfamiliar.com\/es\/equipo\/elisenda-roig-2\/","title":{"rendered":"Elisenda Roig"},"content":{"rendered":"\t\t<div data-elementor-type=\"wp-page\" data-elementor-id=\"555\" class=\"elementor elementor-555\" data-elementor-post-type=\"page\">\n\t\t\t\t<div class=\"elementor-element elementor-element-c451329 e-flex e-con-boxed e-con e-parent\" data-id=\"c451329\" data-element_type=\"container\" data-settings=\"{&quot;background_background&quot;:&quot;classic&quot;}\">\n\t\t\t\t\t<div class=\"e-con-inner\">\n\t\t<div class=\"elementor-element elementor-element-87d1828 e-con-full e-flex e-con e-child\" data-id=\"87d1828\" data-element_type=\"container\">\n\t\t<div class=\"elementor-element elementor-element-5c1ac32 e-con-full e-flex e-con e-child\" data-id=\"5c1ac32\" data-element_type=\"container\">\n\t\t\t\t<div class=\"elementor-element elementor-element-daa0fff elementor-widget elementor-widget-heading\" data-id=\"daa0fff\" data-element_type=\"widget\" data-widget_type=\"heading.default\">\n\t\t\t\t<div class=\"elementor-widget-container\">\n\t\t\t\t\t<h1 class=\"elementor-heading-title elementor-size-default\">Elisenda Roig<\/h1>\t\t\t\t<\/div>\n\t\t\t\t<\/div>\n\t\t\t\t<div class=\"elementor-element elementor-element-c69adf2 elementor-widget elementor-widget-text-editor\" data-id=\"c69adf2\" data-element_type=\"widget\" data-widget_type=\"text-editor.default\">\n\t\t\t\t<div class=\"elementor-widget-container\">\n\t\t\t\t\t\t\t\t\t<h2>Psic\u00f3loga sist\u00e9mica<\/h2>\n\t\t\t\t\t\t\t\t<\/div>\n\t\t\t\t<\/div>\n\t\t\t\t<\/div>\n\t\t<div class=\"elementor-element elementor-element-f701a00 e-con-full e-flex e-con e-child\" data-id=\"f701a00\" data-element_type=\"container\">\n\t\t\t\t<div class=\"elementor-element elementor-element-631e7f5 elementor-widget elementor-widget-image\" data-id=\"631e7f5\" data-element_type=\"widget\" data-widget_type=\"image.default\">\n\t\t\t\t<div class=\"elementor-widget-container\">\n\t\t\t\t\t\t\t\t\t\t\t\t\t\t\t<img fetchpriority=\"high\" decoding=\"async\" width=\"225\" height=\"225\" src=\"https:\/\/acompanyamentfamiliar.com\/wp-content\/uploads\/2025\/03\/elisenda-roig.jpeg\" class=\"attachment-large size-large wp-image-113\" alt=\"Elisenda Roig - Equip Acompanyament Familiar\" srcset=\"https:\/\/acompanyamentfamiliar.com\/wp-content\/uploads\/2025\/03\/elisenda-roig.jpeg 225w, https:\/\/acompanyamentfamiliar.com\/wp-content\/uploads\/2025\/03\/elisenda-roig-150x150.jpeg 150w\" sizes=\"(max-width: 225px) 100vw, 225px\" \/>\t\t\t\t\t\t\t\t\t\t\t\t\t\t\t<\/div>\n\t\t\t\t<\/div>\n\t\t\t\t<\/div>\n\t\t\t\t<\/div>\n\t\t\t\t\t<\/div>\n\t\t\t\t<\/div>\n\t\t<div class=\"elementor-element elementor-element-cdd850e e-flex e-con-boxed e-con e-parent\" data-id=\"cdd850e\" data-element_type=\"container\">\n\t\t\t\t\t<div class=\"e-con-inner\">\n\t\t<div class=\"elementor-element elementor-element-ea1c755 e-con-full e-flex e-con e-child\" data-id=\"ea1c755\" data-element_type=\"container\">\n\t\t<div class=\"elementor-element elementor-element-98730eb e-con-full e-flex e-con e-child\" data-id=\"98730eb\" data-element_type=\"container\">\n\t\t<div class=\"elementor-element elementor-element-95be84c e-con-full e-flex e-con e-child\" data-id=\"95be84c\" data-element_type=\"container\">\n\t\t\t\t<div class=\"elementor-element elementor-element-b8b77c0 elementor-widget elementor-widget-text-editor\" data-id=\"b8b77c0\" data-element_type=\"widget\" data-widget_type=\"text-editor.default\">\n\t\t\t\t<div class=\"elementor-widget-container\">\n\t\t\t\t\t\t\t\t\t<p>La Psicolog\u00eda me cautiv\u00f3 por dos razones. Por un lado, la voluntad de acompa\u00f1ar a las personas; y, por el otro, el compromiso vital de encontrar mi propia identidad libre de m\u00e1scaras y condicionamientos.<\/p><p>As\u00ed, desde siempre, la b\u00fasqueda de nuevas maneras de acompa\u00f1arme y acompa\u00f1ar, ha sido el motor que me ha llevado a adentrarme en disciplinas como las Constelaciones Familiares, la Pedagog\u00eda Sist\u00e9mica, la Kinesiolog\u00eda Hol\u00edstica y muchas otras m\u00e1s. Siempre con la voluntad de comprender c\u00f3mo se relacionan las emociones, el cuerpo, la energ\u00eda y la espiritualidad humana, y de qu\u00e9 manera poder estar m\u00e1s alineados.<\/p><p>Tener en cuenta esta visi\u00f3n integradora de la persona es lo que me permite unificar las herramientas aprendidas y ponerlas al servicio de la terapia, de la Vida y de m\u00ed misma para seguir caminando y acompa\u00f1ando las relaciones humanas desde una mayor autenticidad y con una mirada m\u00e1s amplia y profunda.<\/p><p>Querer entender las din\u00e1micas internas del ser humano me llev\u00f3 a <strong>licenciarme en Psicolog\u00eda<\/strong>. Durante los a\u00f1os de universidad no paraba de hacerme preguntas que la propia carrera de psicolog\u00eda no me respond\u00eda. Fue as\u00ed como paralelamente a la carrera me form\u00e9 en diferentes disciplinas como la <strong>PNL<\/strong>, la <strong>Kinesiolog\u00eda Hol\u00edstica<\/strong> o las<strong> Flores de Bach<\/strong>.<\/p>\t\t\t\t\t\t\t\t<\/div>\n\t\t\t\t<\/div>\n\t\t\t\t<\/div>\n\t\t<div class=\"elementor-element elementor-element-8fbbe80 e-con-full e-flex e-con e-child\" data-id=\"8fbbe80\" data-element_type=\"container\">\n\t\t\t\t<div class=\"elementor-element elementor-element-c97acc2 elementor-widget elementor-widget-text-editor\" data-id=\"c97acc2\" data-element_type=\"widget\" data-widget_type=\"text-editor.default\">\n\t\t\t\t<div class=\"elementor-widget-container\">\n\t\t\t\t\t\t\t\t\t<p>Aunque estas formaciones me permitieron entender muchas de las din\u00e1micas energ\u00e9ticas del cuerpo y las emociones, yo segu\u00eda sintiendo una falta de direccionalidad en mi mirada terap\u00e9utica. Necesitaba encontrar una explicaci\u00f3n del ser humano con la que me sintiera verdaderamente conectada, y me brindara unos cimientos con los que poder construir mi tipo de acompa\u00f1amiento terap\u00e9utico.<\/p><p>Poco despu\u00e9s de terminar la carrera, me interes\u00e9 por la <strong>Pedagog\u00eda Sist\u00e9mica<\/strong> y curs\u00e9 la formaci\u00f3n en el Instituto Gestalt. Esta formaci\u00f3n me llev\u00f3 a querer adentrarme m\u00e1s en el enfoque sist\u00e9mico, y sobre todo en c\u00f3mo poder plantearlo terap\u00e9uticamente. As\u00ed pues, el a\u00f1o siguiente inici\u00e9 la formaci\u00f3n de <strong>Constelaciones Familiares<\/strong> tambi\u00e9n en el Instituto Gestalt donde encontr\u00e9 la mirada terap\u00e9utica que hab\u00eda estado buscando desde hac\u00eda a\u00f1os. Me maravillaron las comprensiones en torno a las din\u00e1micas emocionales y c\u00f3mo acompa\u00f1arlas terap\u00e9uticamente.<\/p><p>Hoy en d\u00eda el enfoque Sist\u00e9mico es el que fundamenta mi acompa\u00f1amiento terap\u00e9utico todo y que no he dejado nunca de seguir form\u00e1ndome en distintos \u00e1mbitos de la psicolog\u00eda para seguir construyendo una mirada amplia e integradora del ser humano.<\/p>\t\t\t\t\t\t\t\t<\/div>\n\t\t\t\t<\/div>\n\t\t\t\t<\/div>\n\t\t\t\t<\/div>\n\t\t\t\t<\/div>\n\t\t\t\t\t<\/div>\n\t\t\t\t<\/div>\n\t\t\t\t<\/div>\n\t\t","protected":false},"excerpt":{"rendered":"<p>Elisenda Roig Psic\u00f3loga sist\u00e9mica La Psicolog\u00eda me cautiv\u00f3 por dos razones. Por un lado, la voluntad de acompa\u00f1ar a las personas; y, por el otro, el compromiso vital de encontrar mi propia identidad libre de m\u00e1scaras y condicionamientos. As\u00ed, desde siempre, la b\u00fasqueda de nuevas maneras de acompa\u00f1arme y acompa\u00f1ar, ha sido el motor que [&hellip;]<\/p>\n","protected":false},"author":1,"featured_media":0,"parent":55,"menu_order":0,"comment_status":"closed","ping_status":"closed","template":"","meta":{"footnotes":""},"class_list":["post-555","page","type-page","status-publish","hentry"],"yoast_head":"<!-- This site is optimized with the Yoast SEO plugin v26.8 - https:\/\/yoast.com\/product\/yoast-seo-wordpress\/ -->\n<title>Elisenda Roig - Acompanyament Familiar<\/title>\n<meta name=\"robots\" content=\"index, follow, max-snippet:-1, max-image-preview:large, max-video-preview:-1\" \/>\n<link rel=\"canonical\" href=\"https:\/\/acompanyamentfamiliar.com\/es\/equipo\/elisenda-roig-2\/\" \/>\n<meta property=\"og:locale\" content=\"es_ES\" \/>\n<meta property=\"og:type\" content=\"article\" \/>\n<meta property=\"og:title\" content=\"Elisenda Roig - Acompanyament Familiar\" \/>\n<meta property=\"og:description\" content=\"Elisenda Roig Psic\u00f3loga sist\u00e9mica La Psicolog\u00eda me cautiv\u00f3 por dos razones. Por un lado, la voluntad de acompa\u00f1ar a las personas; y, por el otro, el compromiso vital de encontrar mi propia identidad libre de m\u00e1scaras y condicionamientos. As\u00ed, desde siempre, la b\u00fasqueda de nuevas maneras de acompa\u00f1arme y acompa\u00f1ar, ha sido el motor que [&hellip;]\" \/>\n<meta property=\"og:url\" content=\"https:\/\/acompanyamentfamiliar.com\/es\/equipo\/elisenda-roig-2\/\" \/>\n<meta property=\"og:site_name\" content=\"Acompanyament Familiar\" \/>\n<meta property=\"article:modified_time\" content=\"2025-05-09T14:36:04+00:00\" \/>\n<meta property=\"og:image\" content=\"https:\/\/acompanyamentfamiliar.com\/wp-content\/uploads\/2025\/03\/elisenda-roig.jpeg\" \/>\n\t<meta property=\"og:image:width\" content=\"225\" \/>\n\t<meta property=\"og:image:height\" content=\"225\" \/>\n\t<meta property=\"og:image:type\" content=\"image\/jpeg\" \/>\n<meta name=\"twitter:card\" content=\"summary_large_image\" \/>\n<meta name=\"twitter:label1\" content=\"Tiempo de lectura\" \/>\n\t<meta name=\"twitter:data1\" content=\"2 minutos\" \/>\n<script type=\"application\/ld+json\" class=\"yoast-schema-graph\">{\"@context\":\"https:\/\/schema.org\",\"@graph\":[{\"@type\":\"WebPage\",\"@id\":\"https:\/\/acompanyamentfamiliar.com\/es\/equipo\/elisenda-roig-2\/\",\"url\":\"https:\/\/acompanyamentfamiliar.com\/es\/equipo\/elisenda-roig-2\/\",\"name\":\"Elisenda Roig - Acompanyament Familiar\",\"isPartOf\":{\"@id\":\"https:\/\/acompanyamentfamiliar.com\/es\/#website\"},\"primaryImageOfPage\":{\"@id\":\"https:\/\/acompanyamentfamiliar.com\/es\/equipo\/elisenda-roig-2\/#primaryimage\"},\"image\":{\"@id\":\"https:\/\/acompanyamentfamiliar.com\/es\/equipo\/elisenda-roig-2\/#primaryimage\"},\"thumbnailUrl\":\"https:\/\/acompanyamentfamiliar.com\/wp-content\/uploads\/2025\/03\/elisenda-roig.jpeg\",\"datePublished\":\"2025-04-13T09:28:54+00:00\",\"dateModified\":\"2025-05-09T14:36:04+00:00\",\"breadcrumb\":{\"@id\":\"https:\/\/acompanyamentfamiliar.com\/es\/equipo\/elisenda-roig-2\/#breadcrumb\"},\"inLanguage\":\"es\",\"potentialAction\":[{\"@type\":\"ReadAction\",\"target\":[\"https:\/\/acompanyamentfamiliar.com\/es\/equipo\/elisenda-roig-2\/\"]}]},{\"@type\":\"ImageObject\",\"inLanguage\":\"es\",\"@id\":\"https:\/\/acompanyamentfamiliar.com\/es\/equipo\/elisenda-roig-2\/#primaryimage\",\"url\":\"https:\/\/acompanyamentfamiliar.com\/wp-content\/uploads\/2025\/03\/elisenda-roig.jpeg\",\"contentUrl\":\"https:\/\/acompanyamentfamiliar.com\/wp-content\/uploads\/2025\/03\/elisenda-roig.jpeg\"},{\"@type\":\"BreadcrumbList\",\"@id\":\"https:\/\/acompanyamentfamiliar.com\/es\/equipo\/elisenda-roig-2\/#breadcrumb\",\"itemListElement\":[{\"@type\":\"ListItem\",\"position\":1,\"name\":\"Portada\",\"item\":\"https:\/\/acompanyamentfamiliar.com\/es\/\"},{\"@type\":\"ListItem\",\"position\":2,\"name\":\"Centro de Psic\u00f3logos de Barcelona\",\"item\":\"https:\/\/acompanyamentfamiliar.com\/es\/equipo\/\"},{\"@type\":\"ListItem\",\"position\":3,\"name\":\"Elisenda Roig\"}]},{\"@type\":\"WebSite\",\"@id\":\"https:\/\/acompanyamentfamiliar.com\/es\/#website\",\"url\":\"https:\/\/acompanyamentfamiliar.com\/es\/\",\"name\":\"Acompanyament Familiar\",\"description\":\"Psic\u00f3logas en Barcelona: Acompa\u00f1amiento familiar\",\"publisher\":{\"@id\":\"https:\/\/acompanyamentfamiliar.com\/es\/#organization\"},\"potentialAction\":[{\"@type\":\"SearchAction\",\"target\":{\"@type\":\"EntryPoint\",\"urlTemplate\":\"https:\/\/acompanyamentfamiliar.com\/es\/?s={search_term_string}\"},\"query-input\":{\"@type\":\"PropertyValueSpecification\",\"valueRequired\":true,\"valueName\":\"search_term_string\"}}],\"inLanguage\":\"es\"},{\"@type\":\"Organization\",\"@id\":\"https:\/\/acompanyamentfamiliar.com\/es\/#organization\",\"name\":\"Acompanyament Familiar\",\"url\":\"https:\/\/acompanyamentfamiliar.com\/es\/\",\"logo\":{\"@type\":\"ImageObject\",\"inLanguage\":\"es\",\"@id\":\"https:\/\/acompanyamentfamiliar.com\/es\/#\/schema\/logo\/image\/\",\"url\":\"https:\/\/acompanyamentfamiliar.com\/wp-content\/uploads\/2025\/03\/logo_acompanyamnet_familiar.png\",\"contentUrl\":\"https:\/\/acompanyamentfamiliar.com\/wp-content\/uploads\/2025\/03\/logo_acompanyamnet_familiar.png\",\"width\":241,\"height\":126,\"caption\":\"Acompanyament Familiar\"},\"image\":{\"@id\":\"https:\/\/acompanyamentfamiliar.com\/es\/#\/schema\/logo\/image\/\"}}]}<\/script>\n<!-- \/ Yoast SEO plugin. -->","yoast_head_json":{"title":"Elisenda Roig - Acompanyament Familiar","robots":{"index":"index","follow":"follow","max-snippet":"max-snippet:-1","max-image-preview":"max-image-preview:large","max-video-preview":"max-video-preview:-1"},"canonical":"https:\/\/acompanyamentfamiliar.com\/es\/equipo\/elisenda-roig-2\/","og_locale":"es_ES","og_type":"article","og_title":"Elisenda Roig - Acompanyament Familiar","og_description":"Elisenda Roig Psic\u00f3loga sist\u00e9mica La Psicolog\u00eda me cautiv\u00f3 por dos razones. Por un lado, la voluntad de acompa\u00f1ar a las personas; y, por el otro, el compromiso vital de encontrar mi propia identidad libre de m\u00e1scaras y condicionamientos. As\u00ed, desde siempre, la b\u00fasqueda de nuevas maneras de acompa\u00f1arme y acompa\u00f1ar, ha sido el motor que [&hellip;]","og_url":"https:\/\/acompanyamentfamiliar.com\/es\/equipo\/elisenda-roig-2\/","og_site_name":"Acompanyament Familiar","article_modified_time":"2025-05-09T14:36:04+00:00","og_image":[{"width":225,"height":225,"url":"https:\/\/acompanyamentfamiliar.com\/wp-content\/uploads\/2025\/03\/elisenda-roig.jpeg","type":"image\/jpeg"}],"twitter_card":"summary_large_image","twitter_misc":{"Tiempo de lectura":"2 minutos"},"schema":{"@context":"https:\/\/schema.org","@graph":[{"@type":"WebPage","@id":"https:\/\/acompanyamentfamiliar.com\/es\/equipo\/elisenda-roig-2\/","url":"https:\/\/acompanyamentfamiliar.com\/es\/equipo\/elisenda-roig-2\/","name":"Elisenda Roig - Acompanyament Familiar","isPartOf":{"@id":"https:\/\/acompanyamentfamiliar.com\/es\/#website"},"primaryImageOfPage":{"@id":"https:\/\/acompanyamentfamiliar.com\/es\/equipo\/elisenda-roig-2\/#primaryimage"},"image":{"@id":"https:\/\/acompanyamentfamiliar.com\/es\/equipo\/elisenda-roig-2\/#primaryimage"},"thumbnailUrl":"https:\/\/acompanyamentfamiliar.com\/wp-content\/uploads\/2025\/03\/elisenda-roig.jpeg","datePublished":"2025-04-13T09:28:54+00:00","dateModified":"2025-05-09T14:36:04+00:00","breadcrumb":{"@id":"https:\/\/acompanyamentfamiliar.com\/es\/equipo\/elisenda-roig-2\/#breadcrumb"},"inLanguage":"es","potentialAction":[{"@type":"ReadAction","target":["https:\/\/acompanyamentfamiliar.com\/es\/equipo\/elisenda-roig-2\/"]}]},{"@type":"ImageObject","inLanguage":"es","@id":"https:\/\/acompanyamentfamiliar.com\/es\/equipo\/elisenda-roig-2\/#primaryimage","url":"https:\/\/acompanyamentfamiliar.com\/wp-content\/uploads\/2025\/03\/elisenda-roig.jpeg","contentUrl":"https:\/\/acompanyamentfamiliar.com\/wp-content\/uploads\/2025\/03\/elisenda-roig.jpeg"},{"@type":"BreadcrumbList","@id":"https:\/\/acompanyamentfamiliar.com\/es\/equipo\/elisenda-roig-2\/#breadcrumb","itemListElement":[{"@type":"ListItem","position":1,"name":"Portada","item":"https:\/\/acompanyamentfamiliar.com\/es\/"},{"@type":"ListItem","position":2,"name":"Centro de Psic\u00f3logos de Barcelona","item":"https:\/\/acompanyamentfamiliar.com\/es\/equipo\/"},{"@type":"ListItem","position":3,"name":"Elisenda Roig"}]},{"@type":"WebSite","@id":"https:\/\/acompanyamentfamiliar.com\/es\/#website","url":"https:\/\/acompanyamentfamiliar.com\/es\/","name":"Acompanyament Familiar","description":"Psic\u00f3logas en Barcelona: Acompa\u00f1amiento familiar","publisher":{"@id":"https:\/\/acompanyamentfamiliar.com\/es\/#organization"},"potentialAction":[{"@type":"SearchAction","target":{"@type":"EntryPoint","urlTemplate":"https:\/\/acompanyamentfamiliar.com\/es\/?s={search_term_string}"},"query-input":{"@type":"PropertyValueSpecification","valueRequired":true,"valueName":"search_term_string"}}],"inLanguage":"es"},{"@type":"Organization","@id":"https:\/\/acompanyamentfamiliar.com\/es\/#organization","name":"Acompanyament Familiar","url":"https:\/\/acompanyamentfamiliar.com\/es\/","logo":{"@type":"ImageObject","inLanguage":"es","@id":"https:\/\/acompanyamentfamiliar.com\/es\/#\/schema\/logo\/image\/","url":"https:\/\/acompanyamentfamiliar.com\/wp-content\/uploads\/2025\/03\/logo_acompanyamnet_familiar.png","contentUrl":"https:\/\/acompanyamentfamiliar.com\/wp-content\/uploads\/2025\/03\/logo_acompanyamnet_familiar.png","width":241,"height":126,"caption":"Acompanyament Familiar"},"image":{"@id":"https:\/\/acompanyamentfamiliar.com\/es\/#\/schema\/logo\/image\/"}}]}},"_links":{"self":[{"href":"https:\/\/acompanyamentfamiliar.com\/es\/wp-json\/wp\/v2\/pages\/555","targetHints":{"allow":["GET"]}}],"collection":[{"href":"https:\/\/acompanyamentfamiliar.com\/es\/wp-json\/wp\/v2\/pages"}],"about":[{"href":"https:\/\/acompanyamentfamiliar.com\/es\/wp-json\/wp\/v2\/types\/page"}],"author":[{"embeddable":true,"href":"https:\/\/acompanyamentfamiliar.com\/es\/wp-json\/wp\/v2\/users\/1"}],"replies":[{"embeddable":true,"href":"https:\/\/acompanyamentfamiliar.com\/es\/wp-json\/wp\/v2\/comments?post=555"}],"version-history":[{"count":11,"href":"https:\/\/acompanyamentfamiliar.com\/es\/wp-json\/wp\/v2\/pages\/555\/revisions"}],"predecessor-version":[{"id":2019,"href":"https:\/\/acompanyamentfamiliar.com\/es\/wp-json\/wp\/v2\/pages\/555\/revisions\/2019"}],"up":[{"embeddable":true,"href":"https:\/\/acompanyamentfamiliar.com\/es\/wp-json\/wp\/v2\/pages\/55"}],"wp:attachment":[{"href":"https:\/\/acompanyamentfamiliar.com\/es\/wp-json\/wp\/v2\/media?parent=555"}],"curies":[{"name":"wp","href":"https:\/\/api.w.org\/{rel}","templated":true}]}}