{"id":561,"date":"2025-04-13T09:30:05","date_gmt":"2025-04-13T09:30:05","guid":{"rendered":"https:\/\/acompanyamentfamiliar.com\/?page_id=561"},"modified":"2025-10-27T22:05:18","modified_gmt":"2025-10-27T22:05:18","slug":"naima-salra-2","status":"publish","type":"page","link":"https:\/\/acompanyamentfamiliar.com\/es\/equipo\/naima-salra-2\/","title":{"rendered":"Naima Salr\u00e0"},"content":{"rendered":"\t\t<div data-elementor-type=\"wp-page\" data-elementor-id=\"561\" class=\"elementor elementor-561\" data-elementor-post-type=\"page\">\n\t\t\t\t<div class=\"elementor-element elementor-element-c451329 e-flex e-con-boxed e-con e-parent\" data-id=\"c451329\" data-element_type=\"container\" data-settings=\"{&quot;background_background&quot;:&quot;classic&quot;}\">\n\t\t\t\t\t<div class=\"e-con-inner\">\n\t\t<div class=\"elementor-element elementor-element-87d1828 e-con-full e-flex e-con e-child\" data-id=\"87d1828\" data-element_type=\"container\">\n\t\t<div class=\"elementor-element elementor-element-5c1ac32 e-con-full e-flex e-con e-child\" data-id=\"5c1ac32\" data-element_type=\"container\">\n\t\t\t\t<div class=\"elementor-element elementor-element-daa0fff elementor-widget elementor-widget-heading\" data-id=\"daa0fff\" data-element_type=\"widget\" data-widget_type=\"heading.default\">\n\t\t\t\t<div class=\"elementor-widget-container\">\n\t\t\t\t\t<h1 class=\"elementor-heading-title elementor-size-default\">Naima Salr\u00e0 <\/h1>\t\t\t\t<\/div>\n\t\t\t\t<\/div>\n\t\t\t\t<div class=\"elementor-element elementor-element-c69adf2 elementor-widget elementor-widget-text-editor\" data-id=\"c69adf2\" data-element_type=\"widget\" data-widget_type=\"text-editor.default\">\n\t\t\t\t<div class=\"elementor-widget-container\">\n\t\t\t\t\t\t\t\t\t<h2>Coordinadora. Psic\u00f3loga infanto-juvenil, familiar, individual y de pareja<\/h2>\t\t\t\t\t\t\t\t<\/div>\n\t\t\t\t<\/div>\n\t\t\t\t<\/div>\n\t\t<div class=\"elementor-element elementor-element-f701a00 e-con-full e-flex e-con e-child\" data-id=\"f701a00\" data-element_type=\"container\">\n\t\t\t\t<div class=\"elementor-element elementor-element-631e7f5 elementor-widget elementor-widget-image\" data-id=\"631e7f5\" data-element_type=\"widget\" data-widget_type=\"image.default\">\n\t\t\t\t<div class=\"elementor-widget-container\">\n\t\t\t\t\t\t\t\t\t\t\t\t\t\t\t<img fetchpriority=\"high\" decoding=\"async\" width=\"225\" height=\"225\" src=\"https:\/\/acompanyamentfamiliar.com\/wp-content\/uploads\/2025\/03\/naima-salra.png\" class=\"attachment-large size-large wp-image-114\" alt=\"Naima Salr\u00e0 - Equip Acompanyament Familiar\" srcset=\"https:\/\/acompanyamentfamiliar.com\/wp-content\/uploads\/2025\/03\/naima-salra.png 225w, https:\/\/acompanyamentfamiliar.com\/wp-content\/uploads\/2025\/03\/naima-salra-150x150.png 150w\" sizes=\"(max-width: 225px) 100vw, 225px\" \/>\t\t\t\t\t\t\t\t\t\t\t\t\t\t\t<\/div>\n\t\t\t\t<\/div>\n\t\t\t\t<\/div>\n\t\t\t\t<\/div>\n\t\t\t\t\t<\/div>\n\t\t\t\t<\/div>\n\t\t<div class=\"elementor-element elementor-element-cdd850e e-flex e-con-boxed e-con e-parent\" data-id=\"cdd850e\" data-element_type=\"container\">\n\t\t\t\t\t<div class=\"e-con-inner\">\n\t\t<div class=\"elementor-element elementor-element-ea1c755 e-con-full e-flex e-con e-child\" data-id=\"ea1c755\" data-element_type=\"container\">\n\t\t<div class=\"elementor-element elementor-element-98730eb e-con-full e-flex e-con e-child\" data-id=\"98730eb\" data-element_type=\"container\">\n\t\t<div class=\"elementor-element elementor-element-95be84c e-con-full e-flex e-con e-child\" data-id=\"95be84c\" data-element_type=\"container\">\n\t\t\t\t<div class=\"elementor-element elementor-element-b8b77c0 elementor-widget elementor-widget-text-editor\" data-id=\"b8b77c0\" data-element_type=\"widget\" data-widget_type=\"text-editor.default\">\n\t\t\t\t<div class=\"elementor-widget-container\">\n\t\t\t\t\t\t\t\t\t<p>Estudi\u00e9<strong> psicolog\u00eda<\/strong> por casualidad o mejor dicho, por <strong>causalidad<\/strong>. Inicialmente me interes\u00e9 por el mundo de la diversidad funcional y trabaj\u00e9 como educadora con menores y adultos con diversidad intelectual y f\u00edsica. A medida que iba avanzando la experiencia en la universidad, sobre todo las reflexiones e investigaciones \u00abextraescolares\u00bb, me fui adentrando en el propio crecimiento personal.<\/p><p class=\"ql-align-justify\">Me apasiona el mundo de la psique y su capacidad luminosa cuando ordenas, comprendes, aceptas y reconstruyes. Quiero acompa\u00f1ar a los dem\u00e1s en procesos de crecimiento y de bienestar emocional, una manera de compartir y empatizar con el propio proceso supongo. Para realizarlo ten\u00eda que empezar desde el principio, desde el foco, la infancia, por eso me especialic\u00e9 en ella en el <strong>M\u00e1ster de Psicolog\u00eda Cl\u00ednica y de la Salud (UB) especialidad infanto-juvenil<\/strong>. Es fant\u00e1stico, compaginar mi gozo de relaci\u00f3n con ni\u00f1os\/as con el trabajo. Disfruto compartiendo este espacio tan \u00edntimo, aut\u00e9ntico y a la vez vulnerable.<\/p><p class=\"ql-align-justify\">Aun as\u00ed, sent\u00eda que ten\u00eda que ir m\u00e1s all\u00e1, \u00bfc\u00f3mo prevenir y disminuir la probabilidad de que estos ni\u00f1xs tuvieran que llegar a terapia? \u00bfC\u00f3mo promover la salud emocional desde el inicio? La respuesta fue clara, desde la educaci\u00f3n, es as\u00ed como conoc\u00ed la <strong>educaci\u00f3n viva<\/strong> a trav\u00e9s de la Ver\u00f3nica Ant\u00f3n en Congreso Indianos y la psicomotricidad, por eso me fui a La Caseta y posteriormente al Roure. C\u00f3mo no destacar tambi\u00e9n el gran mundo de la <strong>psicomotricidad<\/strong>, donde gracias al posgrado que hice en la AEC pude formarme como psicomotricista, la gran herramienta para la infancia y su relaci\u00f3n con iguales y con la familia. As\u00ed comenz\u00f3 mi etapa en el \u00e1rea de la <strong>familia<\/strong> como base del desarrollo infantil. Me form\u00e9 con Xavier Sempere como <strong>terapeuta multifamiliar<\/strong>, el gran combo donde el centro es la persona\/familia y el grupo hace de espejo de vivencias personales y de otras realidades posibles.<\/p>\t\t\t\t\t\t\t\t<\/div>\n\t\t\t\t<\/div>\n\t\t\t\t<\/div>\n\t\t<div class=\"elementor-element elementor-element-8fbbe80 e-con-full e-flex e-con e-child\" data-id=\"8fbbe80\" data-element_type=\"container\">\n\t\t\t\t<div class=\"elementor-element elementor-element-c97acc2 elementor-widget elementor-widget-text-editor\" data-id=\"c97acc2\" data-element_type=\"widget\" data-widget_type=\"text-editor.default\">\n\t\t\t\t<div class=\"elementor-widget-container\">\n\t\t\t\t\t\t\t\t\t<p class=\"ql-align-justify\">Con este recorrido, siempre aplicando las t\u00e9cnicas de crecimiento personal que he ido recogiendo en el propio camino, es como desarroll\u00e9 diferentes proyectos: <strong>grupos de<\/strong> <strong>educaci\u00f3n emocional<\/strong> con ni\u00f1os, madres y padres, <strong>grupos de psicomotricidad en familia<\/strong> (de los 0 a los 7 a\u00f1os) y <strong>grupos multifamiliares<\/strong> (de los 8 al 18 a\u00f1os). El formato GRUP es un factor com\u00fan en mi trayectoria, donde la voy a formalizar con el <strong>Posgrado en habilidades de liderazgo y conducci\u00f3n de grupos (UB).<\/strong><\/p><p class=\"ql-align-justify\">Una nueva puerta se abri\u00f3 a mi vida para seguir creciendo a nivel personal y tambi\u00e9n profesional: la <strong>maternidad<\/strong>, \u00a1con dos preciosidades de golpe! \u00a1Qu\u00e9 sacudida la vida! Una nueva realidad, un nuevo orden y un nuevo volverme a redescubrir como madre. Desde aqu\u00ed di un salto al empezar a acompa\u00f1ar a personas adultas a t\u00edtulo individual que de alguna manera ya estaba haciendo con la mirada familiar y a quien la propia experiencia me acercaba.<\/p><p class=\"ql-align-justify\">Mi \u00faltima especializaci\u00f3n ha sido la pareja, con una formaci\u00f3n en <strong>terapia de pareja con una mirada integradora,<\/strong> un subsistema de vital importancia dentro de la familia.<\/p><p class=\"ql-align-justify\">El siguiente paso que ya he empezado a dar&#8230; en el <strong>trabajo corporal<\/strong> para el <strong>tratamiento del trauma<\/strong>.<\/p><p class=\"ql-align-justify\">Un placer estar al servicio de todas las personas a las que a trav\u00e9s de Acompa\u00f1amiento Familiar puedo llegar, gracias por hacerlo posible.\u00a0<\/p>\t\t\t\t\t\t\t\t<\/div>\n\t\t\t\t<\/div>\n\t\t\t\t<\/div>\n\t\t\t\t<\/div>\n\t\t\t\t<\/div>\n\t\t\t\t\t<\/div>\n\t\t\t\t<\/div>\n\t\t\t\t<\/div>\n\t\t","protected":false},"excerpt":{"rendered":"<p>Naima Salr\u00e0 Coordinadora. Psic\u00f3loga infanto-juvenil, familiar, individual y de pareja Estudi\u00e9 psicolog\u00eda por casualidad o mejor dicho, por causalidad. Inicialmente me interes\u00e9 por el mundo de la diversidad funcional y trabaj\u00e9 como educadora con menores y adultos con diversidad intelectual y f\u00edsica. A medida que iba avanzando la experiencia en la universidad, sobre todo las [&hellip;]<\/p>\n","protected":false},"author":1,"featured_media":0,"parent":55,"menu_order":0,"comment_status":"closed","ping_status":"closed","template":"","meta":{"footnotes":""},"class_list":["post-561","page","type-page","status-publish","hentry"],"yoast_head":"<!-- This site is optimized with the Yoast SEO plugin v26.8 - https:\/\/yoast.com\/product\/yoast-seo-wordpress\/ -->\n<title>Naima Salr\u00e0 - Acompanyament Familiar<\/title>\n<meta name=\"robots\" content=\"index, follow, max-snippet:-1, max-image-preview:large, max-video-preview:-1\" \/>\n<link rel=\"canonical\" href=\"https:\/\/acompanyamentfamiliar.com\/es\/equipo\/naima-salra-2\/\" \/>\n<meta property=\"og:locale\" content=\"es_ES\" \/>\n<meta property=\"og:type\" content=\"article\" \/>\n<meta property=\"og:title\" content=\"Naima Salr\u00e0 - Acompanyament Familiar\" \/>\n<meta property=\"og:description\" content=\"Naima Salr\u00e0 Coordinadora. Psic\u00f3loga infanto-juvenil, familiar, individual y de pareja Estudi\u00e9 psicolog\u00eda por casualidad o mejor dicho, por causalidad. Inicialmente me interes\u00e9 por el mundo de la diversidad funcional y trabaj\u00e9 como educadora con menores y adultos con diversidad intelectual y f\u00edsica. A medida que iba avanzando la experiencia en la universidad, sobre todo las [&hellip;]\" \/>\n<meta property=\"og:url\" content=\"https:\/\/acompanyamentfamiliar.com\/es\/equipo\/naima-salra-2\/\" \/>\n<meta property=\"og:site_name\" content=\"Acompanyament Familiar\" \/>\n<meta property=\"article:modified_time\" content=\"2025-10-27T22:05:18+00:00\" \/>\n<meta property=\"og:image\" content=\"https:\/\/acompanyamentfamiliar.com\/wp-content\/uploads\/2025\/03\/naima-salra.png\" \/>\n\t<meta property=\"og:image:width\" content=\"225\" \/>\n\t<meta property=\"og:image:height\" content=\"225\" \/>\n\t<meta property=\"og:image:type\" content=\"image\/png\" \/>\n<meta name=\"twitter:card\" content=\"summary_large_image\" \/>\n<meta name=\"twitter:label1\" content=\"Tiempo de lectura\" \/>\n\t<meta name=\"twitter:data1\" content=\"3 minutos\" \/>\n<script type=\"application\/ld+json\" class=\"yoast-schema-graph\">{\"@context\":\"https:\/\/schema.org\",\"@graph\":[{\"@type\":\"WebPage\",\"@id\":\"https:\/\/acompanyamentfamiliar.com\/es\/equipo\/naima-salra-2\/\",\"url\":\"https:\/\/acompanyamentfamiliar.com\/es\/equipo\/naima-salra-2\/\",\"name\":\"Naima Salr\u00e0 - Acompanyament Familiar\",\"isPartOf\":{\"@id\":\"https:\/\/acompanyamentfamiliar.com\/es\/#website\"},\"primaryImageOfPage\":{\"@id\":\"https:\/\/acompanyamentfamiliar.com\/es\/equipo\/naima-salra-2\/#primaryimage\"},\"image\":{\"@id\":\"https:\/\/acompanyamentfamiliar.com\/es\/equipo\/naima-salra-2\/#primaryimage\"},\"thumbnailUrl\":\"https:\/\/acompanyamentfamiliar.com\/wp-content\/uploads\/2025\/03\/naima-salra.png\",\"datePublished\":\"2025-04-13T09:30:05+00:00\",\"dateModified\":\"2025-10-27T22:05:18+00:00\",\"breadcrumb\":{\"@id\":\"https:\/\/acompanyamentfamiliar.com\/es\/equipo\/naima-salra-2\/#breadcrumb\"},\"inLanguage\":\"es\",\"potentialAction\":[{\"@type\":\"ReadAction\",\"target\":[\"https:\/\/acompanyamentfamiliar.com\/es\/equipo\/naima-salra-2\/\"]}]},{\"@type\":\"ImageObject\",\"inLanguage\":\"es\",\"@id\":\"https:\/\/acompanyamentfamiliar.com\/es\/equipo\/naima-salra-2\/#primaryimage\",\"url\":\"https:\/\/acompanyamentfamiliar.com\/wp-content\/uploads\/2025\/03\/naima-salra.png\",\"contentUrl\":\"https:\/\/acompanyamentfamiliar.com\/wp-content\/uploads\/2025\/03\/naima-salra.png\"},{\"@type\":\"BreadcrumbList\",\"@id\":\"https:\/\/acompanyamentfamiliar.com\/es\/equipo\/naima-salra-2\/#breadcrumb\",\"itemListElement\":[{\"@type\":\"ListItem\",\"position\":1,\"name\":\"Portada\",\"item\":\"https:\/\/acompanyamentfamiliar.com\/es\/\"},{\"@type\":\"ListItem\",\"position\":2,\"name\":\"Centro de Psic\u00f3logos de Barcelona\",\"item\":\"https:\/\/acompanyamentfamiliar.com\/es\/equipo\/\"},{\"@type\":\"ListItem\",\"position\":3,\"name\":\"Naima Salr\u00e0\"}]},{\"@type\":\"WebSite\",\"@id\":\"https:\/\/acompanyamentfamiliar.com\/es\/#website\",\"url\":\"https:\/\/acompanyamentfamiliar.com\/es\/\",\"name\":\"Acompanyament Familiar\",\"description\":\"Psic\u00f3logas en Barcelona: Acompa\u00f1amiento familiar\",\"publisher\":{\"@id\":\"https:\/\/acompanyamentfamiliar.com\/es\/#organization\"},\"potentialAction\":[{\"@type\":\"SearchAction\",\"target\":{\"@type\":\"EntryPoint\",\"urlTemplate\":\"https:\/\/acompanyamentfamiliar.com\/es\/?s={search_term_string}\"},\"query-input\":{\"@type\":\"PropertyValueSpecification\",\"valueRequired\":true,\"valueName\":\"search_term_string\"}}],\"inLanguage\":\"es\"},{\"@type\":\"Organization\",\"@id\":\"https:\/\/acompanyamentfamiliar.com\/es\/#organization\",\"name\":\"Acompanyament Familiar\",\"url\":\"https:\/\/acompanyamentfamiliar.com\/es\/\",\"logo\":{\"@type\":\"ImageObject\",\"inLanguage\":\"es\",\"@id\":\"https:\/\/acompanyamentfamiliar.com\/es\/#\/schema\/logo\/image\/\",\"url\":\"https:\/\/acompanyamentfamiliar.com\/wp-content\/uploads\/2025\/03\/logo_acompanyamnet_familiar.png\",\"contentUrl\":\"https:\/\/acompanyamentfamiliar.com\/wp-content\/uploads\/2025\/03\/logo_acompanyamnet_familiar.png\",\"width\":241,\"height\":126,\"caption\":\"Acompanyament Familiar\"},\"image\":{\"@id\":\"https:\/\/acompanyamentfamiliar.com\/es\/#\/schema\/logo\/image\/\"}}]}<\/script>\n<!-- \/ Yoast SEO plugin. -->","yoast_head_json":{"title":"Naima Salr\u00e0 - Acompanyament Familiar","robots":{"index":"index","follow":"follow","max-snippet":"max-snippet:-1","max-image-preview":"max-image-preview:large","max-video-preview":"max-video-preview:-1"},"canonical":"https:\/\/acompanyamentfamiliar.com\/es\/equipo\/naima-salra-2\/","og_locale":"es_ES","og_type":"article","og_title":"Naima Salr\u00e0 - Acompanyament Familiar","og_description":"Naima Salr\u00e0 Coordinadora. Psic\u00f3loga infanto-juvenil, familiar, individual y de pareja Estudi\u00e9 psicolog\u00eda por casualidad o mejor dicho, por causalidad. Inicialmente me interes\u00e9 por el mundo de la diversidad funcional y trabaj\u00e9 como educadora con menores y adultos con diversidad intelectual y f\u00edsica. A medida que iba avanzando la experiencia en la universidad, sobre todo las [&hellip;]","og_url":"https:\/\/acompanyamentfamiliar.com\/es\/equipo\/naima-salra-2\/","og_site_name":"Acompanyament Familiar","article_modified_time":"2025-10-27T22:05:18+00:00","og_image":[{"width":225,"height":225,"url":"https:\/\/acompanyamentfamiliar.com\/wp-content\/uploads\/2025\/03\/naima-salra.png","type":"image\/png"}],"twitter_card":"summary_large_image","twitter_misc":{"Tiempo de lectura":"3 minutos"},"schema":{"@context":"https:\/\/schema.org","@graph":[{"@type":"WebPage","@id":"https:\/\/acompanyamentfamiliar.com\/es\/equipo\/naima-salra-2\/","url":"https:\/\/acompanyamentfamiliar.com\/es\/equipo\/naima-salra-2\/","name":"Naima Salr\u00e0 - Acompanyament Familiar","isPartOf":{"@id":"https:\/\/acompanyamentfamiliar.com\/es\/#website"},"primaryImageOfPage":{"@id":"https:\/\/acompanyamentfamiliar.com\/es\/equipo\/naima-salra-2\/#primaryimage"},"image":{"@id":"https:\/\/acompanyamentfamiliar.com\/es\/equipo\/naima-salra-2\/#primaryimage"},"thumbnailUrl":"https:\/\/acompanyamentfamiliar.com\/wp-content\/uploads\/2025\/03\/naima-salra.png","datePublished":"2025-04-13T09:30:05+00:00","dateModified":"2025-10-27T22:05:18+00:00","breadcrumb":{"@id":"https:\/\/acompanyamentfamiliar.com\/es\/equipo\/naima-salra-2\/#breadcrumb"},"inLanguage":"es","potentialAction":[{"@type":"ReadAction","target":["https:\/\/acompanyamentfamiliar.com\/es\/equipo\/naima-salra-2\/"]}]},{"@type":"ImageObject","inLanguage":"es","@id":"https:\/\/acompanyamentfamiliar.com\/es\/equipo\/naima-salra-2\/#primaryimage","url":"https:\/\/acompanyamentfamiliar.com\/wp-content\/uploads\/2025\/03\/naima-salra.png","contentUrl":"https:\/\/acompanyamentfamiliar.com\/wp-content\/uploads\/2025\/03\/naima-salra.png"},{"@type":"BreadcrumbList","@id":"https:\/\/acompanyamentfamiliar.com\/es\/equipo\/naima-salra-2\/#breadcrumb","itemListElement":[{"@type":"ListItem","position":1,"name":"Portada","item":"https:\/\/acompanyamentfamiliar.com\/es\/"},{"@type":"ListItem","position":2,"name":"Centro de Psic\u00f3logos de Barcelona","item":"https:\/\/acompanyamentfamiliar.com\/es\/equipo\/"},{"@type":"ListItem","position":3,"name":"Naima Salr\u00e0"}]},{"@type":"WebSite","@id":"https:\/\/acompanyamentfamiliar.com\/es\/#website","url":"https:\/\/acompanyamentfamiliar.com\/es\/","name":"Acompanyament Familiar","description":"Psic\u00f3logas en Barcelona: Acompa\u00f1amiento familiar","publisher":{"@id":"https:\/\/acompanyamentfamiliar.com\/es\/#organization"},"potentialAction":[{"@type":"SearchAction","target":{"@type":"EntryPoint","urlTemplate":"https:\/\/acompanyamentfamiliar.com\/es\/?s={search_term_string}"},"query-input":{"@type":"PropertyValueSpecification","valueRequired":true,"valueName":"search_term_string"}}],"inLanguage":"es"},{"@type":"Organization","@id":"https:\/\/acompanyamentfamiliar.com\/es\/#organization","name":"Acompanyament Familiar","url":"https:\/\/acompanyamentfamiliar.com\/es\/","logo":{"@type":"ImageObject","inLanguage":"es","@id":"https:\/\/acompanyamentfamiliar.com\/es\/#\/schema\/logo\/image\/","url":"https:\/\/acompanyamentfamiliar.com\/wp-content\/uploads\/2025\/03\/logo_acompanyamnet_familiar.png","contentUrl":"https:\/\/acompanyamentfamiliar.com\/wp-content\/uploads\/2025\/03\/logo_acompanyamnet_familiar.png","width":241,"height":126,"caption":"Acompanyament Familiar"},"image":{"@id":"https:\/\/acompanyamentfamiliar.com\/es\/#\/schema\/logo\/image\/"}}]}},"_links":{"self":[{"href":"https:\/\/acompanyamentfamiliar.com\/es\/wp-json\/wp\/v2\/pages\/561","targetHints":{"allow":["GET"]}}],"collection":[{"href":"https:\/\/acompanyamentfamiliar.com\/es\/wp-json\/wp\/v2\/pages"}],"about":[{"href":"https:\/\/acompanyamentfamiliar.com\/es\/wp-json\/wp\/v2\/types\/page"}],"author":[{"embeddable":true,"href":"https:\/\/acompanyamentfamiliar.com\/es\/wp-json\/wp\/v2\/users\/1"}],"replies":[{"embeddable":true,"href":"https:\/\/acompanyamentfamiliar.com\/es\/wp-json\/wp\/v2\/comments?post=561"}],"version-history":[{"count":16,"href":"https:\/\/acompanyamentfamiliar.com\/es\/wp-json\/wp\/v2\/pages\/561\/revisions"}],"predecessor-version":[{"id":2246,"href":"https:\/\/acompanyamentfamiliar.com\/es\/wp-json\/wp\/v2\/pages\/561\/revisions\/2246"}],"up":[{"embeddable":true,"href":"https:\/\/acompanyamentfamiliar.com\/es\/wp-json\/wp\/v2\/pages\/55"}],"wp:attachment":[{"href":"https:\/\/acompanyamentfamiliar.com\/es\/wp-json\/wp\/v2\/media?parent=561"}],"curies":[{"name":"wp","href":"https:\/\/api.w.org\/{rel}","templated":true}]}}