{"id":566,"date":"2025-04-13T09:31:19","date_gmt":"2025-04-13T09:31:19","guid":{"rendered":"https:\/\/acompanyamentfamiliar.com\/?page_id=566"},"modified":"2025-04-13T19:53:30","modified_gmt":"2025-04-13T19:53:30","slug":"mireia-bosch-teixidor","status":"publish","type":"page","link":"https:\/\/acompanyamentfamiliar.com\/es\/equipo\/mireia-bosch-teixidor\/","title":{"rendered":"Mireia Bosch Teixidor"},"content":{"rendered":"\t\t<div data-elementor-type=\"wp-page\" data-elementor-id=\"566\" class=\"elementor elementor-566\" data-elementor-post-type=\"page\">\n\t\t\t\t<div class=\"elementor-element elementor-element-c451329 e-flex e-con-boxed e-con e-parent\" data-id=\"c451329\" data-element_type=\"container\" data-settings=\"{&quot;background_background&quot;:&quot;classic&quot;}\">\n\t\t\t\t\t<div class=\"e-con-inner\">\n\t\t<div class=\"elementor-element elementor-element-87d1828 e-con-full e-flex e-con e-child\" data-id=\"87d1828\" data-element_type=\"container\">\n\t\t<div class=\"elementor-element elementor-element-5c1ac32 e-con-full e-flex e-con e-child\" data-id=\"5c1ac32\" data-element_type=\"container\">\n\t\t\t\t<div class=\"elementor-element elementor-element-daa0fff elementor-widget elementor-widget-heading\" data-id=\"daa0fff\" data-element_type=\"widget\" data-widget_type=\"heading.default\">\n\t\t\t\t<div class=\"elementor-widget-container\">\n\t\t\t\t\t<h1 class=\"elementor-heading-title elementor-size-default\">Mireia Bosch Teixidor<\/h1>\t\t\t\t<\/div>\n\t\t\t\t<\/div>\n\t\t\t\t<div class=\"elementor-element elementor-element-c69adf2 elementor-widget elementor-widget-text-editor\" data-id=\"c69adf2\" data-element_type=\"widget\" data-widget_type=\"text-editor.default\">\n\t\t\t\t<div class=\"elementor-widget-container\">\n\t\t\t\t\t\t\t\t\t<h2>Psic\u00f3loga especializada en maternidad, paternidad y crianza<\/h2>\t\t\t\t\t\t\t\t<\/div>\n\t\t\t\t<\/div>\n\t\t\t\t<\/div>\n\t\t<div class=\"elementor-element elementor-element-f701a00 e-con-full e-flex e-con e-child\" data-id=\"f701a00\" data-element_type=\"container\">\n\t\t\t\t<div class=\"elementor-element elementor-element-631e7f5 elementor-widget elementor-widget-image\" data-id=\"631e7f5\" data-element_type=\"widget\" data-widget_type=\"image.default\">\n\t\t\t\t<div class=\"elementor-widget-container\">\n\t\t\t\t\t\t\t\t\t\t\t\t\t\t\t<img fetchpriority=\"high\" decoding=\"async\" width=\"225\" height=\"225\" src=\"https:\/\/acompanyamentfamiliar.com\/wp-content\/uploads\/2025\/03\/mireia-bosch.jpg\" class=\"attachment-large size-large wp-image-115\" alt=\"Mireia Bosch - Equip Acompanyament Familiar\" srcset=\"https:\/\/acompanyamentfamiliar.com\/wp-content\/uploads\/2025\/03\/mireia-bosch.jpg 225w, https:\/\/acompanyamentfamiliar.com\/wp-content\/uploads\/2025\/03\/mireia-bosch-150x150.jpg 150w\" sizes=\"(max-width: 225px) 100vw, 225px\" \/>\t\t\t\t\t\t\t\t\t\t\t\t\t\t\t<\/div>\n\t\t\t\t<\/div>\n\t\t\t\t<\/div>\n\t\t\t\t<\/div>\n\t\t\t\t\t<\/div>\n\t\t\t\t<\/div>\n\t\t<div class=\"elementor-element elementor-element-cdd850e e-flex e-con-boxed e-con e-parent\" data-id=\"cdd850e\" data-element_type=\"container\">\n\t\t\t\t\t<div class=\"e-con-inner\">\n\t\t<div class=\"elementor-element elementor-element-ea1c755 e-con-full e-flex e-con e-child\" data-id=\"ea1c755\" data-element_type=\"container\">\n\t\t<div class=\"elementor-element elementor-element-98730eb e-con-full e-flex e-con e-child\" data-id=\"98730eb\" data-element_type=\"container\">\n\t\t<div class=\"elementor-element elementor-element-95be84c e-con-full e-flex e-con e-child\" data-id=\"95be84c\" data-element_type=\"container\">\n\t\t\t\t<div class=\"elementor-element elementor-element-b8b77c0 elementor-widget elementor-widget-text-editor\" data-id=\"b8b77c0\" data-element_type=\"widget\" data-widget_type=\"text-editor.default\">\n\t\t\t\t<div class=\"elementor-widget-container\">\n\t\t\t\t\t\t\t\t\t<p class=\"ql-align-justify\">Estudi\u00e9 psicolog\u00eda en la Universitat Aut\u00f2noma de Barcelona, despu\u00e9s de esto hice un Postgrado en Trastornos Afectivos y de la Ansiedad en adultos en la misma universidad y al acabar un M\u00e1ster en Intervenci\u00f3n Cognitivo-Conductual a trav\u00e9s del Institut Superior d\u2019Estudis Psicol\u00f2gics de Barcelona.<\/p><p class=\"ql-align-justify\">Hace m\u00e1s de 14 a\u00f1os que acompa\u00f1o a trav\u00e9s de mi pr\u00e1ctica privada a persones adultas con el objetivo de mejorar su calidad de vida y disfrutar de un mejor bienestar emocional, me emociona profundamente ver los cambios que consegu\u00eds y acompa\u00f1aros en vuestros <strong>procesos personales. <\/strong><\/p><p class=\"ql-align-justify\"><strong>Con la llegada de mi primera hija, entre de lleno en el mundo de la Psicolog\u00eda<\/strong> Perinatal, especializaci\u00f3n que curs\u00e9 a trav\u00e9s de la formaci\u00f3n del Instituto Europeo de Salud Mental Materna.<\/p><p class=\"ql-align-justify\">Durante todos estos a\u00f1os, con el deseo de poderos acompa\u00f1ar mejor, he seguido ampliando mi formaci\u00f3n en: acompa\u00f1amiento en duelo perinatal, intervenci\u00f3n en terapia sist\u00e9mica, crianza respetuosa en la primera infancia, acompa\u00f1amiento a la fertilidad, concepci\u00f3n y reproducci\u00f3n asistida, paternidad y pare natalidad, intervenci\u00f3n en terapia breve estrat\u00e9gica, t\u00e9cnicas de regulaci\u00f3n emocional, t\u00e9cnica de la caja de arena\u2026 entre otras.<\/p><p class=\"ql-align-justify\">A lo largo de mi experiencia profesional, he observado el impacto que tienen las experiencias y mirada que recibimos de nuestras familias de origen durante la etapa de los 0-6 a\u00f1os.<\/p><p>He acompa\u00f1ado muchos procesos personales con el objetivo de poder ordenar situaciones vividas de peque\u00f1os, revisar relaciones con nuestras familias de origen y curar peque\u00f1as heridas que nos hab\u00edan quedado. Des de aqu\u00ed, con esta consciencia y claridad, podemos <strong>vivir maternidades y paternidades mucho m\u00e1s libres, empoderadas y respetuosas<\/strong> con nuestras necesidades y las de nuestras criaturas.<\/p><p class=\"ql-align-justify\">\u00a0<\/p>\t\t\t\t\t\t\t\t<\/div>\n\t\t\t\t<\/div>\n\t\t\t\t<\/div>\n\t\t<div class=\"elementor-element elementor-element-8fbbe80 e-con-full e-flex e-con e-child\" data-id=\"8fbbe80\" data-element_type=\"container\">\n\t\t\t\t<div class=\"elementor-element elementor-element-c97acc2 elementor-widget elementor-widget-text-editor\" data-id=\"c97acc2\" data-element_type=\"widget\" data-widget_type=\"text-editor.default\">\n\t\t\t\t<div class=\"elementor-widget-container\">\n\t\t\t\t\t\t\t\t\t<p class=\"ql-align-justify\">Convertirme en madre, gener\u00f3 en m\u00ed una revoluci\u00f3n. Entend\u00ed la responsabilidad que esto implicaba y utilic\u00e9 mis dudas, inseguridades y miedos que generaba mi nuevo rol para seguir form\u00e1ndome, creciendo y revis\u00e1ndome a nivel personal y profesional.<\/p><p class=\"ql-align-justify\">La informaci\u00f3n es poder y precisamente esto, informaci\u00f3n veraz y contrastada, es lo que ofrezco a las personas a las que acompa\u00f1o. No hay dos familias iguales, es importante que puedas encontrar tu manera de \u201chacer familia\u201d sin presiones externas, respetando tu sentido y sentir de esta experiencia de vida.<\/p><p class=\"ql-align-justify\">Con la convicci\u00f3n de que nuestro papel como madres y padres es clave para la salud mental de nuestras criaturas, acompa\u00f1o a aquellas personas y familias que est\u00e1is <strong>comprometidas en ofrecer crianzas m\u00e1s conectadas, respetuosas y disfrutadas<\/strong>.<\/p><p class=\"ql-align-justify\">A parte de ofrecer sesiones individuales, tambi\u00e9n acompa\u00f1o grupos de posparto y crianza, y realizo formaciones y talleres para diferentes asociaciones, escuelas, proyectos y entidades.<\/p><p class=\"ql-align-justify\">Porque la ma(pa)ternidad es muy intensa en todos los sentidos, pero acompa\u00f1ada enriquece de una forma especial!\u00a0<\/p>\t\t\t\t\t\t\t\t<\/div>\n\t\t\t\t<\/div>\n\t\t\t\t<\/div>\n\t\t\t\t<\/div>\n\t\t\t\t<\/div>\n\t\t\t\t\t<\/div>\n\t\t\t\t<\/div>\n\t\t\t\t<\/div>\n\t\t","protected":false},"excerpt":{"rendered":"<p>Mireia Bosch Teixidor Psic\u00f3loga especializada en maternidad, paternidad y crianza Estudi\u00e9 psicolog\u00eda en la Universitat Aut\u00f2noma de Barcelona, despu\u00e9s de esto hice un Postgrado en Trastornos Afectivos y de la Ansiedad en adultos en la misma universidad y al acabar un M\u00e1ster en Intervenci\u00f3n Cognitivo-Conductual a trav\u00e9s del Institut Superior d\u2019Estudis Psicol\u00f2gics de Barcelona. Hace [&hellip;]<\/p>\n","protected":false},"author":1,"featured_media":0,"parent":55,"menu_order":0,"comment_status":"closed","ping_status":"closed","template":"","meta":{"footnotes":""},"class_list":["post-566","page","type-page","status-publish","hentry"],"yoast_head":"<!-- This site is optimized with the Yoast SEO plugin v26.8 - https:\/\/yoast.com\/product\/yoast-seo-wordpress\/ -->\n<title>Mireia Bosch Teixidor - Acompanyament Familiar<\/title>\n<meta name=\"robots\" content=\"index, follow, max-snippet:-1, max-image-preview:large, max-video-preview:-1\" \/>\n<link rel=\"canonical\" href=\"https:\/\/acompanyamentfamiliar.com\/es\/equipo\/mireia-bosch-teixidor\/\" \/>\n<meta property=\"og:locale\" content=\"es_ES\" \/>\n<meta property=\"og:type\" content=\"article\" \/>\n<meta property=\"og:title\" content=\"Mireia Bosch Teixidor - Acompanyament Familiar\" \/>\n<meta property=\"og:description\" content=\"Mireia Bosch Teixidor Psic\u00f3loga especializada en maternidad, paternidad y crianza Estudi\u00e9 psicolog\u00eda en la Universitat Aut\u00f2noma de Barcelona, despu\u00e9s de esto hice un Postgrado en Trastornos Afectivos y de la Ansiedad en adultos en la misma universidad y al acabar un M\u00e1ster en Intervenci\u00f3n Cognitivo-Conductual a trav\u00e9s del Institut Superior d\u2019Estudis Psicol\u00f2gics de Barcelona. Hace [&hellip;]\" \/>\n<meta property=\"og:url\" content=\"https:\/\/acompanyamentfamiliar.com\/es\/equipo\/mireia-bosch-teixidor\/\" \/>\n<meta property=\"og:site_name\" content=\"Acompanyament Familiar\" \/>\n<meta property=\"article:modified_time\" content=\"2025-04-13T19:53:30+00:00\" \/>\n<meta property=\"og:image\" content=\"https:\/\/acompanyamentfamiliar.com\/wp-content\/uploads\/2025\/03\/mireia-bosch.jpg\" \/>\n\t<meta property=\"og:image:width\" content=\"225\" \/>\n\t<meta property=\"og:image:height\" content=\"225\" \/>\n\t<meta property=\"og:image:type\" content=\"image\/jpeg\" \/>\n<meta name=\"twitter:card\" content=\"summary_large_image\" \/>\n<meta name=\"twitter:label1\" content=\"Tiempo de lectura\" \/>\n\t<meta name=\"twitter:data1\" content=\"3 minutos\" \/>\n<script type=\"application\/ld+json\" class=\"yoast-schema-graph\">{\"@context\":\"https:\/\/schema.org\",\"@graph\":[{\"@type\":\"WebPage\",\"@id\":\"https:\/\/acompanyamentfamiliar.com\/es\/equipo\/mireia-bosch-teixidor\/\",\"url\":\"https:\/\/acompanyamentfamiliar.com\/es\/equipo\/mireia-bosch-teixidor\/\",\"name\":\"Mireia Bosch Teixidor - Acompanyament Familiar\",\"isPartOf\":{\"@id\":\"https:\/\/acompanyamentfamiliar.com\/es\/#website\"},\"primaryImageOfPage\":{\"@id\":\"https:\/\/acompanyamentfamiliar.com\/es\/equipo\/mireia-bosch-teixidor\/#primaryimage\"},\"image\":{\"@id\":\"https:\/\/acompanyamentfamiliar.com\/es\/equipo\/mireia-bosch-teixidor\/#primaryimage\"},\"thumbnailUrl\":\"https:\/\/acompanyamentfamiliar.com\/wp-content\/uploads\/2025\/03\/mireia-bosch.jpg\",\"datePublished\":\"2025-04-13T09:31:19+00:00\",\"dateModified\":\"2025-04-13T19:53:30+00:00\",\"breadcrumb\":{\"@id\":\"https:\/\/acompanyamentfamiliar.com\/es\/equipo\/mireia-bosch-teixidor\/#breadcrumb\"},\"inLanguage\":\"es\",\"potentialAction\":[{\"@type\":\"ReadAction\",\"target\":[\"https:\/\/acompanyamentfamiliar.com\/es\/equipo\/mireia-bosch-teixidor\/\"]}]},{\"@type\":\"ImageObject\",\"inLanguage\":\"es\",\"@id\":\"https:\/\/acompanyamentfamiliar.com\/es\/equipo\/mireia-bosch-teixidor\/#primaryimage\",\"url\":\"https:\/\/acompanyamentfamiliar.com\/wp-content\/uploads\/2025\/03\/mireia-bosch.jpg\",\"contentUrl\":\"https:\/\/acompanyamentfamiliar.com\/wp-content\/uploads\/2025\/03\/mireia-bosch.jpg\"},{\"@type\":\"BreadcrumbList\",\"@id\":\"https:\/\/acompanyamentfamiliar.com\/es\/equipo\/mireia-bosch-teixidor\/#breadcrumb\",\"itemListElement\":[{\"@type\":\"ListItem\",\"position\":1,\"name\":\"Portada\",\"item\":\"https:\/\/acompanyamentfamiliar.com\/es\/\"},{\"@type\":\"ListItem\",\"position\":2,\"name\":\"Centro de Psic\u00f3logos de Barcelona\",\"item\":\"https:\/\/acompanyamentfamiliar.com\/es\/equipo\/\"},{\"@type\":\"ListItem\",\"position\":3,\"name\":\"Mireia Bosch Teixidor\"}]},{\"@type\":\"WebSite\",\"@id\":\"https:\/\/acompanyamentfamiliar.com\/es\/#website\",\"url\":\"https:\/\/acompanyamentfamiliar.com\/es\/\",\"name\":\"Acompanyament Familiar\",\"description\":\"Psic\u00f3logas en Barcelona: Acompa\u00f1amiento familiar\",\"publisher\":{\"@id\":\"https:\/\/acompanyamentfamiliar.com\/es\/#organization\"},\"potentialAction\":[{\"@type\":\"SearchAction\",\"target\":{\"@type\":\"EntryPoint\",\"urlTemplate\":\"https:\/\/acompanyamentfamiliar.com\/es\/?s={search_term_string}\"},\"query-input\":{\"@type\":\"PropertyValueSpecification\",\"valueRequired\":true,\"valueName\":\"search_term_string\"}}],\"inLanguage\":\"es\"},{\"@type\":\"Organization\",\"@id\":\"https:\/\/acompanyamentfamiliar.com\/es\/#organization\",\"name\":\"Acompanyament Familiar\",\"url\":\"https:\/\/acompanyamentfamiliar.com\/es\/\",\"logo\":{\"@type\":\"ImageObject\",\"inLanguage\":\"es\",\"@id\":\"https:\/\/acompanyamentfamiliar.com\/es\/#\/schema\/logo\/image\/\",\"url\":\"https:\/\/acompanyamentfamiliar.com\/wp-content\/uploads\/2025\/03\/logo_acompanyamnet_familiar.png\",\"contentUrl\":\"https:\/\/acompanyamentfamiliar.com\/wp-content\/uploads\/2025\/03\/logo_acompanyamnet_familiar.png\",\"width\":241,\"height\":126,\"caption\":\"Acompanyament Familiar\"},\"image\":{\"@id\":\"https:\/\/acompanyamentfamiliar.com\/es\/#\/schema\/logo\/image\/\"}}]}<\/script>\n<!-- \/ Yoast SEO plugin. -->","yoast_head_json":{"title":"Mireia Bosch Teixidor - Acompanyament Familiar","robots":{"index":"index","follow":"follow","max-snippet":"max-snippet:-1","max-image-preview":"max-image-preview:large","max-video-preview":"max-video-preview:-1"},"canonical":"https:\/\/acompanyamentfamiliar.com\/es\/equipo\/mireia-bosch-teixidor\/","og_locale":"es_ES","og_type":"article","og_title":"Mireia Bosch Teixidor - Acompanyament Familiar","og_description":"Mireia Bosch Teixidor Psic\u00f3loga especializada en maternidad, paternidad y crianza Estudi\u00e9 psicolog\u00eda en la Universitat Aut\u00f2noma de Barcelona, despu\u00e9s de esto hice un Postgrado en Trastornos Afectivos y de la Ansiedad en adultos en la misma universidad y al acabar un M\u00e1ster en Intervenci\u00f3n Cognitivo-Conductual a trav\u00e9s del Institut Superior d\u2019Estudis Psicol\u00f2gics de Barcelona. Hace [&hellip;]","og_url":"https:\/\/acompanyamentfamiliar.com\/es\/equipo\/mireia-bosch-teixidor\/","og_site_name":"Acompanyament Familiar","article_modified_time":"2025-04-13T19:53:30+00:00","og_image":[{"width":225,"height":225,"url":"https:\/\/acompanyamentfamiliar.com\/wp-content\/uploads\/2025\/03\/mireia-bosch.jpg","type":"image\/jpeg"}],"twitter_card":"summary_large_image","twitter_misc":{"Tiempo de lectura":"3 minutos"},"schema":{"@context":"https:\/\/schema.org","@graph":[{"@type":"WebPage","@id":"https:\/\/acompanyamentfamiliar.com\/es\/equipo\/mireia-bosch-teixidor\/","url":"https:\/\/acompanyamentfamiliar.com\/es\/equipo\/mireia-bosch-teixidor\/","name":"Mireia Bosch Teixidor - Acompanyament Familiar","isPartOf":{"@id":"https:\/\/acompanyamentfamiliar.com\/es\/#website"},"primaryImageOfPage":{"@id":"https:\/\/acompanyamentfamiliar.com\/es\/equipo\/mireia-bosch-teixidor\/#primaryimage"},"image":{"@id":"https:\/\/acompanyamentfamiliar.com\/es\/equipo\/mireia-bosch-teixidor\/#primaryimage"},"thumbnailUrl":"https:\/\/acompanyamentfamiliar.com\/wp-content\/uploads\/2025\/03\/mireia-bosch.jpg","datePublished":"2025-04-13T09:31:19+00:00","dateModified":"2025-04-13T19:53:30+00:00","breadcrumb":{"@id":"https:\/\/acompanyamentfamiliar.com\/es\/equipo\/mireia-bosch-teixidor\/#breadcrumb"},"inLanguage":"es","potentialAction":[{"@type":"ReadAction","target":["https:\/\/acompanyamentfamiliar.com\/es\/equipo\/mireia-bosch-teixidor\/"]}]},{"@type":"ImageObject","inLanguage":"es","@id":"https:\/\/acompanyamentfamiliar.com\/es\/equipo\/mireia-bosch-teixidor\/#primaryimage","url":"https:\/\/acompanyamentfamiliar.com\/wp-content\/uploads\/2025\/03\/mireia-bosch.jpg","contentUrl":"https:\/\/acompanyamentfamiliar.com\/wp-content\/uploads\/2025\/03\/mireia-bosch.jpg"},{"@type":"BreadcrumbList","@id":"https:\/\/acompanyamentfamiliar.com\/es\/equipo\/mireia-bosch-teixidor\/#breadcrumb","itemListElement":[{"@type":"ListItem","position":1,"name":"Portada","item":"https:\/\/acompanyamentfamiliar.com\/es\/"},{"@type":"ListItem","position":2,"name":"Centro de Psic\u00f3logos de Barcelona","item":"https:\/\/acompanyamentfamiliar.com\/es\/equipo\/"},{"@type":"ListItem","position":3,"name":"Mireia Bosch Teixidor"}]},{"@type":"WebSite","@id":"https:\/\/acompanyamentfamiliar.com\/es\/#website","url":"https:\/\/acompanyamentfamiliar.com\/es\/","name":"Acompanyament Familiar","description":"Psic\u00f3logas en Barcelona: Acompa\u00f1amiento familiar","publisher":{"@id":"https:\/\/acompanyamentfamiliar.com\/es\/#organization"},"potentialAction":[{"@type":"SearchAction","target":{"@type":"EntryPoint","urlTemplate":"https:\/\/acompanyamentfamiliar.com\/es\/?s={search_term_string}"},"query-input":{"@type":"PropertyValueSpecification","valueRequired":true,"valueName":"search_term_string"}}],"inLanguage":"es"},{"@type":"Organization","@id":"https:\/\/acompanyamentfamiliar.com\/es\/#organization","name":"Acompanyament Familiar","url":"https:\/\/acompanyamentfamiliar.com\/es\/","logo":{"@type":"ImageObject","inLanguage":"es","@id":"https:\/\/acompanyamentfamiliar.com\/es\/#\/schema\/logo\/image\/","url":"https:\/\/acompanyamentfamiliar.com\/wp-content\/uploads\/2025\/03\/logo_acompanyamnet_familiar.png","contentUrl":"https:\/\/acompanyamentfamiliar.com\/wp-content\/uploads\/2025\/03\/logo_acompanyamnet_familiar.png","width":241,"height":126,"caption":"Acompanyament Familiar"},"image":{"@id":"https:\/\/acompanyamentfamiliar.com\/es\/#\/schema\/logo\/image\/"}}]}},"_links":{"self":[{"href":"https:\/\/acompanyamentfamiliar.com\/es\/wp-json\/wp\/v2\/pages\/566","targetHints":{"allow":["GET"]}}],"collection":[{"href":"https:\/\/acompanyamentfamiliar.com\/es\/wp-json\/wp\/v2\/pages"}],"about":[{"href":"https:\/\/acompanyamentfamiliar.com\/es\/wp-json\/wp\/v2\/types\/page"}],"author":[{"embeddable":true,"href":"https:\/\/acompanyamentfamiliar.com\/es\/wp-json\/wp\/v2\/users\/1"}],"replies":[{"embeddable":true,"href":"https:\/\/acompanyamentfamiliar.com\/es\/wp-json\/wp\/v2\/comments?post=566"}],"version-history":[{"count":10,"href":"https:\/\/acompanyamentfamiliar.com\/es\/wp-json\/wp\/v2\/pages\/566\/revisions"}],"predecessor-version":[{"id":1252,"href":"https:\/\/acompanyamentfamiliar.com\/es\/wp-json\/wp\/v2\/pages\/566\/revisions\/1252"}],"up":[{"embeddable":true,"href":"https:\/\/acompanyamentfamiliar.com\/es\/wp-json\/wp\/v2\/pages\/55"}],"wp:attachment":[{"href":"https:\/\/acompanyamentfamiliar.com\/es\/wp-json\/wp\/v2\/media?parent=566"}],"curies":[{"name":"wp","href":"https:\/\/api.w.org\/{rel}","templated":true}]}}