{"id":57,"date":"2025-03-21T12:50:46","date_gmt":"2025-03-21T12:50:46","guid":{"rendered":"https:\/\/acompanyamentfamiliar.com\/?page_id=57"},"modified":"2025-05-09T14:26:31","modified_gmt":"2025-05-09T14:26:31","slug":"servicios","status":"publish","type":"page","link":"https:\/\/acompanyamentfamiliar.com\/es\/servicios\/","title":{"rendered":"Servicios"},"content":{"rendered":"\t\t<div data-elementor-type=\"wp-page\" data-elementor-id=\"57\" class=\"elementor elementor-57\" data-elementor-post-type=\"page\">\n\t\t\t\t<div class=\"elementor-element elementor-element-54560a7 e-flex e-con-boxed e-con e-parent\" data-id=\"54560a7\" data-element_type=\"container\">\n\t\t\t\t\t<div class=\"e-con-inner\">\n\t\t\t\t<div class=\"elementor-element elementor-element-6e30e5c elementor-widget elementor-widget-heading\" data-id=\"6e30e5c\" data-element_type=\"widget\" data-widget_type=\"heading.default\">\n\t\t\t\t<div class=\"elementor-widget-container\">\n\t\t\t\t\t<h1 class=\"elementor-heading-title elementor-size-default\">Servicios<\/h1>\t\t\t\t<\/div>\n\t\t\t\t<\/div>\n\t\t\t\t<div class=\"elementor-element elementor-element-9cfd463 elementor-widget elementor-widget-text-editor\" data-id=\"9cfd463\" data-element_type=\"widget\" data-widget_type=\"text-editor.default\">\n\t\t\t\t<div class=\"elementor-widget-container\">\n\t\t\t\t\t\t\t\t\t<p>Desde Acompa\u00f1amiento Familiar priorizamos tu bienestar, ya sea en la crianza, como en tu vida familiar, como en cualquier otro \u00e1mbito de tu d\u00eda a d\u00eda. Para nosotras, la salud radica en encontrar el equilibrio en todas nuestras relaciones. Poder crecer y fluir en armon\u00eda es b\u00e1sico para una Vida llena y sana.<\/p><p>Te ofrecemos varios servicios en funci\u00f3n de tu necesidad: si eres familia, persona individual en b\u00fasqueda de un bienestar mayor, o si eres profesional enfocado\/a al trabajo con familias, criaturas y\/o personas adultas.<\/p>\t\t\t\t\t\t\t\t<\/div>\n\t\t\t\t<\/div>\n\t\t\t\t\t<\/div>\n\t\t\t\t<\/div>\n\t\t<div class=\"elementor-element elementor-element-9c14704 e-flex e-con-boxed e-con e-parent\" data-id=\"9c14704\" data-element_type=\"container\" id=\"familiar\" data-settings=\"{&quot;background_background&quot;:&quot;classic&quot;}\">\n\t\t\t\t\t<div class=\"e-con-inner\">\n\t\t\t\t<div class=\"elementor-element elementor-element-d61c044 elementor-widget elementor-widget-heading\" data-id=\"d61c044\" data-element_type=\"widget\" data-widget_type=\"heading.default\">\n\t\t\t\t<div class=\"elementor-widget-container\">\n\t\t\t\t\t<h2 class=\"elementor-heading-title elementor-size-default\">Familiar<\/h2>\t\t\t\t<\/div>\n\t\t\t\t<\/div>\n\t\t<div class=\"elementor-element elementor-element-87c2a30 e-con-full e-flex e-con e-child\" data-id=\"87c2a30\" data-element_type=\"container\">\n\t\t<div class=\"elementor-element elementor-element-e3ade58 e-con-full e-flex e-con e-child\" data-id=\"e3ade58\" data-element_type=\"container\" data-settings=\"{&quot;background_background&quot;:&quot;classic&quot;}\">\n\t\t\t\t<\/div>\n\t\t<div class=\"elementor-element elementor-element-1d18b18 e-con-full e-flex e-con e-child\" data-id=\"1d18b18\" data-element_type=\"container\">\n\t\t\t\t<div class=\"elementor-element elementor-element-9769e2c elementor-widget elementor-widget-text-editor\" data-id=\"9769e2c\" data-element_type=\"widget\" data-widget_type=\"text-editor.default\">\n\t\t\t\t<div class=\"elementor-widget-container\">\n\t\t\t\t\t\t\t\t\t<div class=\"col-sm-6\"><p>Acompa\u00f1amiento Familiar centra la mirada en la <strong>complejidad<\/strong> de la estructura familiar actual. Con el cambio de mirada respecto el formato tradicional, la familia se ha convertido en algo fluido y mutable, con entradas, salidas y movimientos que, a menudo, cuestan de asimilar. La gesti\u00f3n de estas <strong>transformaciones<\/strong> requiere de un <strong>apoyo amable y experto<\/strong> con quien poder crecer juntas.<\/p><p>Desde Acompa\u00f1amiento Familiar, te asesoramos como familia -tengas el formato que tengas- en todas las <strong>etapas vitales que atraviesas<\/strong>. Estamos a tu lado para sostener aquello que te inquieta y para impulsarte en el bienestar dentro de tu sistema familiar.<\/p><p>Atendemos, entre muchas otras, este tipo de situaciones:<\/p><ul><li>Llegada de una criatura<\/li><li>Nacimiento de hermanos y hermanas<\/li><li>Conflictos de pareja<\/li><li>Dificultades en la gesti\u00f3n de los l\u00edmites<\/li><li>Rutinas diarias<\/li><li>Gesti\u00f3n de la relaci\u00f3n de pareja con la llegada de las hijas e hijos<\/li><li>Orden sist\u00e9mico familiar<\/li><li>Diferencias entre la pareja en relaci\u00f3n al acompa\u00f1amiento de las criaturas<\/li><li>Reestablecer el juego en familia<\/li><li>Etc.<\/li><\/ul><p>M\u00e1s de 10 a\u00f1os de experiencia con el <strong>acompa\u00f1amiento familiar respetuoso<\/strong> avalan el proyecto.<\/p><\/div>\t\t\t\t\t\t\t\t<\/div>\n\t\t\t\t<\/div>\n\t\t\t\t<\/div>\n\t\t\t\t<\/div>\n\t\t\t\t\t<\/div>\n\t\t\t\t<\/div>\n\t\t<div class=\"elementor-element elementor-element-19a4f53 e-flex e-con-boxed e-con e-parent\" data-id=\"19a4f53\" data-element_type=\"container\" id=\"infanto\">\n\t\t\t\t\t<div class=\"e-con-inner\">\n\t\t\t\t<div class=\"elementor-element elementor-element-27b48f7 elementor-widget elementor-widget-heading\" data-id=\"27b48f7\" data-element_type=\"widget\" data-widget_type=\"heading.default\">\n\t\t\t\t<div class=\"elementor-widget-container\">\n\t\t\t\t\t<h2 class=\"elementor-heading-title elementor-size-default\">Infanto- Juvenil<\/h2>\t\t\t\t<\/div>\n\t\t\t\t<\/div>\n\t\t<div class=\"elementor-element elementor-element-66071af e-con-full e-flex e-con e-child\" data-id=\"66071af\" data-element_type=\"container\">\n\t\t<div class=\"elementor-element elementor-element-79f1409 e-con-full e-flex e-con e-child\" data-id=\"79f1409\" data-element_type=\"container\">\n\t\t\t\t<div class=\"elementor-element elementor-element-594ada0 elementor-widget elementor-widget-text-editor\" data-id=\"594ada0\" data-element_type=\"widget\" data-widget_type=\"text-editor.default\">\n\t\t\t\t<div class=\"elementor-widget-container\">\n\t\t\t\t\t\t\t\t\t<div class=\"col-sm-6\"><div class=\"col-sm-6\"><p>Hay momentos en el desarrollo infanto-juvenil en que las criaturas y adolescentes necesitan de un <strong>espacio exclusivo<\/strong> para poder afrontar ciertas dificultades o confusiones que aparecen.<\/p><p>La mayor parte de estas veces, son inquietudes propias de su edad, y la presencia de una figura acompa\u00f1ante facilita un impulso y apoyo transitorios; en otras ocasiones, el acompa\u00f1amiento se hace imprescindible para poder seguir cuidando su salud.<\/p><p>Este servicio lo ofrecemos a ni\u00f1as y ni\u00f1os a partir de los <strong>7-8 a\u00f1os<\/strong>. Siempre con una valoraci\u00f3n previa, comprendemos que a partir de esta edad el apoyo terap\u00e9utico puede tomar una dimensi\u00f3n m\u00e1s propicia. Para etapas anteriores, el acompa\u00f1amiento es a trav\u00e9s de la <strong>psicomotricidad de ayuda terap\u00e9utica. <\/strong>Siempre se ofrece una <strong>devoluci\u00f3n familiar peri\u00f3dica<\/strong> para poder tejer puentes con la familia.<\/p><p>Posibles situaciones que atendemos son:<\/p><ul><li>Derivaciones escolares por falta de concentraci\u00f3n, \u201cmal\u201d comportamiento, etc.<\/li><li>Apat\u00eda, desgana.<\/li><li>Emociones incontroladas<\/li><li>Acoso escolar<\/li><li>Llegada de hermanas y hermanos<\/li><li>Separaciones familiares<\/li><li>Transiciones y cambios<\/li><li>Etc.<\/li><\/ul><\/div><\/div>\t\t\t\t\t\t\t\t<\/div>\n\t\t\t\t<\/div>\n\t\t\t\t<\/div>\n\t\t<div class=\"elementor-element elementor-element-7a6094d e-con-full e-flex e-con e-child\" data-id=\"7a6094d\" data-element_type=\"container\" data-settings=\"{&quot;background_background&quot;:&quot;classic&quot;}\">\n\t\t\t\t<\/div>\n\t\t\t\t<\/div>\n\t\t\t\t\t<\/div>\n\t\t\t\t<\/div>\n\t\t<div class=\"elementor-element elementor-element-9ff2d06 e-flex e-con-boxed e-con e-parent\" data-id=\"9ff2d06\" data-element_type=\"container\" id=\"psicomotricidad\" data-settings=\"{&quot;background_background&quot;:&quot;classic&quot;}\">\n\t\t\t\t\t<div class=\"e-con-inner\">\n\t\t\t\t<div class=\"elementor-element elementor-element-d1f095d elementor-widget elementor-widget-heading\" data-id=\"d1f095d\" data-element_type=\"widget\" data-widget_type=\"heading.default\">\n\t\t\t\t<div class=\"elementor-widget-container\">\n\t\t\t\t\t<h2 class=\"elementor-heading-title elementor-size-default\">Psicomotricidad<\/h2>\t\t\t\t<\/div>\n\t\t\t\t<\/div>\n\t\t<div class=\"elementor-element elementor-element-dd11ad8 e-con-full e-flex e-con e-child\" data-id=\"dd11ad8\" data-element_type=\"container\">\n\t\t<div class=\"elementor-element elementor-element-6d9a058 e-con-full e-flex e-con e-child\" data-id=\"6d9a058\" data-element_type=\"container\" data-settings=\"{&quot;background_background&quot;:&quot;classic&quot;}\">\n\t\t\t\t<\/div>\n\t\t<div class=\"elementor-element elementor-element-e41fba0 e-con-full e-flex e-con e-child\" data-id=\"e41fba0\" data-element_type=\"container\">\n\t\t\t\t<div class=\"elementor-element elementor-element-5117899 elementor-widget elementor-widget-text-editor\" data-id=\"5117899\" data-element_type=\"widget\" data-widget_type=\"text-editor.default\">\n\t\t\t\t<div class=\"elementor-widget-container\">\n\t\t\t\t\t\t\t\t\t<div class=\"col-sm-6\"><div class=\"col-sm-6\"><div class=\"col-sm-6\"><p>En ocasiones, las criaturas atraviesan malestares, dificultades o bloqueos que no pueden elaborar, que les superan internamente y afectan a su desarrollo sano.<\/p><p>La ayuda Psicomotriz acompa\u00f1a el <strong>desarrollo de estas criaturas<\/strong> que necesitan una ayuda en su proceso de crecimiento. Lo hace a trav\u00e9s de la <strong>acci\u00f3n<\/strong>, la <strong>relaci\u00f3n<\/strong>, el <strong>movimiento<\/strong> y el <strong>juego<\/strong> <strong>corporal<\/strong>.<\/p><p>Es un trabajo que utilizamos para criaturas en la <strong>primera<\/strong> <strong>infancia<\/strong> o con aquellas que necesitan volver a transitar alguno de estos primeros estadios, ya que por su idiosincrasia madurativa requieren de la presencia del cuerpo, las sensaciones y la globalidad en todo el proceso de adquisici\u00f3n terap\u00e9utico.<\/p><p>El proceso incluye a la <strong>familia<\/strong> y al <strong>espacio<\/strong> <strong>educativo<\/strong> de la criatura, posibilitando un <strong>trabajo<\/strong> <strong>global<\/strong> y de coordinaci\u00f3n con su entorno m\u00e1s inmediato. Las modalidades de intervenci\u00f3n son en sesiones <strong>individuales<\/strong> o en <strong>peque\u00f1o<\/strong> <strong>grupo<\/strong>, en funci\u00f3n de sus necesidades.<\/p><p>Posibles situaciones que atendemos, entre otras, son:<\/p><ul><li>Emociones desbordantes<\/li><li>Falta de movilidad adecuada a su etapa evolutiva<\/li><li>Control de esf\u00ednteres<\/li><li>Autorregulaci\u00f3n<\/li><li>Tics nerviosos<\/li><li>Compulsiones<\/li><li>Etc.<\/li><\/ul><\/div><\/div><\/div>\t\t\t\t\t\t\t\t<\/div>\n\t\t\t\t<\/div>\n\t\t\t\t<\/div>\n\t\t\t\t<\/div>\n\t\t\t\t\t<\/div>\n\t\t\t\t<\/div>\n\t\t<div class=\"elementor-element elementor-element-24dbec6 e-flex e-con-boxed e-con e-parent\" data-id=\"24dbec6\" data-element_type=\"container\" id=\"supervision\">\n\t\t\t\t\t<div class=\"e-con-inner\">\n\t\t\t\t<div class=\"elementor-element elementor-element-a21635f elementor-widget elementor-widget-heading\" data-id=\"a21635f\" data-element_type=\"widget\" data-widget_type=\"heading.default\">\n\t\t\t\t<div class=\"elementor-widget-container\">\n\t\t\t\t\t<h2 class=\"elementor-heading-title elementor-size-default\">Supervisi\u00f3n de equipos<\/h2>\t\t\t\t<\/div>\n\t\t\t\t<\/div>\n\t\t<div class=\"elementor-element elementor-element-4022b40 e-con-full e-flex e-con e-child\" data-id=\"4022b40\" data-element_type=\"container\">\n\t\t<div class=\"elementor-element elementor-element-a8c6004 e-con-full e-flex e-con e-child\" data-id=\"a8c6004\" data-element_type=\"container\">\n\t\t\t\t<div class=\"elementor-element elementor-element-02a8541 elementor-widget elementor-widget-text-editor\" data-id=\"02a8541\" data-element_type=\"widget\" data-widget_type=\"text-editor.default\">\n\t\t\t\t<div class=\"elementor-widget-container\">\n\t\t\t\t\t\t\t\t\t<div class=\"col-sm-6\"><div class=\"col-sm-6\"><div class=\"col-sm-6\"><div class=\"col-sm-6\"><p>Trabajar con persones es una tarea muy enriquecedora y, a su vez, compleja. A menudo se mezclan subjetividades y nos falta una mirada externa para encontrar la salida a situaciones donde nos enganchamos, puntos ciegos o realidades que se escapan de nuestro conocimiento,.<\/p><p>La supervisi\u00f3n que ofrecemos est\u00e1 enfocada a:<\/p><ul><li>Equipos pedag\u00f3gicos<\/li><li>Psic\u00f3logas familiares<\/li><li>Homeschoolers<\/li><li>Acompa\u00f1antes de proyectos<\/li><\/ul><p>Trabajamos tanto en formato individual, como en grupos mensuales con un m\u00e1ximo de 10 personas para poder escuchar todas las voces. El trabajo y la t\u00e9cnica usada siempre depende de la demanda de las personas que consultan. Trabajamos situaciones tipo:<\/p><ul><li>Casos de criaturas o familias a quienes se acompa\u00f1e<\/li><li>Dificultades en la estructura del equipo<\/li><li>Reorganizaci\u00f3n del proyecto y nuevas perspectivas de funcionamiento<\/li><li>Situaciones de la pr\u00e1ctica profesional que reflejen malestares personales<\/li><li>Etc.<\/li><\/ul><\/div><\/div><\/div><\/div>\t\t\t\t\t\t\t\t<\/div>\n\t\t\t\t<\/div>\n\t\t\t\t<\/div>\n\t\t<div class=\"elementor-element elementor-element-9c8e2a2 e-con-full e-flex e-con e-child\" data-id=\"9c8e2a2\" data-element_type=\"container\" data-settings=\"{&quot;background_background&quot;:&quot;classic&quot;}\">\n\t\t\t\t<\/div>\n\t\t\t\t<\/div>\n\t\t\t\t\t<\/div>\n\t\t\t\t<\/div>\n\t\t\t\t<\/div>\n\t\t","protected":false},"excerpt":{"rendered":"<p>Servicios Desde Acompa\u00f1amiento Familiar priorizamos tu bienestar, ya sea en la crianza, como en tu vida familiar, como en cualquier otro \u00e1mbito de tu d\u00eda a d\u00eda. Para nosotras, la salud radica en encontrar el equilibrio en todas nuestras relaciones. Poder crecer y fluir en armon\u00eda es b\u00e1sico para una Vida llena y sana. Te [&hellip;]<\/p>\n","protected":false},"author":1,"featured_media":0,"parent":0,"menu_order":0,"comment_status":"closed","ping_status":"closed","template":"","meta":{"footnotes":""},"class_list":["post-57","page","type-page","status-publish","hentry"],"yoast_head":"<!-- This site is optimized with the Yoast SEO plugin v26.8 - https:\/\/yoast.com\/product\/yoast-seo-wordpress\/ -->\n<title>Servicios - Acompanyament Familiar<\/title>\n<meta name=\"robots\" content=\"index, follow, max-snippet:-1, max-image-preview:large, max-video-preview:-1\" \/>\n<link rel=\"canonical\" href=\"https:\/\/acompanyamentfamiliar.com\/es\/servicios\/\" \/>\n<meta property=\"og:locale\" content=\"es_ES\" \/>\n<meta property=\"og:type\" content=\"article\" \/>\n<meta property=\"og:title\" content=\"Servicios - Acompanyament Familiar\" \/>\n<meta property=\"og:description\" content=\"Servicios Desde Acompa\u00f1amiento Familiar priorizamos tu bienestar, ya sea en la crianza, como en tu vida familiar, como en cualquier otro \u00e1mbito de tu d\u00eda a d\u00eda. Para nosotras, la salud radica en encontrar el equilibrio en todas nuestras relaciones. Poder crecer y fluir en armon\u00eda es b\u00e1sico para una Vida llena y sana. Te [&hellip;]\" \/>\n<meta property=\"og:url\" content=\"https:\/\/acompanyamentfamiliar.com\/es\/servicios\/\" \/>\n<meta property=\"og:site_name\" content=\"Acompanyament Familiar\" \/>\n<meta property=\"article:modified_time\" content=\"2025-05-09T14:26:31+00:00\" \/>\n<meta name=\"twitter:card\" content=\"summary_large_image\" \/>\n<meta name=\"twitter:label1\" content=\"Tiempo de lectura\" \/>\n\t<meta name=\"twitter:data1\" content=\"4 minutos\" \/>\n<script type=\"application\/ld+json\" class=\"yoast-schema-graph\">{\"@context\":\"https:\/\/schema.org\",\"@graph\":[{\"@type\":\"WebPage\",\"@id\":\"https:\/\/acompanyamentfamiliar.com\/es\/servicios\/\",\"url\":\"https:\/\/acompanyamentfamiliar.com\/es\/servicios\/\",\"name\":\"Servicios - Acompanyament Familiar\",\"isPartOf\":{\"@id\":\"https:\/\/acompanyamentfamiliar.com\/es\/#website\"},\"datePublished\":\"2025-03-21T12:50:46+00:00\",\"dateModified\":\"2025-05-09T14:26:31+00:00\",\"breadcrumb\":{\"@id\":\"https:\/\/acompanyamentfamiliar.com\/es\/servicios\/#breadcrumb\"},\"inLanguage\":\"es\",\"potentialAction\":[{\"@type\":\"ReadAction\",\"target\":[\"https:\/\/acompanyamentfamiliar.com\/es\/servicios\/\"]}]},{\"@type\":\"BreadcrumbList\",\"@id\":\"https:\/\/acompanyamentfamiliar.com\/es\/servicios\/#breadcrumb\",\"itemListElement\":[{\"@type\":\"ListItem\",\"position\":1,\"name\":\"Portada\",\"item\":\"https:\/\/acompanyamentfamiliar.com\/es\/\"},{\"@type\":\"ListItem\",\"position\":2,\"name\":\"Servicios\"}]},{\"@type\":\"WebSite\",\"@id\":\"https:\/\/acompanyamentfamiliar.com\/es\/#website\",\"url\":\"https:\/\/acompanyamentfamiliar.com\/es\/\",\"name\":\"Acompanyament Familiar\",\"description\":\"Psic\u00f3logas en Barcelona: Acompa\u00f1amiento familiar\",\"publisher\":{\"@id\":\"https:\/\/acompanyamentfamiliar.com\/es\/#organization\"},\"potentialAction\":[{\"@type\":\"SearchAction\",\"target\":{\"@type\":\"EntryPoint\",\"urlTemplate\":\"https:\/\/acompanyamentfamiliar.com\/es\/?s={search_term_string}\"},\"query-input\":{\"@type\":\"PropertyValueSpecification\",\"valueRequired\":true,\"valueName\":\"search_term_string\"}}],\"inLanguage\":\"es\"},{\"@type\":\"Organization\",\"@id\":\"https:\/\/acompanyamentfamiliar.com\/es\/#organization\",\"name\":\"Acompanyament Familiar\",\"url\":\"https:\/\/acompanyamentfamiliar.com\/es\/\",\"logo\":{\"@type\":\"ImageObject\",\"inLanguage\":\"es\",\"@id\":\"https:\/\/acompanyamentfamiliar.com\/es\/#\/schema\/logo\/image\/\",\"url\":\"https:\/\/acompanyamentfamiliar.com\/wp-content\/uploads\/2025\/03\/logo_acompanyamnet_familiar.png\",\"contentUrl\":\"https:\/\/acompanyamentfamiliar.com\/wp-content\/uploads\/2025\/03\/logo_acompanyamnet_familiar.png\",\"width\":241,\"height\":126,\"caption\":\"Acompanyament Familiar\"},\"image\":{\"@id\":\"https:\/\/acompanyamentfamiliar.com\/es\/#\/schema\/logo\/image\/\"}}]}<\/script>\n<!-- \/ Yoast SEO plugin. -->","yoast_head_json":{"title":"Servicios - Acompanyament Familiar","robots":{"index":"index","follow":"follow","max-snippet":"max-snippet:-1","max-image-preview":"max-image-preview:large","max-video-preview":"max-video-preview:-1"},"canonical":"https:\/\/acompanyamentfamiliar.com\/es\/servicios\/","og_locale":"es_ES","og_type":"article","og_title":"Servicios - Acompanyament Familiar","og_description":"Servicios Desde Acompa\u00f1amiento Familiar priorizamos tu bienestar, ya sea en la crianza, como en tu vida familiar, como en cualquier otro \u00e1mbito de tu d\u00eda a d\u00eda. Para nosotras, la salud radica en encontrar el equilibrio en todas nuestras relaciones. Poder crecer y fluir en armon\u00eda es b\u00e1sico para una Vida llena y sana. Te [&hellip;]","og_url":"https:\/\/acompanyamentfamiliar.com\/es\/servicios\/","og_site_name":"Acompanyament Familiar","article_modified_time":"2025-05-09T14:26:31+00:00","twitter_card":"summary_large_image","twitter_misc":{"Tiempo de lectura":"4 minutos"},"schema":{"@context":"https:\/\/schema.org","@graph":[{"@type":"WebPage","@id":"https:\/\/acompanyamentfamiliar.com\/es\/servicios\/","url":"https:\/\/acompanyamentfamiliar.com\/es\/servicios\/","name":"Servicios - Acompanyament Familiar","isPartOf":{"@id":"https:\/\/acompanyamentfamiliar.com\/es\/#website"},"datePublished":"2025-03-21T12:50:46+00:00","dateModified":"2025-05-09T14:26:31+00:00","breadcrumb":{"@id":"https:\/\/acompanyamentfamiliar.com\/es\/servicios\/#breadcrumb"},"inLanguage":"es","potentialAction":[{"@type":"ReadAction","target":["https:\/\/acompanyamentfamiliar.com\/es\/servicios\/"]}]},{"@type":"BreadcrumbList","@id":"https:\/\/acompanyamentfamiliar.com\/es\/servicios\/#breadcrumb","itemListElement":[{"@type":"ListItem","position":1,"name":"Portada","item":"https:\/\/acompanyamentfamiliar.com\/es\/"},{"@type":"ListItem","position":2,"name":"Servicios"}]},{"@type":"WebSite","@id":"https:\/\/acompanyamentfamiliar.com\/es\/#website","url":"https:\/\/acompanyamentfamiliar.com\/es\/","name":"Acompanyament Familiar","description":"Psic\u00f3logas en Barcelona: Acompa\u00f1amiento familiar","publisher":{"@id":"https:\/\/acompanyamentfamiliar.com\/es\/#organization"},"potentialAction":[{"@type":"SearchAction","target":{"@type":"EntryPoint","urlTemplate":"https:\/\/acompanyamentfamiliar.com\/es\/?s={search_term_string}"},"query-input":{"@type":"PropertyValueSpecification","valueRequired":true,"valueName":"search_term_string"}}],"inLanguage":"es"},{"@type":"Organization","@id":"https:\/\/acompanyamentfamiliar.com\/es\/#organization","name":"Acompanyament Familiar","url":"https:\/\/acompanyamentfamiliar.com\/es\/","logo":{"@type":"ImageObject","inLanguage":"es","@id":"https:\/\/acompanyamentfamiliar.com\/es\/#\/schema\/logo\/image\/","url":"https:\/\/acompanyamentfamiliar.com\/wp-content\/uploads\/2025\/03\/logo_acompanyamnet_familiar.png","contentUrl":"https:\/\/acompanyamentfamiliar.com\/wp-content\/uploads\/2025\/03\/logo_acompanyamnet_familiar.png","width":241,"height":126,"caption":"Acompanyament Familiar"},"image":{"@id":"https:\/\/acompanyamentfamiliar.com\/es\/#\/schema\/logo\/image\/"}}]}},"_links":{"self":[{"href":"https:\/\/acompanyamentfamiliar.com\/es\/wp-json\/wp\/v2\/pages\/57","targetHints":{"allow":["GET"]}}],"collection":[{"href":"https:\/\/acompanyamentfamiliar.com\/es\/wp-json\/wp\/v2\/pages"}],"about":[{"href":"https:\/\/acompanyamentfamiliar.com\/es\/wp-json\/wp\/v2\/types\/page"}],"author":[{"embeddable":true,"href":"https:\/\/acompanyamentfamiliar.com\/es\/wp-json\/wp\/v2\/users\/1"}],"replies":[{"embeddable":true,"href":"https:\/\/acompanyamentfamiliar.com\/es\/wp-json\/wp\/v2\/comments?post=57"}],"version-history":[{"count":46,"href":"https:\/\/acompanyamentfamiliar.com\/es\/wp-json\/wp\/v2\/pages\/57\/revisions"}],"predecessor-version":[{"id":2010,"href":"https:\/\/acompanyamentfamiliar.com\/es\/wp-json\/wp\/v2\/pages\/57\/revisions\/2010"}],"wp:attachment":[{"href":"https:\/\/acompanyamentfamiliar.com\/es\/wp-json\/wp\/v2\/media?parent=57"}],"curies":[{"name":"wp","href":"https:\/\/api.w.org\/{rel}","templated":true}]}}