{"id":600,"date":"2025-04-13T09:38:13","date_gmt":"2025-04-13T09:38:13","guid":{"rendered":"https:\/\/acompanyamentfamiliar.com\/?page_id=600"},"modified":"2025-05-09T14:39:07","modified_gmt":"2025-05-09T14:39:07","slug":"judit-labernia-reverter","status":"publish","type":"page","link":"https:\/\/acompanyamentfamiliar.com\/es\/equipo\/judit-labernia-reverter\/","title":{"rendered":"Judit Lab\u00e8rnia Reverter"},"content":{"rendered":"\t\t<div data-elementor-type=\"wp-page\" data-elementor-id=\"600\" class=\"elementor elementor-600\" data-elementor-post-type=\"page\">\n\t\t\t\t<div class=\"elementor-element elementor-element-c451329 e-flex e-con-boxed e-con e-parent\" data-id=\"c451329\" data-element_type=\"container\" data-settings=\"{&quot;background_background&quot;:&quot;classic&quot;}\">\n\t\t\t\t\t<div class=\"e-con-inner\">\n\t\t<div class=\"elementor-element elementor-element-87d1828 e-con-full e-flex e-con e-child\" data-id=\"87d1828\" data-element_type=\"container\">\n\t\t<div class=\"elementor-element elementor-element-5c1ac32 e-con-full e-flex e-con e-child\" data-id=\"5c1ac32\" data-element_type=\"container\">\n\t\t\t\t<div class=\"elementor-element elementor-element-daa0fff elementor-widget elementor-widget-heading\" data-id=\"daa0fff\" data-element_type=\"widget\" data-widget_type=\"heading.default\">\n\t\t\t\t<div class=\"elementor-widget-container\">\n\t\t\t\t\t<h1 class=\"elementor-heading-title elementor-size-default\">Judit Lab\u00e8rnia Reverter<\/h1>\t\t\t\t<\/div>\n\t\t\t\t<\/div>\n\t\t\t\t<div class=\"elementor-element elementor-element-c69adf2 elementor-widget elementor-widget-text-editor\" data-id=\"c69adf2\" data-element_type=\"widget\" data-widget_type=\"text-editor.default\">\n\t\t\t\t<div class=\"elementor-widget-container\">\n\t\t\t\t\t\t\t\t\t<div class=\"col-sm-6 my-auto\"><h2>Psic\u00f3loga y Psicoterapeuta especializada en sexualidad y perinatal<\/h2><\/div><div class=\"col-sm-6 text-center my-auto\">\u00a0<\/div>\t\t\t\t\t\t\t\t<\/div>\n\t\t\t\t<\/div>\n\t\t\t\t<\/div>\n\t\t<div class=\"elementor-element elementor-element-f701a00 e-con-full e-flex e-con e-child\" data-id=\"f701a00\" data-element_type=\"container\">\n\t\t\t\t<div class=\"elementor-element elementor-element-631e7f5 elementor-widget elementor-widget-image\" data-id=\"631e7f5\" data-element_type=\"widget\" data-widget_type=\"image.default\">\n\t\t\t\t<div class=\"elementor-widget-container\">\n\t\t\t\t\t\t\t\t\t\t\t\t\t\t\t<img fetchpriority=\"high\" decoding=\"async\" width=\"225\" height=\"225\" src=\"https:\/\/acompanyamentfamiliar.com\/wp-content\/uploads\/2025\/03\/judit-labernia.jpeg\" class=\"attachment-large size-large wp-image-118\" alt=\"Judit Labernia - Equip Acompanyament familiar\" srcset=\"https:\/\/acompanyamentfamiliar.com\/wp-content\/uploads\/2025\/03\/judit-labernia.jpeg 225w, https:\/\/acompanyamentfamiliar.com\/wp-content\/uploads\/2025\/03\/judit-labernia-150x150.jpeg 150w\" sizes=\"(max-width: 225px) 100vw, 225px\" \/>\t\t\t\t\t\t\t\t\t\t\t\t\t\t\t<\/div>\n\t\t\t\t<\/div>\n\t\t\t\t<\/div>\n\t\t\t\t<\/div>\n\t\t\t\t\t<\/div>\n\t\t\t\t<\/div>\n\t\t<div class=\"elementor-element elementor-element-cdd850e e-flex e-con-boxed e-con e-parent\" data-id=\"cdd850e\" data-element_type=\"container\">\n\t\t\t\t\t<div class=\"e-con-inner\">\n\t\t<div class=\"elementor-element elementor-element-ea1c755 e-con-full e-flex e-con e-child\" data-id=\"ea1c755\" data-element_type=\"container\">\n\t\t<div class=\"elementor-element elementor-element-98730eb e-con-full e-flex e-con e-child\" data-id=\"98730eb\" data-element_type=\"container\">\n\t\t<div class=\"elementor-element elementor-element-95be84c e-con-full e-flex e-con e-child\" data-id=\"95be84c\" data-element_type=\"container\">\n\t\t\t\t<div class=\"elementor-element elementor-element-b8b77c0 elementor-widget elementor-widget-text-editor\" data-id=\"b8b77c0\" data-element_type=\"widget\" data-widget_type=\"text-editor.default\">\n\t\t\t\t<div class=\"elementor-widget-container\">\n\t\t\t\t\t\t\t\t\t<p class=\"ql-align-justify\">Provengo de un pueblo del sur de Catalu\u00f1a, donde nac\u00ed y crec\u00ed con la oportunidad de vivir la tierra y los cuidados que le ofrec\u00eda mi familia como forma subsistir. All\u00ed floreci\u00f3 en m\u00ed un fuerte reconocimiento y conexi\u00f3n con los ciclos inherentes a la naturaleza.\u00a0<\/p><p class=\"ql-align-justify\">En ese lugar, tambi\u00e9n descubr\u00ed mi inter\u00e9s genuino por los ciclos biol\u00f3gicos y vitales de las personas; decidiendo estudiar la\u00a0<strong>licenciatura en Psicolog\u00eda<\/strong>\u00a0y traslad\u00e1ndome a la ciudad en 2006, para empezar mi trayectoria formativa en la \u201cUniversitat de Barcelona\u201d. La misma que sigo actualizando y ampliando con el transcurso de los a\u00f1os.<\/p><p class=\"ql-align-justify\">En concreto, este 2021 iniciar\u00e9 el recorrido entorno al tratamiento espec\u00edfico del trauma mediante el sistema de\u00a0<strong>Somatic Experiencing<\/strong>. Esto, forma parte de mi plan futuro a corto plazo. El tramo en el que me encuentro actualmente es el\u00a0<strong>Postgrado de Psicolog\u00eda Perinatal<\/strong>\u00a0de la URV (2020-2021), para ampliar los conocimientos y aprendizajes adquiridos el 2016, en la\u00a0<strong>Formaci\u00f3n en Salud Mental Perinatal<\/strong>\u00a0de Terra Mater (actualmente impartido por el Instituto Europeo de Salud Mental Perinatal).\u00a0<\/p><p class=\"ql-align-justify\">Entre estas formaciones, que nutren la atenci\u00f3n perinatal que ofrezco en \u201c<em>Acompanyament Familiar\u201d<\/em>, realic\u00e9 otras dos. Ellas me aportaron diferentes recursos, los cuales configuran parte del enfoque que doy, hoy en d\u00eda, a mi acompa\u00f1amiento psicoterap\u00e9utico.\u00a0<\/p><p class=\"ql-align-justify\">En el 2016-2018, con el\u00a0<strong>M\u00e1ster en Crecimiento Sexual y de Pareja<\/strong>, ofrecido por el \u201cInstitut Gom\u00e0\u201d, continu\u00e9 ampliando algunos de los aprendizajes que desde siempre hicieron vibrar mi interior, a la vez que adquir\u00eda muchas herramientas para el trabajo y acompa\u00f1amiento de la sexualidad individual y de pareja. As\u00ed, d\u00ed continuidad al amplio abanico de asignaturas sobre sexualidad que curs\u00e9 en la Universidad de Salamanca, en mi \u00faltimo a\u00f1o de carrera, gracias a una beca S\u00e9neca.<\/p>\t\t\t\t\t\t\t\t<\/div>\n\t\t\t\t<\/div>\n\t\t\t\t<\/div>\n\t\t<div class=\"elementor-element elementor-element-8fbbe80 e-con-full e-flex e-con e-child\" data-id=\"8fbbe80\" data-element_type=\"container\">\n\t\t\t\t<div class=\"elementor-element elementor-element-c97acc2 elementor-widget elementor-widget-text-editor\" data-id=\"c97acc2\" data-element_type=\"widget\" data-widget_type=\"text-editor.default\">\n\t\t\t\t<div class=\"elementor-widget-container\">\n\t\t\t\t\t\t\t\t\t<p class=\"ql-align-justify\">El mismo 2018, finalic\u00e9 el\u00a0<strong>M\u00e1ster Pr\u00e1ctico en Psicoterapia Integradora\u00a0<\/strong>del \u201cInstitut Mensalus\u201d, del cual en 2014 ya hab\u00eda cursado el primer a\u00f1o. El segundo curso lo pospuse porque, en la carrera de la vida, entr\u00e9 de lleno en la maternidad. Con esta pausa acad\u00e9mica, me permit\u00ed danzar este ciclo vital en m\u00ed, redescubri\u00e9ndome y respetando mis necesidades.<\/p><p class=\"ql-align-justify\">Mi curiosidad y mi deseo de comprender con la mayor perspectiva posible, junto con mi\u00a0<em>af\u00e1n por acompa\u00f1ar a las personas en el desarrollo y maximizaci\u00f3n de su autoconocimiento y bienestar<\/em>, me han llevado a transitar diversidad de peque\u00f1as formaciones; acompa\u00f1amiento a la sexualidad infantil, acompa\u00f1amiento a la sexualidad masculina, aromaterapia cl\u00ednica para el per\u00edodo perinatal, terapias complementarias (Reiki), dinamizadora de grupos de Mujer Medicina, talleres espec\u00edficos de Somatic Experiencing, entre otras. (Para ver mi recorrido completo puedes ir a\u00a0<a href=\"https:\/\/bocidemi.wordpress.com\/\" target=\"_blank\" rel=\"noopener\">https:\/\/bocidemi.wordpress.com\/<\/a>\u00a0)<\/p><p class=\"ql-align-justify\">Si bien la riqueza de los conocimientos adquiridos en todas ellas es abundante y la decisi\u00f3n de especializarme en psicoterapia, sexualidad y perinatal ha construido mi direcci\u00f3n profesional, lo que verdaderamente me supone una expansi\u00f3n sin precedente es la vivencia de la maternidad. Porque atravesada por esta, en el proceso de redescubrirme, es donde\u00a0<em>me abro completamente a la escucha emp\u00e1tica de los mundos, las voces y las experiencias de las otras mujeres<\/em>\u00a0(en ocasiones, hombres)\u00a0<em>en torno a la maternidad<\/em>\u00a0(en ocasiones, paternidad)\u00a0<em>y su ser mujer<\/em>\u00a0(en ocasiones, ser hombre).\u00a0<\/p><p class=\"ql-align-justify\">Gracias a esto, transito espacios (internos y externos) que promueven y practican una crianza cada vez m\u00e1s respetuosa y coherente. Con sus vaivenes y con todos los remolinos que pueden llegar a abrirse para ordenarse y sanarse.\u00a0<strong><em>Entonces, es cuando todas estas formaciones se materializan en una misi\u00f3n, que se enriquece d\u00eda a d\u00eda observando los movimientos hacia el bienestar que se producen en las personas que, de alguna manera, conf\u00edan en ellas para emprender consciente y responsablemente su proceso y en m\u00ed para que las acompa\u00f1e en una parte del camino.<\/em><\/strong><\/p>\t\t\t\t\t\t\t\t<\/div>\n\t\t\t\t<\/div>\n\t\t\t\t<\/div>\n\t\t\t\t<\/div>\n\t\t\t\t<\/div>\n\t\t\t\t\t<\/div>\n\t\t\t\t<\/div>\n\t\t\t\t<\/div>\n\t\t","protected":false},"excerpt":{"rendered":"<p>Judit Lab\u00e8rnia Reverter Psic\u00f3loga y Psicoterapeuta especializada en sexualidad y perinatal \u00a0 Provengo de un pueblo del sur de Catalu\u00f1a, donde nac\u00ed y crec\u00ed con la oportunidad de vivir la tierra y los cuidados que le ofrec\u00eda mi familia como forma subsistir. All\u00ed floreci\u00f3 en m\u00ed un fuerte reconocimiento y conexi\u00f3n con los ciclos inherentes [&hellip;]<\/p>\n","protected":false},"author":1,"featured_media":0,"parent":55,"menu_order":0,"comment_status":"closed","ping_status":"closed","template":"","meta":{"footnotes":""},"class_list":["post-600","page","type-page","status-publish","hentry"],"yoast_head":"<!-- This site is optimized with the Yoast SEO plugin v26.8 - https:\/\/yoast.com\/product\/yoast-seo-wordpress\/ -->\n<title>Judit Lab\u00e8rnia Reverter - Acompanyament Familiar<\/title>\n<meta name=\"robots\" content=\"index, follow, max-snippet:-1, max-image-preview:large, max-video-preview:-1\" \/>\n<link rel=\"canonical\" href=\"https:\/\/acompanyamentfamiliar.com\/es\/equipo\/judit-labernia-reverter\/\" \/>\n<meta property=\"og:locale\" content=\"es_ES\" \/>\n<meta property=\"og:type\" content=\"article\" \/>\n<meta property=\"og:title\" content=\"Judit Lab\u00e8rnia Reverter - Acompanyament Familiar\" \/>\n<meta property=\"og:description\" content=\"Judit Lab\u00e8rnia Reverter Psic\u00f3loga y Psicoterapeuta especializada en sexualidad y perinatal \u00a0 Provengo de un pueblo del sur de Catalu\u00f1a, donde nac\u00ed y crec\u00ed con la oportunidad de vivir la tierra y los cuidados que le ofrec\u00eda mi familia como forma subsistir. All\u00ed floreci\u00f3 en m\u00ed un fuerte reconocimiento y conexi\u00f3n con los ciclos inherentes [&hellip;]\" \/>\n<meta property=\"og:url\" content=\"https:\/\/acompanyamentfamiliar.com\/es\/equipo\/judit-labernia-reverter\/\" \/>\n<meta property=\"og:site_name\" content=\"Acompanyament Familiar\" \/>\n<meta property=\"article:modified_time\" content=\"2025-05-09T14:39:07+00:00\" \/>\n<meta property=\"og:image\" content=\"https:\/\/acompanyamentfamiliar.com\/wp-content\/uploads\/2025\/03\/judit-labernia.jpeg\" \/>\n\t<meta property=\"og:image:width\" content=\"225\" \/>\n\t<meta property=\"og:image:height\" content=\"225\" \/>\n\t<meta property=\"og:image:type\" content=\"image\/jpeg\" \/>\n<meta name=\"twitter:card\" content=\"summary_large_image\" \/>\n<meta name=\"twitter:label1\" content=\"Tiempo de lectura\" \/>\n\t<meta name=\"twitter:data1\" content=\"4 minutos\" \/>\n<script type=\"application\/ld+json\" class=\"yoast-schema-graph\">{\"@context\":\"https:\/\/schema.org\",\"@graph\":[{\"@type\":\"WebPage\",\"@id\":\"https:\/\/acompanyamentfamiliar.com\/es\/equipo\/judit-labernia-reverter\/\",\"url\":\"https:\/\/acompanyamentfamiliar.com\/es\/equipo\/judit-labernia-reverter\/\",\"name\":\"Judit Lab\u00e8rnia Reverter - Acompanyament Familiar\",\"isPartOf\":{\"@id\":\"https:\/\/acompanyamentfamiliar.com\/es\/#website\"},\"primaryImageOfPage\":{\"@id\":\"https:\/\/acompanyamentfamiliar.com\/es\/equipo\/judit-labernia-reverter\/#primaryimage\"},\"image\":{\"@id\":\"https:\/\/acompanyamentfamiliar.com\/es\/equipo\/judit-labernia-reverter\/#primaryimage\"},\"thumbnailUrl\":\"https:\/\/acompanyamentfamiliar.com\/wp-content\/uploads\/2025\/03\/judit-labernia.jpeg\",\"datePublished\":\"2025-04-13T09:38:13+00:00\",\"dateModified\":\"2025-05-09T14:39:07+00:00\",\"breadcrumb\":{\"@id\":\"https:\/\/acompanyamentfamiliar.com\/es\/equipo\/judit-labernia-reverter\/#breadcrumb\"},\"inLanguage\":\"es\",\"potentialAction\":[{\"@type\":\"ReadAction\",\"target\":[\"https:\/\/acompanyamentfamiliar.com\/es\/equipo\/judit-labernia-reverter\/\"]}]},{\"@type\":\"ImageObject\",\"inLanguage\":\"es\",\"@id\":\"https:\/\/acompanyamentfamiliar.com\/es\/equipo\/judit-labernia-reverter\/#primaryimage\",\"url\":\"https:\/\/acompanyamentfamiliar.com\/wp-content\/uploads\/2025\/03\/judit-labernia.jpeg\",\"contentUrl\":\"https:\/\/acompanyamentfamiliar.com\/wp-content\/uploads\/2025\/03\/judit-labernia.jpeg\"},{\"@type\":\"BreadcrumbList\",\"@id\":\"https:\/\/acompanyamentfamiliar.com\/es\/equipo\/judit-labernia-reverter\/#breadcrumb\",\"itemListElement\":[{\"@type\":\"ListItem\",\"position\":1,\"name\":\"Portada\",\"item\":\"https:\/\/acompanyamentfamiliar.com\/es\/\"},{\"@type\":\"ListItem\",\"position\":2,\"name\":\"Centro de Psic\u00f3logos de Barcelona\",\"item\":\"https:\/\/acompanyamentfamiliar.com\/es\/equipo\/\"},{\"@type\":\"ListItem\",\"position\":3,\"name\":\"Judit Lab\u00e8rnia Reverter\"}]},{\"@type\":\"WebSite\",\"@id\":\"https:\/\/acompanyamentfamiliar.com\/es\/#website\",\"url\":\"https:\/\/acompanyamentfamiliar.com\/es\/\",\"name\":\"Acompanyament Familiar\",\"description\":\"Psic\u00f3logas en Barcelona: Acompa\u00f1amiento familiar\",\"publisher\":{\"@id\":\"https:\/\/acompanyamentfamiliar.com\/es\/#organization\"},\"potentialAction\":[{\"@type\":\"SearchAction\",\"target\":{\"@type\":\"EntryPoint\",\"urlTemplate\":\"https:\/\/acompanyamentfamiliar.com\/es\/?s={search_term_string}\"},\"query-input\":{\"@type\":\"PropertyValueSpecification\",\"valueRequired\":true,\"valueName\":\"search_term_string\"}}],\"inLanguage\":\"es\"},{\"@type\":\"Organization\",\"@id\":\"https:\/\/acompanyamentfamiliar.com\/es\/#organization\",\"name\":\"Acompanyament Familiar\",\"url\":\"https:\/\/acompanyamentfamiliar.com\/es\/\",\"logo\":{\"@type\":\"ImageObject\",\"inLanguage\":\"es\",\"@id\":\"https:\/\/acompanyamentfamiliar.com\/es\/#\/schema\/logo\/image\/\",\"url\":\"https:\/\/acompanyamentfamiliar.com\/wp-content\/uploads\/2025\/03\/logo_acompanyamnet_familiar.png\",\"contentUrl\":\"https:\/\/acompanyamentfamiliar.com\/wp-content\/uploads\/2025\/03\/logo_acompanyamnet_familiar.png\",\"width\":241,\"height\":126,\"caption\":\"Acompanyament Familiar\"},\"image\":{\"@id\":\"https:\/\/acompanyamentfamiliar.com\/es\/#\/schema\/logo\/image\/\"}}]}<\/script>\n<!-- \/ Yoast SEO plugin. -->","yoast_head_json":{"title":"Judit Lab\u00e8rnia Reverter - Acompanyament Familiar","robots":{"index":"index","follow":"follow","max-snippet":"max-snippet:-1","max-image-preview":"max-image-preview:large","max-video-preview":"max-video-preview:-1"},"canonical":"https:\/\/acompanyamentfamiliar.com\/es\/equipo\/judit-labernia-reverter\/","og_locale":"es_ES","og_type":"article","og_title":"Judit Lab\u00e8rnia Reverter - Acompanyament Familiar","og_description":"Judit Lab\u00e8rnia Reverter Psic\u00f3loga y Psicoterapeuta especializada en sexualidad y perinatal \u00a0 Provengo de un pueblo del sur de Catalu\u00f1a, donde nac\u00ed y crec\u00ed con la oportunidad de vivir la tierra y los cuidados que le ofrec\u00eda mi familia como forma subsistir. All\u00ed floreci\u00f3 en m\u00ed un fuerte reconocimiento y conexi\u00f3n con los ciclos inherentes [&hellip;]","og_url":"https:\/\/acompanyamentfamiliar.com\/es\/equipo\/judit-labernia-reverter\/","og_site_name":"Acompanyament Familiar","article_modified_time":"2025-05-09T14:39:07+00:00","og_image":[{"width":225,"height":225,"url":"https:\/\/acompanyamentfamiliar.com\/wp-content\/uploads\/2025\/03\/judit-labernia.jpeg","type":"image\/jpeg"}],"twitter_card":"summary_large_image","twitter_misc":{"Tiempo de lectura":"4 minutos"},"schema":{"@context":"https:\/\/schema.org","@graph":[{"@type":"WebPage","@id":"https:\/\/acompanyamentfamiliar.com\/es\/equipo\/judit-labernia-reverter\/","url":"https:\/\/acompanyamentfamiliar.com\/es\/equipo\/judit-labernia-reverter\/","name":"Judit Lab\u00e8rnia Reverter - Acompanyament Familiar","isPartOf":{"@id":"https:\/\/acompanyamentfamiliar.com\/es\/#website"},"primaryImageOfPage":{"@id":"https:\/\/acompanyamentfamiliar.com\/es\/equipo\/judit-labernia-reverter\/#primaryimage"},"image":{"@id":"https:\/\/acompanyamentfamiliar.com\/es\/equipo\/judit-labernia-reverter\/#primaryimage"},"thumbnailUrl":"https:\/\/acompanyamentfamiliar.com\/wp-content\/uploads\/2025\/03\/judit-labernia.jpeg","datePublished":"2025-04-13T09:38:13+00:00","dateModified":"2025-05-09T14:39:07+00:00","breadcrumb":{"@id":"https:\/\/acompanyamentfamiliar.com\/es\/equipo\/judit-labernia-reverter\/#breadcrumb"},"inLanguage":"es","potentialAction":[{"@type":"ReadAction","target":["https:\/\/acompanyamentfamiliar.com\/es\/equipo\/judit-labernia-reverter\/"]}]},{"@type":"ImageObject","inLanguage":"es","@id":"https:\/\/acompanyamentfamiliar.com\/es\/equipo\/judit-labernia-reverter\/#primaryimage","url":"https:\/\/acompanyamentfamiliar.com\/wp-content\/uploads\/2025\/03\/judit-labernia.jpeg","contentUrl":"https:\/\/acompanyamentfamiliar.com\/wp-content\/uploads\/2025\/03\/judit-labernia.jpeg"},{"@type":"BreadcrumbList","@id":"https:\/\/acompanyamentfamiliar.com\/es\/equipo\/judit-labernia-reverter\/#breadcrumb","itemListElement":[{"@type":"ListItem","position":1,"name":"Portada","item":"https:\/\/acompanyamentfamiliar.com\/es\/"},{"@type":"ListItem","position":2,"name":"Centro de Psic\u00f3logos de Barcelona","item":"https:\/\/acompanyamentfamiliar.com\/es\/equipo\/"},{"@type":"ListItem","position":3,"name":"Judit Lab\u00e8rnia Reverter"}]},{"@type":"WebSite","@id":"https:\/\/acompanyamentfamiliar.com\/es\/#website","url":"https:\/\/acompanyamentfamiliar.com\/es\/","name":"Acompanyament Familiar","description":"Psic\u00f3logas en Barcelona: Acompa\u00f1amiento familiar","publisher":{"@id":"https:\/\/acompanyamentfamiliar.com\/es\/#organization"},"potentialAction":[{"@type":"SearchAction","target":{"@type":"EntryPoint","urlTemplate":"https:\/\/acompanyamentfamiliar.com\/es\/?s={search_term_string}"},"query-input":{"@type":"PropertyValueSpecification","valueRequired":true,"valueName":"search_term_string"}}],"inLanguage":"es"},{"@type":"Organization","@id":"https:\/\/acompanyamentfamiliar.com\/es\/#organization","name":"Acompanyament Familiar","url":"https:\/\/acompanyamentfamiliar.com\/es\/","logo":{"@type":"ImageObject","inLanguage":"es","@id":"https:\/\/acompanyamentfamiliar.com\/es\/#\/schema\/logo\/image\/","url":"https:\/\/acompanyamentfamiliar.com\/wp-content\/uploads\/2025\/03\/logo_acompanyamnet_familiar.png","contentUrl":"https:\/\/acompanyamentfamiliar.com\/wp-content\/uploads\/2025\/03\/logo_acompanyamnet_familiar.png","width":241,"height":126,"caption":"Acompanyament Familiar"},"image":{"@id":"https:\/\/acompanyamentfamiliar.com\/es\/#\/schema\/logo\/image\/"}}]}},"_links":{"self":[{"href":"https:\/\/acompanyamentfamiliar.com\/es\/wp-json\/wp\/v2\/pages\/600","targetHints":{"allow":["GET"]}}],"collection":[{"href":"https:\/\/acompanyamentfamiliar.com\/es\/wp-json\/wp\/v2\/pages"}],"about":[{"href":"https:\/\/acompanyamentfamiliar.com\/es\/wp-json\/wp\/v2\/types\/page"}],"author":[{"embeddable":true,"href":"https:\/\/acompanyamentfamiliar.com\/es\/wp-json\/wp\/v2\/users\/1"}],"replies":[{"embeddable":true,"href":"https:\/\/acompanyamentfamiliar.com\/es\/wp-json\/wp\/v2\/comments?post=600"}],"version-history":[{"count":14,"href":"https:\/\/acompanyamentfamiliar.com\/es\/wp-json\/wp\/v2\/pages\/600\/revisions"}],"predecessor-version":[{"id":2047,"href":"https:\/\/acompanyamentfamiliar.com\/es\/wp-json\/wp\/v2\/pages\/600\/revisions\/2047"}],"up":[{"embeddable":true,"href":"https:\/\/acompanyamentfamiliar.com\/es\/wp-json\/wp\/v2\/pages\/55"}],"wp:attachment":[{"href":"https:\/\/acompanyamentfamiliar.com\/es\/wp-json\/wp\/v2\/media?parent=600"}],"curies":[{"name":"wp","href":"https:\/\/api.w.org\/{rel}","templated":true}]}}