{"id":602,"date":"2025-04-13T09:37:23","date_gmt":"2025-04-13T09:37:23","guid":{"rendered":"https:\/\/acompanyamentfamiliar.com\/?page_id=602"},"modified":"2025-05-09T14:38:00","modified_gmt":"2025-05-09T14:38:00","slug":"ivet-vidal-2","status":"publish","type":"page","link":"https:\/\/acompanyamentfamiliar.com\/es\/equipo\/ivet-vidal-2\/","title":{"rendered":"Ivet Vidal"},"content":{"rendered":"\t\t<div data-elementor-type=\"wp-page\" data-elementor-id=\"602\" class=\"elementor elementor-602\" data-elementor-post-type=\"page\">\n\t\t\t\t<div class=\"elementor-element elementor-element-c451329 e-flex e-con-boxed e-con e-parent\" data-id=\"c451329\" data-element_type=\"container\" data-settings=\"{&quot;background_background&quot;:&quot;classic&quot;}\">\n\t\t\t\t\t<div class=\"e-con-inner\">\n\t\t<div class=\"elementor-element elementor-element-87d1828 e-con-full e-flex e-con e-child\" data-id=\"87d1828\" data-element_type=\"container\">\n\t\t<div class=\"elementor-element elementor-element-5c1ac32 e-con-full e-flex e-con e-child\" data-id=\"5c1ac32\" data-element_type=\"container\">\n\t\t\t\t<div class=\"elementor-element elementor-element-daa0fff elementor-widget elementor-widget-heading\" data-id=\"daa0fff\" data-element_type=\"widget\" data-widget_type=\"heading.default\">\n\t\t\t\t<div class=\"elementor-widget-container\">\n\t\t\t\t\t<h1 class=\"elementor-heading-title elementor-size-default\">Ivet Vidal<\/h1>\t\t\t\t<\/div>\n\t\t\t\t<\/div>\n\t\t\t\t<div class=\"elementor-element elementor-element-c69adf2 elementor-widget elementor-widget-text-editor\" data-id=\"c69adf2\" data-element_type=\"widget\" data-widget_type=\"text-editor.default\">\n\t\t\t\t<div class=\"elementor-widget-container\">\n\t\t\t\t\t\t\t\t\t<h2>Psic\u00f3loga infanto-juvenil y familiar<\/h2>\t\t\t\t\t\t\t\t<\/div>\n\t\t\t\t<\/div>\n\t\t\t\t<\/div>\n\t\t<div class=\"elementor-element elementor-element-f701a00 e-con-full e-flex e-con e-child\" data-id=\"f701a00\" data-element_type=\"container\">\n\t\t\t\t<div class=\"elementor-element elementor-element-631e7f5 elementor-widget elementor-widget-image\" data-id=\"631e7f5\" data-element_type=\"widget\" data-widget_type=\"image.default\">\n\t\t\t\t<div class=\"elementor-widget-container\">\n\t\t\t\t\t\t\t\t\t\t\t\t\t\t\t<img fetchpriority=\"high\" decoding=\"async\" width=\"225\" height=\"225\" src=\"https:\/\/acompanyamentfamiliar.com\/wp-content\/uploads\/2025\/04\/ivet-vidal.jpg\" class=\"attachment-large size-large wp-image-583\" alt=\"Ivet Vidal - Equipo Acompanyament Familiar\" srcset=\"https:\/\/acompanyamentfamiliar.com\/wp-content\/uploads\/2025\/04\/ivet-vidal.jpg 225w, https:\/\/acompanyamentfamiliar.com\/wp-content\/uploads\/2025\/04\/ivet-vidal-150x150.jpg 150w\" sizes=\"(max-width: 225px) 100vw, 225px\" \/>\t\t\t\t\t\t\t\t\t\t\t\t\t\t\t<\/div>\n\t\t\t\t<\/div>\n\t\t\t\t<\/div>\n\t\t\t\t<\/div>\n\t\t\t\t\t<\/div>\n\t\t\t\t<\/div>\n\t\t<div class=\"elementor-element elementor-element-cdd850e e-flex e-con-boxed e-con e-parent\" data-id=\"cdd850e\" data-element_type=\"container\">\n\t\t\t\t\t<div class=\"e-con-inner\">\n\t\t<div class=\"elementor-element elementor-element-ea1c755 e-con-full e-flex e-con e-child\" data-id=\"ea1c755\" data-element_type=\"container\">\n\t\t<div class=\"elementor-element elementor-element-98730eb e-con-full e-flex e-con e-child\" data-id=\"98730eb\" data-element_type=\"container\">\n\t\t<div class=\"elementor-element elementor-element-95be84c e-con-full e-flex e-con e-child\" data-id=\"95be84c\" data-element_type=\"container\">\n\t\t\t\t<div class=\"elementor-element elementor-element-b8b77c0 elementor-widget elementor-widget-text-editor\" data-id=\"b8b77c0\" data-element_type=\"widget\" data-widget_type=\"text-editor.default\">\n\t\t\t\t<div class=\"elementor-widget-container\">\n\t\t\t\t\t\t\t\t\t<p>Siempre me ha apasionado el campo de la Psicolog\u00eda, estudi\u00e9 la carrera hace m\u00e1s de 10 a\u00f1os inspirada por mi profesor de Psicolog\u00eda en bachillerato. Ya entonces realic\u00e9 un trabajo sobre las\u00a0<strong>din\u00e1micas escolares y el bullying<\/strong>\u00a0para entender los contextos de abuso y maltrato en clase.\u00a0<\/p><p>Decid\u00ed estudiar el\u00a0<strong>M\u00e1ster de Psicolog\u00eda General Sanitaria<\/strong>\u00a0para tener una amplia visi\u00f3n y promover el estado de salud mental de las personas. Realic\u00e9 un programa de rotaci\u00f3n hospitalaria en el\u00a0<strong>Hospital Sagrat Cor<\/strong>, atendidendo a pacientes de Psiquiatr\u00eda, UCI, oncolog\u00eda, etc. que me aport\u00f3 mucho bagaje y solidez.\u00a0<\/p><p>Siempre he combinado profesionalmente mi otra pasi\u00f3n, el canto, que me cautiva por el poder de expresi\u00f3n inconsciente que emana. Por lo que al acabar el M\u00e1ster realic\u00e9 una\u00a0<strong>investigaci\u00f3n centrada en la inclusi\u00f3n de la m\u00fasica en el tratamiento de ni\u00f1os con Trastorno del Espectro Autista<\/strong>. Conseguir que los infantes hablaran tras el tratamiento fue una de mis mayores alegr\u00edas.<\/p><p>Durante mi formaci\u00f3n estuve ejerciendo en\u00a0<strong>centros de desarrollo infantil y atenci\u00f3n precoz (CDIAP)<\/strong>\u00a0y en la\u00a0<strong>Asociaci\u00f3n TEA Terrassa<\/strong>, siempre orientada a infancia y familias. Aqu\u00ed vi de primera mano cu\u00e1n importantes son los primeros a\u00f1os de vida del infante y el v\u00ednculo que conforman con sus cuidadores, creando la base de su posterior desarrollo.\u00a0<\/p>\t\t\t\t\t\t\t\t<\/div>\n\t\t\t\t<\/div>\n\t\t\t\t<\/div>\n\t\t<div class=\"elementor-element elementor-element-8fbbe80 e-con-full e-flex e-con e-child\" data-id=\"8fbbe80\" data-element_type=\"container\">\n\t\t\t\t<div class=\"elementor-element elementor-element-c97acc2 elementor-widget elementor-widget-text-editor\" data-id=\"c97acc2\" data-element_type=\"widget\" data-widget_type=\"text-editor.default\">\n\t\t\t\t<div class=\"elementor-widget-container\">\n\t\t\t\t\t\t\t\t\t<p>Durante mis primeros a\u00f1os trabajando sent\u00ed mucha frustraci\u00f3n, pues observaba que los cambios con infantes se produc\u00edan muy lentamente, incluso en ocasiones volv\u00edan al punto de inicio. Entend\u00ed que me faltaba una parte de la ecuaci\u00f3n, las familias. Desde entonces los inclu\u00ed en el tratamiento y experiment\u00e9 que era m\u00e1s enriquecedor para conocer sus din\u00e1micas y poder orientarles en la crianza. Culmino este aprendizaje estudiando el\u00a0<strong>M\u00e1ster en Psicolog\u00eda Familiar Sist\u00e9mica en el Hospital de Sant Pau<\/strong>, donde ahora participo activamente con familias, ampliando mi visi\u00f3n de tratamiento al tejido contextual del infante. Actualmente tambi\u00e9n formo parte del equipo terap\u00e9utico de dos centros en el Vall\u00e9s y Barcelona, orientada al tratamiento de ni\u00f1os, adolescentes y familias.<\/p><p>En nuestra profesi\u00f3n,\u00a0<strong>nuestra persona es LA herramienta<\/strong>. Por lo que me formo de manera continua. A nivel personal he realizado en terapia un extenso trabajo de auto-conocimiento, analizando mis v\u00ednculos primarios y sanando todas las partes de m\u00ed que pudieran interferir en las sesiones. Entregada siempre a seguir aprendiendo y ser d\u00eda a d\u00eda una mejor persona para m\u00ed misma, para mi alrededor y para las familias que acompa\u00f1o.\u00a0<\/p>\t\t\t\t\t\t\t\t<\/div>\n\t\t\t\t<\/div>\n\t\t\t\t<\/div>\n\t\t\t\t<\/div>\n\t\t\t\t<\/div>\n\t\t\t\t\t<\/div>\n\t\t\t\t<\/div>\n\t\t\t\t<\/div>\n\t\t","protected":false},"excerpt":{"rendered":"<p>Ivet Vidal Psic\u00f3loga infanto-juvenil y familiar Siempre me ha apasionado el campo de la Psicolog\u00eda, estudi\u00e9 la carrera hace m\u00e1s de 10 a\u00f1os inspirada por mi profesor de Psicolog\u00eda en bachillerato. Ya entonces realic\u00e9 un trabajo sobre las\u00a0din\u00e1micas escolares y el bullying\u00a0para entender los contextos de abuso y maltrato en clase.\u00a0 Decid\u00ed estudiar el\u00a0M\u00e1ster de [&hellip;]<\/p>\n","protected":false},"author":1,"featured_media":0,"parent":55,"menu_order":0,"comment_status":"closed","ping_status":"closed","template":"","meta":{"footnotes":""},"class_list":["post-602","page","type-page","status-publish","hentry"],"yoast_head":"<!-- This site is optimized with the Yoast SEO plugin v26.8 - https:\/\/yoast.com\/product\/yoast-seo-wordpress\/ -->\n<title>Ivet Vidal - Acompanyament Familiar<\/title>\n<meta name=\"robots\" content=\"index, follow, max-snippet:-1, max-image-preview:large, max-video-preview:-1\" \/>\n<link rel=\"canonical\" href=\"https:\/\/acompanyamentfamiliar.com\/es\/equipo\/ivet-vidal-2\/\" \/>\n<meta property=\"og:locale\" content=\"es_ES\" \/>\n<meta property=\"og:type\" content=\"article\" \/>\n<meta property=\"og:title\" content=\"Ivet Vidal - Acompanyament Familiar\" \/>\n<meta property=\"og:description\" content=\"Ivet Vidal Psic\u00f3loga infanto-juvenil y familiar Siempre me ha apasionado el campo de la Psicolog\u00eda, estudi\u00e9 la carrera hace m\u00e1s de 10 a\u00f1os inspirada por mi profesor de Psicolog\u00eda en bachillerato. Ya entonces realic\u00e9 un trabajo sobre las\u00a0din\u00e1micas escolares y el bullying\u00a0para entender los contextos de abuso y maltrato en clase.\u00a0 Decid\u00ed estudiar el\u00a0M\u00e1ster de [&hellip;]\" \/>\n<meta property=\"og:url\" content=\"https:\/\/acompanyamentfamiliar.com\/es\/equipo\/ivet-vidal-2\/\" \/>\n<meta property=\"og:site_name\" content=\"Acompanyament Familiar\" \/>\n<meta property=\"article:modified_time\" content=\"2025-05-09T14:38:00+00:00\" \/>\n<meta property=\"og:image\" content=\"https:\/\/acompanyamentfamiliar.com\/wp-content\/uploads\/2025\/04\/ivet-vidal.jpg\" \/>\n\t<meta property=\"og:image:width\" content=\"225\" \/>\n\t<meta property=\"og:image:height\" content=\"225\" \/>\n\t<meta property=\"og:image:type\" content=\"image\/jpeg\" \/>\n<meta name=\"twitter:card\" content=\"summary_large_image\" \/>\n<meta name=\"twitter:label1\" content=\"Tiempo de lectura\" \/>\n\t<meta name=\"twitter:data1\" content=\"3 minutos\" \/>\n<script type=\"application\/ld+json\" class=\"yoast-schema-graph\">{\"@context\":\"https:\/\/schema.org\",\"@graph\":[{\"@type\":\"WebPage\",\"@id\":\"https:\/\/acompanyamentfamiliar.com\/es\/equipo\/ivet-vidal-2\/\",\"url\":\"https:\/\/acompanyamentfamiliar.com\/es\/equipo\/ivet-vidal-2\/\",\"name\":\"Ivet Vidal - Acompanyament Familiar\",\"isPartOf\":{\"@id\":\"https:\/\/acompanyamentfamiliar.com\/es\/#website\"},\"primaryImageOfPage\":{\"@id\":\"https:\/\/acompanyamentfamiliar.com\/es\/equipo\/ivet-vidal-2\/#primaryimage\"},\"image\":{\"@id\":\"https:\/\/acompanyamentfamiliar.com\/es\/equipo\/ivet-vidal-2\/#primaryimage\"},\"thumbnailUrl\":\"https:\/\/acompanyamentfamiliar.com\/wp-content\/uploads\/2025\/04\/ivet-vidal.jpg\",\"datePublished\":\"2025-04-13T09:37:23+00:00\",\"dateModified\":\"2025-05-09T14:38:00+00:00\",\"breadcrumb\":{\"@id\":\"https:\/\/acompanyamentfamiliar.com\/es\/equipo\/ivet-vidal-2\/#breadcrumb\"},\"inLanguage\":\"es\",\"potentialAction\":[{\"@type\":\"ReadAction\",\"target\":[\"https:\/\/acompanyamentfamiliar.com\/es\/equipo\/ivet-vidal-2\/\"]}]},{\"@type\":\"ImageObject\",\"inLanguage\":\"es\",\"@id\":\"https:\/\/acompanyamentfamiliar.com\/es\/equipo\/ivet-vidal-2\/#primaryimage\",\"url\":\"https:\/\/acompanyamentfamiliar.com\/wp-content\/uploads\/2025\/04\/ivet-vidal.jpg\",\"contentUrl\":\"https:\/\/acompanyamentfamiliar.com\/wp-content\/uploads\/2025\/04\/ivet-vidal.jpg\"},{\"@type\":\"BreadcrumbList\",\"@id\":\"https:\/\/acompanyamentfamiliar.com\/es\/equipo\/ivet-vidal-2\/#breadcrumb\",\"itemListElement\":[{\"@type\":\"ListItem\",\"position\":1,\"name\":\"Portada\",\"item\":\"https:\/\/acompanyamentfamiliar.com\/es\/\"},{\"@type\":\"ListItem\",\"position\":2,\"name\":\"Centro de Psic\u00f3logos de Barcelona\",\"item\":\"https:\/\/acompanyamentfamiliar.com\/es\/equipo\/\"},{\"@type\":\"ListItem\",\"position\":3,\"name\":\"Ivet Vidal\"}]},{\"@type\":\"WebSite\",\"@id\":\"https:\/\/acompanyamentfamiliar.com\/es\/#website\",\"url\":\"https:\/\/acompanyamentfamiliar.com\/es\/\",\"name\":\"Acompanyament Familiar\",\"description\":\"Psic\u00f3logas en Barcelona: Acompa\u00f1amiento familiar\",\"publisher\":{\"@id\":\"https:\/\/acompanyamentfamiliar.com\/es\/#organization\"},\"potentialAction\":[{\"@type\":\"SearchAction\",\"target\":{\"@type\":\"EntryPoint\",\"urlTemplate\":\"https:\/\/acompanyamentfamiliar.com\/es\/?s={search_term_string}\"},\"query-input\":{\"@type\":\"PropertyValueSpecification\",\"valueRequired\":true,\"valueName\":\"search_term_string\"}}],\"inLanguage\":\"es\"},{\"@type\":\"Organization\",\"@id\":\"https:\/\/acompanyamentfamiliar.com\/es\/#organization\",\"name\":\"Acompanyament Familiar\",\"url\":\"https:\/\/acompanyamentfamiliar.com\/es\/\",\"logo\":{\"@type\":\"ImageObject\",\"inLanguage\":\"es\",\"@id\":\"https:\/\/acompanyamentfamiliar.com\/es\/#\/schema\/logo\/image\/\",\"url\":\"https:\/\/acompanyamentfamiliar.com\/wp-content\/uploads\/2025\/03\/logo_acompanyamnet_familiar.png\",\"contentUrl\":\"https:\/\/acompanyamentfamiliar.com\/wp-content\/uploads\/2025\/03\/logo_acompanyamnet_familiar.png\",\"width\":241,\"height\":126,\"caption\":\"Acompanyament Familiar\"},\"image\":{\"@id\":\"https:\/\/acompanyamentfamiliar.com\/es\/#\/schema\/logo\/image\/\"}}]}<\/script>\n<!-- \/ Yoast SEO plugin. -->","yoast_head_json":{"title":"Ivet Vidal - Acompanyament Familiar","robots":{"index":"index","follow":"follow","max-snippet":"max-snippet:-1","max-image-preview":"max-image-preview:large","max-video-preview":"max-video-preview:-1"},"canonical":"https:\/\/acompanyamentfamiliar.com\/es\/equipo\/ivet-vidal-2\/","og_locale":"es_ES","og_type":"article","og_title":"Ivet Vidal - Acompanyament Familiar","og_description":"Ivet Vidal Psic\u00f3loga infanto-juvenil y familiar Siempre me ha apasionado el campo de la Psicolog\u00eda, estudi\u00e9 la carrera hace m\u00e1s de 10 a\u00f1os inspirada por mi profesor de Psicolog\u00eda en bachillerato. Ya entonces realic\u00e9 un trabajo sobre las\u00a0din\u00e1micas escolares y el bullying\u00a0para entender los contextos de abuso y maltrato en clase.\u00a0 Decid\u00ed estudiar el\u00a0M\u00e1ster de [&hellip;]","og_url":"https:\/\/acompanyamentfamiliar.com\/es\/equipo\/ivet-vidal-2\/","og_site_name":"Acompanyament Familiar","article_modified_time":"2025-05-09T14:38:00+00:00","og_image":[{"width":225,"height":225,"url":"https:\/\/acompanyamentfamiliar.com\/wp-content\/uploads\/2025\/04\/ivet-vidal.jpg","type":"image\/jpeg"}],"twitter_card":"summary_large_image","twitter_misc":{"Tiempo de lectura":"3 minutos"},"schema":{"@context":"https:\/\/schema.org","@graph":[{"@type":"WebPage","@id":"https:\/\/acompanyamentfamiliar.com\/es\/equipo\/ivet-vidal-2\/","url":"https:\/\/acompanyamentfamiliar.com\/es\/equipo\/ivet-vidal-2\/","name":"Ivet Vidal - Acompanyament Familiar","isPartOf":{"@id":"https:\/\/acompanyamentfamiliar.com\/es\/#website"},"primaryImageOfPage":{"@id":"https:\/\/acompanyamentfamiliar.com\/es\/equipo\/ivet-vidal-2\/#primaryimage"},"image":{"@id":"https:\/\/acompanyamentfamiliar.com\/es\/equipo\/ivet-vidal-2\/#primaryimage"},"thumbnailUrl":"https:\/\/acompanyamentfamiliar.com\/wp-content\/uploads\/2025\/04\/ivet-vidal.jpg","datePublished":"2025-04-13T09:37:23+00:00","dateModified":"2025-05-09T14:38:00+00:00","breadcrumb":{"@id":"https:\/\/acompanyamentfamiliar.com\/es\/equipo\/ivet-vidal-2\/#breadcrumb"},"inLanguage":"es","potentialAction":[{"@type":"ReadAction","target":["https:\/\/acompanyamentfamiliar.com\/es\/equipo\/ivet-vidal-2\/"]}]},{"@type":"ImageObject","inLanguage":"es","@id":"https:\/\/acompanyamentfamiliar.com\/es\/equipo\/ivet-vidal-2\/#primaryimage","url":"https:\/\/acompanyamentfamiliar.com\/wp-content\/uploads\/2025\/04\/ivet-vidal.jpg","contentUrl":"https:\/\/acompanyamentfamiliar.com\/wp-content\/uploads\/2025\/04\/ivet-vidal.jpg"},{"@type":"BreadcrumbList","@id":"https:\/\/acompanyamentfamiliar.com\/es\/equipo\/ivet-vidal-2\/#breadcrumb","itemListElement":[{"@type":"ListItem","position":1,"name":"Portada","item":"https:\/\/acompanyamentfamiliar.com\/es\/"},{"@type":"ListItem","position":2,"name":"Centro de Psic\u00f3logos de Barcelona","item":"https:\/\/acompanyamentfamiliar.com\/es\/equipo\/"},{"@type":"ListItem","position":3,"name":"Ivet Vidal"}]},{"@type":"WebSite","@id":"https:\/\/acompanyamentfamiliar.com\/es\/#website","url":"https:\/\/acompanyamentfamiliar.com\/es\/","name":"Acompanyament Familiar","description":"Psic\u00f3logas en Barcelona: Acompa\u00f1amiento familiar","publisher":{"@id":"https:\/\/acompanyamentfamiliar.com\/es\/#organization"},"potentialAction":[{"@type":"SearchAction","target":{"@type":"EntryPoint","urlTemplate":"https:\/\/acompanyamentfamiliar.com\/es\/?s={search_term_string}"},"query-input":{"@type":"PropertyValueSpecification","valueRequired":true,"valueName":"search_term_string"}}],"inLanguage":"es"},{"@type":"Organization","@id":"https:\/\/acompanyamentfamiliar.com\/es\/#organization","name":"Acompanyament Familiar","url":"https:\/\/acompanyamentfamiliar.com\/es\/","logo":{"@type":"ImageObject","inLanguage":"es","@id":"https:\/\/acompanyamentfamiliar.com\/es\/#\/schema\/logo\/image\/","url":"https:\/\/acompanyamentfamiliar.com\/wp-content\/uploads\/2025\/03\/logo_acompanyamnet_familiar.png","contentUrl":"https:\/\/acompanyamentfamiliar.com\/wp-content\/uploads\/2025\/03\/logo_acompanyamnet_familiar.png","width":241,"height":126,"caption":"Acompanyament Familiar"},"image":{"@id":"https:\/\/acompanyamentfamiliar.com\/es\/#\/schema\/logo\/image\/"}}]}},"_links":{"self":[{"href":"https:\/\/acompanyamentfamiliar.com\/es\/wp-json\/wp\/v2\/pages\/602","targetHints":{"allow":["GET"]}}],"collection":[{"href":"https:\/\/acompanyamentfamiliar.com\/es\/wp-json\/wp\/v2\/pages"}],"about":[{"href":"https:\/\/acompanyamentfamiliar.com\/es\/wp-json\/wp\/v2\/types\/page"}],"author":[{"embeddable":true,"href":"https:\/\/acompanyamentfamiliar.com\/es\/wp-json\/wp\/v2\/users\/1"}],"replies":[{"embeddable":true,"href":"https:\/\/acompanyamentfamiliar.com\/es\/wp-json\/wp\/v2\/comments?post=602"}],"version-history":[{"count":12,"href":"https:\/\/acompanyamentfamiliar.com\/es\/wp-json\/wp\/v2\/pages\/602\/revisions"}],"predecessor-version":[{"id":2035,"href":"https:\/\/acompanyamentfamiliar.com\/es\/wp-json\/wp\/v2\/pages\/602\/revisions\/2035"}],"up":[{"embeddable":true,"href":"https:\/\/acompanyamentfamiliar.com\/es\/wp-json\/wp\/v2\/pages\/55"}],"wp:attachment":[{"href":"https:\/\/acompanyamentfamiliar.com\/es\/wp-json\/wp\/v2\/media?parent=602"}],"curies":[{"name":"wp","href":"https:\/\/api.w.org\/{rel}","templated":true}]}}