{"id":604,"date":"2025-04-13T09:37:44","date_gmt":"2025-04-13T09:37:44","guid":{"rendered":"https:\/\/acompanyamentfamiliar.com\/?page_id=604"},"modified":"2025-05-09T14:38:20","modified_gmt":"2025-05-09T14:38:20","slug":"iris-gomez-olivie","status":"publish","type":"page","link":"https:\/\/acompanyamentfamiliar.com\/es\/equipo\/iris-gomez-olivie\/","title":{"rendered":"Iris G\u00f3mez Olivi\u00e9"},"content":{"rendered":"\t\t<div data-elementor-type=\"wp-page\" data-elementor-id=\"604\" class=\"elementor elementor-604\" data-elementor-post-type=\"page\">\n\t\t\t\t<div class=\"elementor-element elementor-element-c451329 e-flex e-con-boxed e-con e-parent\" data-id=\"c451329\" data-element_type=\"container\" data-settings=\"{&quot;background_background&quot;:&quot;classic&quot;}\">\n\t\t\t\t\t<div class=\"e-con-inner\">\n\t\t<div class=\"elementor-element elementor-element-87d1828 e-con-full e-flex e-con e-child\" data-id=\"87d1828\" data-element_type=\"container\">\n\t\t<div class=\"elementor-element elementor-element-5c1ac32 e-con-full e-flex e-con e-child\" data-id=\"5c1ac32\" data-element_type=\"container\">\n\t\t\t\t<div class=\"elementor-element elementor-element-daa0fff elementor-widget elementor-widget-heading\" data-id=\"daa0fff\" data-element_type=\"widget\" data-widget_type=\"heading.default\">\n\t\t\t\t<div class=\"elementor-widget-container\">\n\t\t\t\t\t<h1 class=\"elementor-heading-title elementor-size-default\">Iris G\u00f3mez Olivi\u00e9<\/h1>\t\t\t\t<\/div>\n\t\t\t\t<\/div>\n\t\t\t\t<div class=\"elementor-element elementor-element-c69adf2 elementor-widget elementor-widget-text-editor\" data-id=\"c69adf2\" data-element_type=\"widget\" data-widget_type=\"text-editor.default\">\n\t\t\t\t<div class=\"elementor-widget-container\">\n\t\t\t\t\t\t\t\t\t<h2>Psic\u00f3loga y Psicoterapeuta<\/h2>\t\t\t\t\t\t\t\t<\/div>\n\t\t\t\t<\/div>\n\t\t\t\t<\/div>\n\t\t<div class=\"elementor-element elementor-element-f701a00 e-con-full e-flex e-con e-child\" data-id=\"f701a00\" data-element_type=\"container\">\n\t\t\t\t<div class=\"elementor-element elementor-element-631e7f5 elementor-widget elementor-widget-image\" data-id=\"631e7f5\" data-element_type=\"widget\" data-widget_type=\"image.default\">\n\t\t\t\t<div class=\"elementor-widget-container\">\n\t\t\t\t\t\t\t\t\t\t\t\t\t\t\t<img fetchpriority=\"high\" decoding=\"async\" width=\"225\" height=\"225\" src=\"https:\/\/acompanyamentfamiliar.com\/wp-content\/uploads\/2025\/04\/iris-gomez.jpg\" class=\"attachment-large size-large wp-image-584\" alt=\"Iris G\u00f3mez - Equipo Acompanyament Familiar\" srcset=\"https:\/\/acompanyamentfamiliar.com\/wp-content\/uploads\/2025\/04\/iris-gomez.jpg 225w, https:\/\/acompanyamentfamiliar.com\/wp-content\/uploads\/2025\/04\/iris-gomez-150x150.jpg 150w\" sizes=\"(max-width: 225px) 100vw, 225px\" \/>\t\t\t\t\t\t\t\t\t\t\t\t\t\t\t<\/div>\n\t\t\t\t<\/div>\n\t\t\t\t<\/div>\n\t\t\t\t<\/div>\n\t\t\t\t\t<\/div>\n\t\t\t\t<\/div>\n\t\t<div class=\"elementor-element elementor-element-cdd850e e-flex e-con-boxed e-con e-parent\" data-id=\"cdd850e\" data-element_type=\"container\">\n\t\t\t\t\t<div class=\"e-con-inner\">\n\t\t<div class=\"elementor-element elementor-element-ea1c755 e-con-full e-flex e-con e-child\" data-id=\"ea1c755\" data-element_type=\"container\">\n\t\t<div class=\"elementor-element elementor-element-98730eb e-con-full e-flex e-con e-child\" data-id=\"98730eb\" data-element_type=\"container\">\n\t\t<div class=\"elementor-element elementor-element-95be84c e-con-full e-flex e-con e-child\" data-id=\"95be84c\" data-element_type=\"container\">\n\t\t\t\t<div class=\"elementor-element elementor-element-b8b77c0 elementor-widget elementor-widget-text-editor\" data-id=\"b8b77c0\" data-element_type=\"widget\" data-widget_type=\"text-editor.default\">\n\t\t\t\t<div class=\"elementor-widget-container\">\n\t\t\t\t\t\t\t\t\t<p class=\"ql-align-justify\">Me llamo Iris, soy\u00a0<strong>Psic\u00f3loga con habilitaci\u00f3n sanitaria<\/strong>, especializada en\u00a0<strong>psicolog\u00eda perinatal<\/strong>\u00a0por el Instituto Europeo de Salud Mental Perinatal, en\u00a0<strong>Trauma y Apego<\/strong>\u00a0y en\u00a0<strong>Terapia de Pareja<\/strong>. Acompa\u00f1o a mujeres y hombres en cualquier momento de dificultad vital, especialmente en etapa perinatal y de crianza.<\/p><p>Me considero una persona muy\u00a0<strong>curiosa y apasionada<\/strong>\u00a0de mi profesi\u00f3n lo cual me lleva a estar form\u00e1ndome y revis\u00e1ndome constantemente, con el objetivo de ofrecer un\u00a0<strong>acompa\u00f1amiento respetuoso y amable a la vez que riguroso y pr\u00e1ctico<\/strong>\u00a0a las personas y familias que llegan a mi consulta.<\/p><p class=\"ql-align-justify\">Ejerzo como psic\u00f3loga des del a\u00f1o 2012 en terapia individual, grupal y familiar. He formado parte de equipos de atenci\u00f3n psicol\u00f3gica en entidades de servicios sociales, en el \u00abServicio de Orientaci\u00f3n y Acompa\u00f1amiento a la Familia\u00bb de la Generalitat de Catalu\u00f1a, y de servicios socioeducativos de de diferentes entidades sociales. He acompa\u00f1ado a grupos de crianza y espacios educativos as\u00ed como grupos terap\u00e9uticos de ni\u00f1os\/as y adolescentes. he trabajado ofreciendo atenci\u00f3n psicol\u00f3gica en contexto de crisis humanitaria con Cruz Roja.<\/p>\t\t\t\t\t\t\t\t<\/div>\n\t\t\t\t<\/div>\n\t\t\t\t<\/div>\n\t\t<div class=\"elementor-element elementor-element-8fbbe80 e-con-full e-flex e-con e-child\" data-id=\"8fbbe80\" data-element_type=\"container\">\n\t\t\t\t<div class=\"elementor-element elementor-element-c97acc2 elementor-widget elementor-widget-text-editor\" data-id=\"c97acc2\" data-element_type=\"widget\" data-widget_type=\"text-editor.default\">\n\t\t\t\t<div class=\"elementor-widget-container\">\n\t\t\t\t\t\t\t\t\t<p class=\"ql-align-justify\"><strong>Fue mi propio deseo de ser madre, las dos p\u00e9rdidas gestacionales que transit\u00e9, mi maternidad y crianza y toda la revoluci\u00f3n y transformaci\u00f3n que est\u00e1 significando en mi vida lo que hizo brotar en mi el deseo de explorar y acompa\u00f1ar aquellas dificultades y retos que aparecen en este per\u00edodo y dedicarme plenamente a la consulta privada.<\/strong><\/p><p>\u00a0Mi\u00a0<strong>enfoque\u00a0<\/strong>es<strong>\u00a0integrador<\/strong>\u00a0ya que me he formado en Terapia gestalt, Terapia Corporal Reichiana, Terapia Sist\u00e9mica, Crianza Respetuosa, EMDR y Reprocesamiento de Trauma con el m\u00e9todo Aleceia (en curso), entre otros, lo que me permite adaptarme al estilo y necesidad de cada persona que llega a mi para que la acompa\u00f1e en su proceso.<\/p><p>\u00a0Para mi,\u00a0<strong>cuidar la etapa perinatal y de crianza significa cuidar la esencia m\u00e1s pura y genuina de la vida y el inmenso potencial humano cuando se trata con respeto, cuidado y compasi\u00f3n.<\/strong><\/p>\t\t\t\t\t\t\t\t<\/div>\n\t\t\t\t<\/div>\n\t\t\t\t<\/div>\n\t\t\t\t<\/div>\n\t\t\t\t<\/div>\n\t\t\t\t\t<\/div>\n\t\t\t\t<\/div>\n\t\t\t\t<\/div>\n\t\t","protected":false},"excerpt":{"rendered":"<p>Iris G\u00f3mez Olivi\u00e9 Psic\u00f3loga y Psicoterapeuta Me llamo Iris, soy\u00a0Psic\u00f3loga con habilitaci\u00f3n sanitaria, especializada en\u00a0psicolog\u00eda perinatal\u00a0por el Instituto Europeo de Salud Mental Perinatal, en\u00a0Trauma y Apego\u00a0y en\u00a0Terapia de Pareja. Acompa\u00f1o a mujeres y hombres en cualquier momento de dificultad vital, especialmente en etapa perinatal y de crianza. Me considero una persona muy\u00a0curiosa y apasionada\u00a0de mi [&hellip;]<\/p>\n","protected":false},"author":1,"featured_media":0,"parent":55,"menu_order":0,"comment_status":"closed","ping_status":"closed","template":"","meta":{"footnotes":""},"class_list":["post-604","page","type-page","status-publish","hentry"],"yoast_head":"<!-- This site is optimized with the Yoast SEO plugin v26.8 - https:\/\/yoast.com\/product\/yoast-seo-wordpress\/ -->\n<title>Iris G\u00f3mez Olivi\u00e9 - Acompanyament Familiar<\/title>\n<meta name=\"robots\" content=\"index, follow, max-snippet:-1, max-image-preview:large, max-video-preview:-1\" \/>\n<link rel=\"canonical\" href=\"https:\/\/acompanyamentfamiliar.com\/es\/equipo\/iris-gomez-olivie\/\" \/>\n<meta property=\"og:locale\" content=\"es_ES\" \/>\n<meta property=\"og:type\" content=\"article\" \/>\n<meta property=\"og:title\" content=\"Iris G\u00f3mez Olivi\u00e9 - Acompanyament Familiar\" \/>\n<meta property=\"og:description\" content=\"Iris G\u00f3mez Olivi\u00e9 Psic\u00f3loga y Psicoterapeuta Me llamo Iris, soy\u00a0Psic\u00f3loga con habilitaci\u00f3n sanitaria, especializada en\u00a0psicolog\u00eda perinatal\u00a0por el Instituto Europeo de Salud Mental Perinatal, en\u00a0Trauma y Apego\u00a0y en\u00a0Terapia de Pareja. Acompa\u00f1o a mujeres y hombres en cualquier momento de dificultad vital, especialmente en etapa perinatal y de crianza. Me considero una persona muy\u00a0curiosa y apasionada\u00a0de mi [&hellip;]\" \/>\n<meta property=\"og:url\" content=\"https:\/\/acompanyamentfamiliar.com\/es\/equipo\/iris-gomez-olivie\/\" \/>\n<meta property=\"og:site_name\" content=\"Acompanyament Familiar\" \/>\n<meta property=\"article:modified_time\" content=\"2025-05-09T14:38:20+00:00\" \/>\n<meta property=\"og:image\" content=\"https:\/\/acompanyamentfamiliar.com\/wp-content\/uploads\/2025\/04\/iris-gomez.jpg\" \/>\n\t<meta property=\"og:image:width\" content=\"225\" \/>\n\t<meta property=\"og:image:height\" content=\"225\" \/>\n\t<meta property=\"og:image:type\" content=\"image\/jpeg\" \/>\n<meta name=\"twitter:card\" content=\"summary_large_image\" \/>\n<meta name=\"twitter:label1\" content=\"Tiempo de lectura\" \/>\n\t<meta name=\"twitter:data1\" content=\"2 minutos\" \/>\n<script type=\"application\/ld+json\" class=\"yoast-schema-graph\">{\"@context\":\"https:\/\/schema.org\",\"@graph\":[{\"@type\":\"WebPage\",\"@id\":\"https:\/\/acompanyamentfamiliar.com\/es\/equipo\/iris-gomez-olivie\/\",\"url\":\"https:\/\/acompanyamentfamiliar.com\/es\/equipo\/iris-gomez-olivie\/\",\"name\":\"Iris G\u00f3mez Olivi\u00e9 - Acompanyament Familiar\",\"isPartOf\":{\"@id\":\"https:\/\/acompanyamentfamiliar.com\/es\/#website\"},\"primaryImageOfPage\":{\"@id\":\"https:\/\/acompanyamentfamiliar.com\/es\/equipo\/iris-gomez-olivie\/#primaryimage\"},\"image\":{\"@id\":\"https:\/\/acompanyamentfamiliar.com\/es\/equipo\/iris-gomez-olivie\/#primaryimage\"},\"thumbnailUrl\":\"https:\/\/acompanyamentfamiliar.com\/wp-content\/uploads\/2025\/04\/iris-gomez.jpg\",\"datePublished\":\"2025-04-13T09:37:44+00:00\",\"dateModified\":\"2025-05-09T14:38:20+00:00\",\"breadcrumb\":{\"@id\":\"https:\/\/acompanyamentfamiliar.com\/es\/equipo\/iris-gomez-olivie\/#breadcrumb\"},\"inLanguage\":\"es\",\"potentialAction\":[{\"@type\":\"ReadAction\",\"target\":[\"https:\/\/acompanyamentfamiliar.com\/es\/equipo\/iris-gomez-olivie\/\"]}]},{\"@type\":\"ImageObject\",\"inLanguage\":\"es\",\"@id\":\"https:\/\/acompanyamentfamiliar.com\/es\/equipo\/iris-gomez-olivie\/#primaryimage\",\"url\":\"https:\/\/acompanyamentfamiliar.com\/wp-content\/uploads\/2025\/04\/iris-gomez.jpg\",\"contentUrl\":\"https:\/\/acompanyamentfamiliar.com\/wp-content\/uploads\/2025\/04\/iris-gomez.jpg\"},{\"@type\":\"BreadcrumbList\",\"@id\":\"https:\/\/acompanyamentfamiliar.com\/es\/equipo\/iris-gomez-olivie\/#breadcrumb\",\"itemListElement\":[{\"@type\":\"ListItem\",\"position\":1,\"name\":\"Portada\",\"item\":\"https:\/\/acompanyamentfamiliar.com\/es\/\"},{\"@type\":\"ListItem\",\"position\":2,\"name\":\"Centro de Psic\u00f3logos de Barcelona\",\"item\":\"https:\/\/acompanyamentfamiliar.com\/es\/equipo\/\"},{\"@type\":\"ListItem\",\"position\":3,\"name\":\"Iris G\u00f3mez Olivi\u00e9\"}]},{\"@type\":\"WebSite\",\"@id\":\"https:\/\/acompanyamentfamiliar.com\/es\/#website\",\"url\":\"https:\/\/acompanyamentfamiliar.com\/es\/\",\"name\":\"Acompanyament Familiar\",\"description\":\"Psic\u00f3logas en Barcelona: Acompa\u00f1amiento familiar\",\"publisher\":{\"@id\":\"https:\/\/acompanyamentfamiliar.com\/es\/#organization\"},\"potentialAction\":[{\"@type\":\"SearchAction\",\"target\":{\"@type\":\"EntryPoint\",\"urlTemplate\":\"https:\/\/acompanyamentfamiliar.com\/es\/?s={search_term_string}\"},\"query-input\":{\"@type\":\"PropertyValueSpecification\",\"valueRequired\":true,\"valueName\":\"search_term_string\"}}],\"inLanguage\":\"es\"},{\"@type\":\"Organization\",\"@id\":\"https:\/\/acompanyamentfamiliar.com\/es\/#organization\",\"name\":\"Acompanyament Familiar\",\"url\":\"https:\/\/acompanyamentfamiliar.com\/es\/\",\"logo\":{\"@type\":\"ImageObject\",\"inLanguage\":\"es\",\"@id\":\"https:\/\/acompanyamentfamiliar.com\/es\/#\/schema\/logo\/image\/\",\"url\":\"https:\/\/acompanyamentfamiliar.com\/wp-content\/uploads\/2025\/03\/logo_acompanyamnet_familiar.png\",\"contentUrl\":\"https:\/\/acompanyamentfamiliar.com\/wp-content\/uploads\/2025\/03\/logo_acompanyamnet_familiar.png\",\"width\":241,\"height\":126,\"caption\":\"Acompanyament Familiar\"},\"image\":{\"@id\":\"https:\/\/acompanyamentfamiliar.com\/es\/#\/schema\/logo\/image\/\"}}]}<\/script>\n<!-- \/ Yoast SEO plugin. -->","yoast_head_json":{"title":"Iris G\u00f3mez Olivi\u00e9 - Acompanyament Familiar","robots":{"index":"index","follow":"follow","max-snippet":"max-snippet:-1","max-image-preview":"max-image-preview:large","max-video-preview":"max-video-preview:-1"},"canonical":"https:\/\/acompanyamentfamiliar.com\/es\/equipo\/iris-gomez-olivie\/","og_locale":"es_ES","og_type":"article","og_title":"Iris G\u00f3mez Olivi\u00e9 - Acompanyament Familiar","og_description":"Iris G\u00f3mez Olivi\u00e9 Psic\u00f3loga y Psicoterapeuta Me llamo Iris, soy\u00a0Psic\u00f3loga con habilitaci\u00f3n sanitaria, especializada en\u00a0psicolog\u00eda perinatal\u00a0por el Instituto Europeo de Salud Mental Perinatal, en\u00a0Trauma y Apego\u00a0y en\u00a0Terapia de Pareja. Acompa\u00f1o a mujeres y hombres en cualquier momento de dificultad vital, especialmente en etapa perinatal y de crianza. Me considero una persona muy\u00a0curiosa y apasionada\u00a0de mi [&hellip;]","og_url":"https:\/\/acompanyamentfamiliar.com\/es\/equipo\/iris-gomez-olivie\/","og_site_name":"Acompanyament Familiar","article_modified_time":"2025-05-09T14:38:20+00:00","og_image":[{"width":225,"height":225,"url":"https:\/\/acompanyamentfamiliar.com\/wp-content\/uploads\/2025\/04\/iris-gomez.jpg","type":"image\/jpeg"}],"twitter_card":"summary_large_image","twitter_misc":{"Tiempo de lectura":"2 minutos"},"schema":{"@context":"https:\/\/schema.org","@graph":[{"@type":"WebPage","@id":"https:\/\/acompanyamentfamiliar.com\/es\/equipo\/iris-gomez-olivie\/","url":"https:\/\/acompanyamentfamiliar.com\/es\/equipo\/iris-gomez-olivie\/","name":"Iris G\u00f3mez Olivi\u00e9 - Acompanyament Familiar","isPartOf":{"@id":"https:\/\/acompanyamentfamiliar.com\/es\/#website"},"primaryImageOfPage":{"@id":"https:\/\/acompanyamentfamiliar.com\/es\/equipo\/iris-gomez-olivie\/#primaryimage"},"image":{"@id":"https:\/\/acompanyamentfamiliar.com\/es\/equipo\/iris-gomez-olivie\/#primaryimage"},"thumbnailUrl":"https:\/\/acompanyamentfamiliar.com\/wp-content\/uploads\/2025\/04\/iris-gomez.jpg","datePublished":"2025-04-13T09:37:44+00:00","dateModified":"2025-05-09T14:38:20+00:00","breadcrumb":{"@id":"https:\/\/acompanyamentfamiliar.com\/es\/equipo\/iris-gomez-olivie\/#breadcrumb"},"inLanguage":"es","potentialAction":[{"@type":"ReadAction","target":["https:\/\/acompanyamentfamiliar.com\/es\/equipo\/iris-gomez-olivie\/"]}]},{"@type":"ImageObject","inLanguage":"es","@id":"https:\/\/acompanyamentfamiliar.com\/es\/equipo\/iris-gomez-olivie\/#primaryimage","url":"https:\/\/acompanyamentfamiliar.com\/wp-content\/uploads\/2025\/04\/iris-gomez.jpg","contentUrl":"https:\/\/acompanyamentfamiliar.com\/wp-content\/uploads\/2025\/04\/iris-gomez.jpg"},{"@type":"BreadcrumbList","@id":"https:\/\/acompanyamentfamiliar.com\/es\/equipo\/iris-gomez-olivie\/#breadcrumb","itemListElement":[{"@type":"ListItem","position":1,"name":"Portada","item":"https:\/\/acompanyamentfamiliar.com\/es\/"},{"@type":"ListItem","position":2,"name":"Centro de Psic\u00f3logos de Barcelona","item":"https:\/\/acompanyamentfamiliar.com\/es\/equipo\/"},{"@type":"ListItem","position":3,"name":"Iris G\u00f3mez Olivi\u00e9"}]},{"@type":"WebSite","@id":"https:\/\/acompanyamentfamiliar.com\/es\/#website","url":"https:\/\/acompanyamentfamiliar.com\/es\/","name":"Acompanyament Familiar","description":"Psic\u00f3logas en Barcelona: Acompa\u00f1amiento familiar","publisher":{"@id":"https:\/\/acompanyamentfamiliar.com\/es\/#organization"},"potentialAction":[{"@type":"SearchAction","target":{"@type":"EntryPoint","urlTemplate":"https:\/\/acompanyamentfamiliar.com\/es\/?s={search_term_string}"},"query-input":{"@type":"PropertyValueSpecification","valueRequired":true,"valueName":"search_term_string"}}],"inLanguage":"es"},{"@type":"Organization","@id":"https:\/\/acompanyamentfamiliar.com\/es\/#organization","name":"Acompanyament Familiar","url":"https:\/\/acompanyamentfamiliar.com\/es\/","logo":{"@type":"ImageObject","inLanguage":"es","@id":"https:\/\/acompanyamentfamiliar.com\/es\/#\/schema\/logo\/image\/","url":"https:\/\/acompanyamentfamiliar.com\/wp-content\/uploads\/2025\/03\/logo_acompanyamnet_familiar.png","contentUrl":"https:\/\/acompanyamentfamiliar.com\/wp-content\/uploads\/2025\/03\/logo_acompanyamnet_familiar.png","width":241,"height":126,"caption":"Acompanyament Familiar"},"image":{"@id":"https:\/\/acompanyamentfamiliar.com\/es\/#\/schema\/logo\/image\/"}}]}},"_links":{"self":[{"href":"https:\/\/acompanyamentfamiliar.com\/es\/wp-json\/wp\/v2\/pages\/604","targetHints":{"allow":["GET"]}}],"collection":[{"href":"https:\/\/acompanyamentfamiliar.com\/es\/wp-json\/wp\/v2\/pages"}],"about":[{"href":"https:\/\/acompanyamentfamiliar.com\/es\/wp-json\/wp\/v2\/types\/page"}],"author":[{"embeddable":true,"href":"https:\/\/acompanyamentfamiliar.com\/es\/wp-json\/wp\/v2\/users\/1"}],"replies":[{"embeddable":true,"href":"https:\/\/acompanyamentfamiliar.com\/es\/wp-json\/wp\/v2\/comments?post=604"}],"version-history":[{"count":9,"href":"https:\/\/acompanyamentfamiliar.com\/es\/wp-json\/wp\/v2\/pages\/604\/revisions"}],"predecessor-version":[{"id":2039,"href":"https:\/\/acompanyamentfamiliar.com\/es\/wp-json\/wp\/v2\/pages\/604\/revisions\/2039"}],"up":[{"embeddable":true,"href":"https:\/\/acompanyamentfamiliar.com\/es\/wp-json\/wp\/v2\/pages\/55"}],"wp:attachment":[{"href":"https:\/\/acompanyamentfamiliar.com\/es\/wp-json\/wp\/v2\/media?parent=604"}],"curies":[{"name":"wp","href":"https:\/\/api.w.org\/{rel}","templated":true}]}}