{"id":608,"date":"2025-04-13T09:38:06","date_gmt":"2025-04-13T09:38:06","guid":{"rendered":"https:\/\/acompanyamentfamiliar.com\/?page_id=608"},"modified":"2025-05-09T14:38:45","modified_gmt":"2025-05-09T14:38:45","slug":"elisabet-rodriguez-2","status":"publish","type":"page","link":"https:\/\/acompanyamentfamiliar.com\/es\/equipo\/elisabet-rodriguez-2\/","title":{"rendered":"Elisabet Rodr\u00edguez Pi\u00f1ero"},"content":{"rendered":"\t\t<div data-elementor-type=\"wp-page\" data-elementor-id=\"608\" class=\"elementor elementor-608\" data-elementor-post-type=\"page\">\n\t\t\t\t<div class=\"elementor-element elementor-element-c451329 e-flex e-con-boxed e-con e-parent\" data-id=\"c451329\" data-element_type=\"container\" data-settings=\"{&quot;background_background&quot;:&quot;classic&quot;}\">\n\t\t\t\t\t<div class=\"e-con-inner\">\n\t\t<div class=\"elementor-element elementor-element-87d1828 e-con-full e-flex e-con e-child\" data-id=\"87d1828\" data-element_type=\"container\">\n\t\t<div class=\"elementor-element elementor-element-5c1ac32 e-con-full e-flex e-con e-child\" data-id=\"5c1ac32\" data-element_type=\"container\">\n\t\t\t\t<div class=\"elementor-element elementor-element-daa0fff elementor-widget elementor-widget-heading\" data-id=\"daa0fff\" data-element_type=\"widget\" data-widget_type=\"heading.default\">\n\t\t\t\t<div class=\"elementor-widget-container\">\n\t\t\t\t\t<h1 class=\"elementor-heading-title elementor-size-default\">Elisabet Rodr\u00edguez Pi\u00f1ero<\/h1>\t\t\t\t<\/div>\n\t\t\t\t<\/div>\n\t\t\t\t<div class=\"elementor-element elementor-element-c69adf2 elementor-widget elementor-widget-text-editor\" data-id=\"c69adf2\" data-element_type=\"widget\" data-widget_type=\"text-editor.default\">\n\t\t\t\t<div class=\"elementor-widget-container\">\n\t\t\t\t\t\t\t\t\t<h2>Terapeuta Sist\u00e9mica y Humanista<\/h2>\t\t\t\t\t\t\t\t<\/div>\n\t\t\t\t<\/div>\n\t\t\t\t<\/div>\n\t\t<div class=\"elementor-element elementor-element-f701a00 e-con-full e-flex e-con e-child\" data-id=\"f701a00\" data-element_type=\"container\">\n\t\t\t\t<div class=\"elementor-element elementor-element-631e7f5 elementor-widget elementor-widget-image\" data-id=\"631e7f5\" data-element_type=\"widget\" data-widget_type=\"image.default\">\n\t\t\t\t<div class=\"elementor-widget-container\">\n\t\t\t\t\t\t\t\t\t\t\t\t\t\t\t<img fetchpriority=\"high\" decoding=\"async\" width=\"225\" height=\"225\" src=\"https:\/\/acompanyamentfamiliar.com\/wp-content\/uploads\/2025\/03\/elisabet-rodriguez.jpg\" class=\"attachment-large size-large wp-image-117\" alt=\"Elisabet Rodriguez - Equip Acompanyament Familiar\" srcset=\"https:\/\/acompanyamentfamiliar.com\/wp-content\/uploads\/2025\/03\/elisabet-rodriguez.jpg 225w, https:\/\/acompanyamentfamiliar.com\/wp-content\/uploads\/2025\/03\/elisabet-rodriguez-150x150.jpg 150w\" sizes=\"(max-width: 225px) 100vw, 225px\" \/>\t\t\t\t\t\t\t\t\t\t\t\t\t\t\t<\/div>\n\t\t\t\t<\/div>\n\t\t\t\t<\/div>\n\t\t\t\t<\/div>\n\t\t\t\t\t<\/div>\n\t\t\t\t<\/div>\n\t\t<div class=\"elementor-element elementor-element-cdd850e e-flex e-con-boxed e-con e-parent\" data-id=\"cdd850e\" data-element_type=\"container\">\n\t\t\t\t\t<div class=\"e-con-inner\">\n\t\t<div class=\"elementor-element elementor-element-ea1c755 e-con-full e-flex e-con e-child\" data-id=\"ea1c755\" data-element_type=\"container\">\n\t\t<div class=\"elementor-element elementor-element-98730eb e-con-full e-flex e-con e-child\" data-id=\"98730eb\" data-element_type=\"container\">\n\t\t<div class=\"elementor-element elementor-element-95be84c e-con-full e-flex e-con e-child\" data-id=\"95be84c\" data-element_type=\"container\">\n\t\t\t\t<div class=\"elementor-element elementor-element-b8b77c0 elementor-widget elementor-widget-text-editor\" data-id=\"b8b77c0\" data-element_type=\"widget\" data-widget_type=\"text-editor.default\">\n\t\t\t\t<div class=\"elementor-widget-container\">\n\t\t\t\t\t\t\t\t\t<p>Acompa\u00f1o a personas desde hace unos 20 a\u00f1os. Crezco y trabajo cerca del agua y la naturaleza.<\/p><p>Hija de un barrio de la periferia de un pueblo, donde me descubro un alto grado de sensibilidad. Me doy cuenta de la relevancia de preservar los dones y las singularidades durante los primeros a\u00f1os de vida.<\/p><p>Inicio el acompa\u00f1amiento y la coordinaci\u00f3n de grupos de 2 a 16 a\u00f1os en una Aula de Entorno Rural. Participo en la co-creaci\u00f3n de un Espacio de Educaci\u00f3n Viva. Acompa\u00f1o en diferentes proyectos de Educaci\u00f3n Viva y en casas particulares. Ofrezco, junto con otras compa\u00f1eras, Formaciones sobre Crianza Respetuosa.<\/p><p>Posteriormente trabajo como Terapeuta Humanista y Sist\u00e9mica con grupos de mapadres, sesiones individuales, familiares y de pareja.<\/p><p>Paralelamente trabajo en el Trit\u00f3 del Baix Montseny, donde ofrezco, en escuelas e institutos, talleres preventivos a j\u00f3venes y adolescentes (9-18 a\u00f1os) sobre Adicciones a drogas y pantallas. As\u00ed como talleres m\u00e1s amplios sobre Gesti\u00f3n Emocional i Mirada Sist\u00e9mica en el aula.<\/p><p>Mi curiosidad por la relaci\u00f3n entre seres, la vida y los ciclos, as\u00ed como la b\u00fasqueda de aquello que nos mueve y libera, me desvela diferentes opciones formativas.<\/p><p>Inicio la carrera de Sociolog\u00eda en el 2001, donde experimento la opci\u00f3n de contemplar la sociedad como espectadora. Me licencio en Antropolog\u00eda Social y Cultural, reconociendo realidades diversas de comportamiento, sistemas de creencias, costumbres, formas de relaci\u00f3n o simbolog\u00eda. Antes de terminar, vivo en Toronto, donde doy espacio al teatro y a nuevas versiones de mi misma.<\/p>\t\t\t\t\t\t\t\t<\/div>\n\t\t\t\t<\/div>\n\t\t\t\t<\/div>\n\t\t<div class=\"elementor-element elementor-element-8fbbe80 e-con-full e-flex e-con e-child\" data-id=\"8fbbe80\" data-element_type=\"container\">\n\t\t\t\t<div class=\"elementor-element elementor-element-c97acc2 elementor-widget elementor-widget-text-editor\" data-id=\"c97acc2\" data-element_type=\"widget\" data-widget_type=\"text-editor.default\">\n\t\t\t\t<div class=\"elementor-widget-container\">\n\t\t\t\t\t\t\t\t\t<p>Cuando termino, busco formaciones m\u00e1s vivenciales. Inicio un Postgrado de Cultura de Paz donde elaboro una nueva mirada frente a los conflictos a peque\u00f1a y gran escala.<\/p><p>Disfruto y florezco con el Postgrado en Terapia Centrada en la Persona (o Rogers). Donde descubro una profunda relaci\u00f3n entre la Educaci\u00f3n Viva y la Terapia. En la misma escuela realizo un postgrado de Terapia Gestalt, donde exploro diferentes t\u00e9cnicas para profundizar en el acompa\u00f1amiento. Momento en el que tambi\u00e9n inicio Practicas y Trabajo de sanaci\u00f3n Ancestral originarias de pueblos Nativos americanos.<\/p><p>Las Constelaciones Familiares -con bases de Biodescodificaci\u00f3n- me descubren un nuevo mundo de posibilidades y se incorporan en mi cotidiano.<\/p><p>Finalmente, la formaci\u00f3n de Doula y el nacimiento de mi hija, me recuerdan memorias ancestrales del camino de llegada a la vida.<\/p><p>Otras formaciones introductorias complementarias que he realizado: Trabajo de Procesos, Psicolog\u00eda de los Eneatipos, Herramientas para la Mediaci\u00f3n, C\u00edrculos de Voz y Canto, Teatro del Oprimido, Acompa\u00f1ar la Sexualidad en la Infancia, Liderazgo de Equipos y diversas formaciones con enfoque de G\u00e9nero.<\/p>\t\t\t\t\t\t\t\t<\/div>\n\t\t\t\t<\/div>\n\t\t\t\t<\/div>\n\t\t\t\t<\/div>\n\t\t\t\t<\/div>\n\t\t\t\t\t<\/div>\n\t\t\t\t<\/div>\n\t\t\t\t<\/div>\n\t\t","protected":false},"excerpt":{"rendered":"<p>Elisabet Rodr\u00edguez Pi\u00f1ero Terapeuta Sist\u00e9mica y Humanista Acompa\u00f1o a personas desde hace unos 20 a\u00f1os. Crezco y trabajo cerca del agua y la naturaleza. Hija de un barrio de la periferia de un pueblo, donde me descubro un alto grado de sensibilidad. Me doy cuenta de la relevancia de preservar los dones y las singularidades [&hellip;]<\/p>\n","protected":false},"author":1,"featured_media":0,"parent":55,"menu_order":0,"comment_status":"closed","ping_status":"closed","template":"","meta":{"footnotes":""},"class_list":["post-608","page","type-page","status-publish","hentry"],"yoast_head":"<!-- This site is optimized with the Yoast SEO plugin v26.8 - https:\/\/yoast.com\/product\/yoast-seo-wordpress\/ -->\n<title>Elisabet Rodr\u00edguez Pi\u00f1ero - Acompanyament Familiar<\/title>\n<meta name=\"robots\" content=\"index, follow, max-snippet:-1, max-image-preview:large, max-video-preview:-1\" \/>\n<link rel=\"canonical\" href=\"https:\/\/acompanyamentfamiliar.com\/es\/equipo\/elisabet-rodriguez-2\/\" \/>\n<meta property=\"og:locale\" content=\"es_ES\" \/>\n<meta property=\"og:type\" content=\"article\" \/>\n<meta property=\"og:title\" content=\"Elisabet Rodr\u00edguez Pi\u00f1ero - Acompanyament Familiar\" \/>\n<meta property=\"og:description\" content=\"Elisabet Rodr\u00edguez Pi\u00f1ero Terapeuta Sist\u00e9mica y Humanista Acompa\u00f1o a personas desde hace unos 20 a\u00f1os. Crezco y trabajo cerca del agua y la naturaleza. Hija de un barrio de la periferia de un pueblo, donde me descubro un alto grado de sensibilidad. Me doy cuenta de la relevancia de preservar los dones y las singularidades [&hellip;]\" \/>\n<meta property=\"og:url\" content=\"https:\/\/acompanyamentfamiliar.com\/es\/equipo\/elisabet-rodriguez-2\/\" \/>\n<meta property=\"og:site_name\" content=\"Acompanyament Familiar\" \/>\n<meta property=\"article:modified_time\" content=\"2025-05-09T14:38:45+00:00\" \/>\n<meta property=\"og:image\" content=\"https:\/\/acompanyamentfamiliar.com\/wp-content\/uploads\/2025\/03\/elisabet-rodriguez.jpg\" \/>\n\t<meta property=\"og:image:width\" content=\"225\" \/>\n\t<meta property=\"og:image:height\" content=\"225\" \/>\n\t<meta property=\"og:image:type\" content=\"image\/jpeg\" \/>\n<meta name=\"twitter:card\" content=\"summary_large_image\" \/>\n<meta name=\"twitter:label1\" content=\"Tiempo de lectura\" \/>\n\t<meta name=\"twitter:data1\" content=\"3 minutos\" \/>\n<script type=\"application\/ld+json\" class=\"yoast-schema-graph\">{\"@context\":\"https:\/\/schema.org\",\"@graph\":[{\"@type\":\"WebPage\",\"@id\":\"https:\/\/acompanyamentfamiliar.com\/es\/equipo\/elisabet-rodriguez-2\/\",\"url\":\"https:\/\/acompanyamentfamiliar.com\/es\/equipo\/elisabet-rodriguez-2\/\",\"name\":\"Elisabet Rodr\u00edguez Pi\u00f1ero - Acompanyament Familiar\",\"isPartOf\":{\"@id\":\"https:\/\/acompanyamentfamiliar.com\/es\/#website\"},\"primaryImageOfPage\":{\"@id\":\"https:\/\/acompanyamentfamiliar.com\/es\/equipo\/elisabet-rodriguez-2\/#primaryimage\"},\"image\":{\"@id\":\"https:\/\/acompanyamentfamiliar.com\/es\/equipo\/elisabet-rodriguez-2\/#primaryimage\"},\"thumbnailUrl\":\"https:\/\/acompanyamentfamiliar.com\/wp-content\/uploads\/2025\/03\/elisabet-rodriguez.jpg\",\"datePublished\":\"2025-04-13T09:38:06+00:00\",\"dateModified\":\"2025-05-09T14:38:45+00:00\",\"breadcrumb\":{\"@id\":\"https:\/\/acompanyamentfamiliar.com\/es\/equipo\/elisabet-rodriguez-2\/#breadcrumb\"},\"inLanguage\":\"es\",\"potentialAction\":[{\"@type\":\"ReadAction\",\"target\":[\"https:\/\/acompanyamentfamiliar.com\/es\/equipo\/elisabet-rodriguez-2\/\"]}]},{\"@type\":\"ImageObject\",\"inLanguage\":\"es\",\"@id\":\"https:\/\/acompanyamentfamiliar.com\/es\/equipo\/elisabet-rodriguez-2\/#primaryimage\",\"url\":\"https:\/\/acompanyamentfamiliar.com\/wp-content\/uploads\/2025\/03\/elisabet-rodriguez.jpg\",\"contentUrl\":\"https:\/\/acompanyamentfamiliar.com\/wp-content\/uploads\/2025\/03\/elisabet-rodriguez.jpg\"},{\"@type\":\"BreadcrumbList\",\"@id\":\"https:\/\/acompanyamentfamiliar.com\/es\/equipo\/elisabet-rodriguez-2\/#breadcrumb\",\"itemListElement\":[{\"@type\":\"ListItem\",\"position\":1,\"name\":\"Portada\",\"item\":\"https:\/\/acompanyamentfamiliar.com\/es\/\"},{\"@type\":\"ListItem\",\"position\":2,\"name\":\"Centro de Psic\u00f3logos de Barcelona\",\"item\":\"https:\/\/acompanyamentfamiliar.com\/es\/equipo\/\"},{\"@type\":\"ListItem\",\"position\":3,\"name\":\"Elisabet Rodr\u00edguez Pi\u00f1ero\"}]},{\"@type\":\"WebSite\",\"@id\":\"https:\/\/acompanyamentfamiliar.com\/es\/#website\",\"url\":\"https:\/\/acompanyamentfamiliar.com\/es\/\",\"name\":\"Acompanyament Familiar\",\"description\":\"Psic\u00f3logas en Barcelona: Acompa\u00f1amiento familiar\",\"publisher\":{\"@id\":\"https:\/\/acompanyamentfamiliar.com\/es\/#organization\"},\"potentialAction\":[{\"@type\":\"SearchAction\",\"target\":{\"@type\":\"EntryPoint\",\"urlTemplate\":\"https:\/\/acompanyamentfamiliar.com\/es\/?s={search_term_string}\"},\"query-input\":{\"@type\":\"PropertyValueSpecification\",\"valueRequired\":true,\"valueName\":\"search_term_string\"}}],\"inLanguage\":\"es\"},{\"@type\":\"Organization\",\"@id\":\"https:\/\/acompanyamentfamiliar.com\/es\/#organization\",\"name\":\"Acompanyament Familiar\",\"url\":\"https:\/\/acompanyamentfamiliar.com\/es\/\",\"logo\":{\"@type\":\"ImageObject\",\"inLanguage\":\"es\",\"@id\":\"https:\/\/acompanyamentfamiliar.com\/es\/#\/schema\/logo\/image\/\",\"url\":\"https:\/\/acompanyamentfamiliar.com\/wp-content\/uploads\/2025\/03\/logo_acompanyamnet_familiar.png\",\"contentUrl\":\"https:\/\/acompanyamentfamiliar.com\/wp-content\/uploads\/2025\/03\/logo_acompanyamnet_familiar.png\",\"width\":241,\"height\":126,\"caption\":\"Acompanyament Familiar\"},\"image\":{\"@id\":\"https:\/\/acompanyamentfamiliar.com\/es\/#\/schema\/logo\/image\/\"}}]}<\/script>\n<!-- \/ Yoast SEO plugin. -->","yoast_head_json":{"title":"Elisabet Rodr\u00edguez Pi\u00f1ero - Acompanyament Familiar","robots":{"index":"index","follow":"follow","max-snippet":"max-snippet:-1","max-image-preview":"max-image-preview:large","max-video-preview":"max-video-preview:-1"},"canonical":"https:\/\/acompanyamentfamiliar.com\/es\/equipo\/elisabet-rodriguez-2\/","og_locale":"es_ES","og_type":"article","og_title":"Elisabet Rodr\u00edguez Pi\u00f1ero - Acompanyament Familiar","og_description":"Elisabet Rodr\u00edguez Pi\u00f1ero Terapeuta Sist\u00e9mica y Humanista Acompa\u00f1o a personas desde hace unos 20 a\u00f1os. Crezco y trabajo cerca del agua y la naturaleza. Hija de un barrio de la periferia de un pueblo, donde me descubro un alto grado de sensibilidad. Me doy cuenta de la relevancia de preservar los dones y las singularidades [&hellip;]","og_url":"https:\/\/acompanyamentfamiliar.com\/es\/equipo\/elisabet-rodriguez-2\/","og_site_name":"Acompanyament Familiar","article_modified_time":"2025-05-09T14:38:45+00:00","og_image":[{"width":225,"height":225,"url":"https:\/\/acompanyamentfamiliar.com\/wp-content\/uploads\/2025\/03\/elisabet-rodriguez.jpg","type":"image\/jpeg"}],"twitter_card":"summary_large_image","twitter_misc":{"Tiempo de lectura":"3 minutos"},"schema":{"@context":"https:\/\/schema.org","@graph":[{"@type":"WebPage","@id":"https:\/\/acompanyamentfamiliar.com\/es\/equipo\/elisabet-rodriguez-2\/","url":"https:\/\/acompanyamentfamiliar.com\/es\/equipo\/elisabet-rodriguez-2\/","name":"Elisabet Rodr\u00edguez Pi\u00f1ero - Acompanyament Familiar","isPartOf":{"@id":"https:\/\/acompanyamentfamiliar.com\/es\/#website"},"primaryImageOfPage":{"@id":"https:\/\/acompanyamentfamiliar.com\/es\/equipo\/elisabet-rodriguez-2\/#primaryimage"},"image":{"@id":"https:\/\/acompanyamentfamiliar.com\/es\/equipo\/elisabet-rodriguez-2\/#primaryimage"},"thumbnailUrl":"https:\/\/acompanyamentfamiliar.com\/wp-content\/uploads\/2025\/03\/elisabet-rodriguez.jpg","datePublished":"2025-04-13T09:38:06+00:00","dateModified":"2025-05-09T14:38:45+00:00","breadcrumb":{"@id":"https:\/\/acompanyamentfamiliar.com\/es\/equipo\/elisabet-rodriguez-2\/#breadcrumb"},"inLanguage":"es","potentialAction":[{"@type":"ReadAction","target":["https:\/\/acompanyamentfamiliar.com\/es\/equipo\/elisabet-rodriguez-2\/"]}]},{"@type":"ImageObject","inLanguage":"es","@id":"https:\/\/acompanyamentfamiliar.com\/es\/equipo\/elisabet-rodriguez-2\/#primaryimage","url":"https:\/\/acompanyamentfamiliar.com\/wp-content\/uploads\/2025\/03\/elisabet-rodriguez.jpg","contentUrl":"https:\/\/acompanyamentfamiliar.com\/wp-content\/uploads\/2025\/03\/elisabet-rodriguez.jpg"},{"@type":"BreadcrumbList","@id":"https:\/\/acompanyamentfamiliar.com\/es\/equipo\/elisabet-rodriguez-2\/#breadcrumb","itemListElement":[{"@type":"ListItem","position":1,"name":"Portada","item":"https:\/\/acompanyamentfamiliar.com\/es\/"},{"@type":"ListItem","position":2,"name":"Centro de Psic\u00f3logos de Barcelona","item":"https:\/\/acompanyamentfamiliar.com\/es\/equipo\/"},{"@type":"ListItem","position":3,"name":"Elisabet Rodr\u00edguez Pi\u00f1ero"}]},{"@type":"WebSite","@id":"https:\/\/acompanyamentfamiliar.com\/es\/#website","url":"https:\/\/acompanyamentfamiliar.com\/es\/","name":"Acompanyament Familiar","description":"Psic\u00f3logas en Barcelona: Acompa\u00f1amiento familiar","publisher":{"@id":"https:\/\/acompanyamentfamiliar.com\/es\/#organization"},"potentialAction":[{"@type":"SearchAction","target":{"@type":"EntryPoint","urlTemplate":"https:\/\/acompanyamentfamiliar.com\/es\/?s={search_term_string}"},"query-input":{"@type":"PropertyValueSpecification","valueRequired":true,"valueName":"search_term_string"}}],"inLanguage":"es"},{"@type":"Organization","@id":"https:\/\/acompanyamentfamiliar.com\/es\/#organization","name":"Acompanyament Familiar","url":"https:\/\/acompanyamentfamiliar.com\/es\/","logo":{"@type":"ImageObject","inLanguage":"es","@id":"https:\/\/acompanyamentfamiliar.com\/es\/#\/schema\/logo\/image\/","url":"https:\/\/acompanyamentfamiliar.com\/wp-content\/uploads\/2025\/03\/logo_acompanyamnet_familiar.png","contentUrl":"https:\/\/acompanyamentfamiliar.com\/wp-content\/uploads\/2025\/03\/logo_acompanyamnet_familiar.png","width":241,"height":126,"caption":"Acompanyament Familiar"},"image":{"@id":"https:\/\/acompanyamentfamiliar.com\/es\/#\/schema\/logo\/image\/"}}]}},"_links":{"self":[{"href":"https:\/\/acompanyamentfamiliar.com\/es\/wp-json\/wp\/v2\/pages\/608","targetHints":{"allow":["GET"]}}],"collection":[{"href":"https:\/\/acompanyamentfamiliar.com\/es\/wp-json\/wp\/v2\/pages"}],"about":[{"href":"https:\/\/acompanyamentfamiliar.com\/es\/wp-json\/wp\/v2\/types\/page"}],"author":[{"embeddable":true,"href":"https:\/\/acompanyamentfamiliar.com\/es\/wp-json\/wp\/v2\/users\/1"}],"replies":[{"embeddable":true,"href":"https:\/\/acompanyamentfamiliar.com\/es\/wp-json\/wp\/v2\/comments?post=608"}],"version-history":[{"count":9,"href":"https:\/\/acompanyamentfamiliar.com\/es\/wp-json\/wp\/v2\/pages\/608\/revisions"}],"predecessor-version":[{"id":2043,"href":"https:\/\/acompanyamentfamiliar.com\/es\/wp-json\/wp\/v2\/pages\/608\/revisions\/2043"}],"up":[{"embeddable":true,"href":"https:\/\/acompanyamentfamiliar.com\/es\/wp-json\/wp\/v2\/pages\/55"}],"wp:attachment":[{"href":"https:\/\/acompanyamentfamiliar.com\/es\/wp-json\/wp\/v2\/media?parent=608"}],"curies":[{"name":"wp","href":"https:\/\/api.w.org\/{rel}","templated":true}]}}