{"id":656,"date":"2025-04-13T09:44:30","date_gmt":"2025-04-13T09:44:30","guid":{"rendered":"https:\/\/acompanyamentfamiliar.com\/?page_id=656"},"modified":"2025-05-09T14:39:29","modified_gmt":"2025-05-09T14:39:29","slug":"eulalia-sole-altimira","status":"publish","type":"page","link":"https:\/\/acompanyamentfamiliar.com\/es\/equipo\/eulalia-sole-altimira\/","title":{"rendered":"Eul\u00e0lia Sol\u00e9 Altimira"},"content":{"rendered":"\t\t<div data-elementor-type=\"wp-page\" data-elementor-id=\"656\" class=\"elementor elementor-656\" data-elementor-post-type=\"page\">\n\t\t\t\t<div class=\"elementor-element elementor-element-c451329 e-flex e-con-boxed e-con e-parent\" data-id=\"c451329\" data-element_type=\"container\" data-settings=\"{&quot;background_background&quot;:&quot;classic&quot;}\">\n\t\t\t\t\t<div class=\"e-con-inner\">\n\t\t<div class=\"elementor-element elementor-element-87d1828 e-con-full e-flex e-con e-child\" data-id=\"87d1828\" data-element_type=\"container\">\n\t\t<div class=\"elementor-element elementor-element-5c1ac32 e-con-full e-flex e-con e-child\" data-id=\"5c1ac32\" data-element_type=\"container\">\n\t\t\t\t<div class=\"elementor-element elementor-element-daa0fff elementor-widget elementor-widget-heading\" data-id=\"daa0fff\" data-element_type=\"widget\" data-widget_type=\"heading.default\">\n\t\t\t\t<div class=\"elementor-widget-container\">\n\t\t\t\t\t<h1 class=\"elementor-heading-title elementor-size-default\">Eul\u00e0lia Sol\u00e9 Altimira<\/h1>\t\t\t\t<\/div>\n\t\t\t\t<\/div>\n\t\t\t\t<div class=\"elementor-element elementor-element-c69adf2 elementor-widget elementor-widget-text-editor\" data-id=\"c69adf2\" data-element_type=\"widget\" data-widget_type=\"text-editor.default\">\n\t\t\t\t<div class=\"elementor-widget-container\">\n\t\t\t\t\t\t\t\t\t<div class=\"col-sm-6 my-auto\"><h2>Psicomotricista terap\u00e9utica<\/h2><\/div><div class=\"col-sm-6 text-center my-auto\">\u00a0<\/div>\t\t\t\t\t\t\t\t<\/div>\n\t\t\t\t<\/div>\n\t\t\t\t<\/div>\n\t\t<div class=\"elementor-element elementor-element-f701a00 e-con-full e-flex e-con e-child\" data-id=\"f701a00\" data-element_type=\"container\">\n\t\t\t\t<div class=\"elementor-element elementor-element-631e7f5 elementor-widget elementor-widget-image\" data-id=\"631e7f5\" data-element_type=\"widget\" data-widget_type=\"image.default\">\n\t\t\t\t<div class=\"elementor-widget-container\">\n\t\t\t\t\t\t\t\t\t\t\t\t\t\t\t<img fetchpriority=\"high\" decoding=\"async\" width=\"225\" height=\"225\" src=\"https:\/\/acompanyamentfamiliar.com\/wp-content\/uploads\/2025\/03\/eulalia-sole.jpeg\" class=\"attachment-large size-large wp-image-119\" alt=\"\" srcset=\"https:\/\/acompanyamentfamiliar.com\/wp-content\/uploads\/2025\/03\/eulalia-sole.jpeg 225w, https:\/\/acompanyamentfamiliar.com\/wp-content\/uploads\/2025\/03\/eulalia-sole-150x150.jpeg 150w\" sizes=\"(max-width: 225px) 100vw, 225px\" \/>\t\t\t\t\t\t\t\t\t\t\t\t\t\t\t<\/div>\n\t\t\t\t<\/div>\n\t\t\t\t<\/div>\n\t\t\t\t<\/div>\n\t\t\t\t\t<\/div>\n\t\t\t\t<\/div>\n\t\t<div class=\"elementor-element elementor-element-cdd850e e-flex e-con-boxed e-con e-parent\" data-id=\"cdd850e\" data-element_type=\"container\">\n\t\t\t\t\t<div class=\"e-con-inner\">\n\t\t<div class=\"elementor-element elementor-element-ea1c755 e-con-full e-flex e-con e-child\" data-id=\"ea1c755\" data-element_type=\"container\">\n\t\t<div class=\"elementor-element elementor-element-98730eb e-con-full e-flex e-con e-child\" data-id=\"98730eb\" data-element_type=\"container\">\n\t\t<div class=\"elementor-element elementor-element-95be84c e-con-full e-flex e-con e-child\" data-id=\"95be84c\" data-element_type=\"container\">\n\t\t\t\t<div class=\"elementor-element elementor-element-b8b77c0 elementor-widget elementor-widget-text-editor\" data-id=\"b8b77c0\" data-element_type=\"widget\" data-widget_type=\"text-editor.default\">\n\t\t\t\t<div class=\"elementor-widget-container\">\n\t\t\t\t\t\t\t\t\t<p>Mi recorrido vital me ha llevado a desarrollarme personal y profesionalmente como acompa\u00f1ante en proyectos de educaci\u00f3n libre y viva vinculados a la\u00a0<strong>XELL<\/strong>, y como psicomotricista en el \u00e1mbito educativo, preventivo y terap\u00e9utico. De formaci\u00f3n de base soy\u00a0<strong>licenciada en Sociolog\u00eda<\/strong>, y de alguna manera u otra me acompa\u00f1a en mi mirada y hacer en el acompa\u00f1amiento de los procesos de vida y crecimiento de peque\u00f1os y grandes. Me inici\u00e9 en el mundo del acompa\u00f1amiento desde el deseo y la curiosidad de conocer el mundo de la peque\u00f1a infancia.<\/p><p>Actualmente soy\u00a0<strong>socia y acompa\u00f1ante<\/strong>\u00a0de la\u00a0<strong>Cooperativa educativa La Caseta.<\/strong>\u00a0Formo parte del equipo de coordinaci\u00f3n pedag\u00f3gica, acompa\u00f1o ni\u00f1os y ni\u00f1as de 2 a 6 a\u00f1os y a sus familias en el d\u00eda a d\u00eda de la escuela, acompa\u00f1o\u00a0<strong>grupos de psicomotricidad en familia y co-coordino la Formaci\u00f3n anual en pedagog\u00eda libre de la Caseta.<\/strong><\/p>\t\t\t\t\t\t\t\t<\/div>\n\t\t\t\t<\/div>\n\t\t\t\t<\/div>\n\t\t<div class=\"elementor-element elementor-element-8fbbe80 e-con-full e-flex e-con e-child\" data-id=\"8fbbe80\" data-element_type=\"container\">\n\t\t\t\t<div class=\"elementor-element elementor-element-c97acc2 elementor-widget elementor-widget-text-editor\" data-id=\"c97acc2\" data-element_type=\"widget\" data-widget_type=\"text-editor.default\">\n\t\t\t\t<div class=\"elementor-widget-container\">\n\t\t\t\t\t\t\t\t\t<p>En Acompanyament Familiar\u00a0<strong>acompa\u00f1o ni\u00f1os y ni\u00f1as de forma individual desde la Terapia psicomotriz de la l\u00ednia de Bernard Aucoutirier.<\/strong><\/p><p>Los \u00faltimos 10 a\u00f1os los he dedicado a formarme y trabajar como\u00a0<strong>Psicomotricista,\u00a0<\/strong>primero en proyectos de educaci\u00f3n libre donde la psicomotricidad es uno de los pilares pedag\u00f3gicos, y posteriormente form\u00e1ndome en el\u00a0<strong>Postgrau en Psicomotricitat Educativa i preventiva a l&#8217;AEC\u00a0<\/strong>(2014-15)<strong>\u00a0<\/strong>y el\u00a0<strong>Postgrau d\u2019especialitzaci\u00f3 universitari en pr\u00e0ctica psicomotriu terap\u00e8utica<\/strong>\u00a0a l&#8217;AEC-UB (2018-2020), los dos siguiendo la\u00a0<strong>l\u00ednea de Bernard Aucouturier.<\/strong>\u00a0Han sido 10 a\u00f1os de intenso crecimiento y transformaci\u00f3n personal y profesional.<\/p><p>De las sinergias aparecidas durante este periodo formativo, formo parte del equipo docente del\u00a0<strong>Postgrau en Psicomotricitat Educativa i Preventiva AEC-UB.\u00a0<\/strong><\/p>\t\t\t\t\t\t\t\t<\/div>\n\t\t\t\t<\/div>\n\t\t\t\t<\/div>\n\t\t\t\t<\/div>\n\t\t\t\t<\/div>\n\t\t\t\t\t<\/div>\n\t\t\t\t<\/div>\n\t\t\t\t<\/div>\n\t\t","protected":false},"excerpt":{"rendered":"<p>Eul\u00e0lia Sol\u00e9 Altimira Psicomotricista terap\u00e9utica \u00a0 Mi recorrido vital me ha llevado a desarrollarme personal y profesionalmente como acompa\u00f1ante en proyectos de educaci\u00f3n libre y viva vinculados a la\u00a0XELL, y como psicomotricista en el \u00e1mbito educativo, preventivo y terap\u00e9utico. De formaci\u00f3n de base soy\u00a0licenciada en Sociolog\u00eda, y de alguna manera u otra me acompa\u00f1a en [&hellip;]<\/p>\n","protected":false},"author":1,"featured_media":0,"parent":55,"menu_order":0,"comment_status":"closed","ping_status":"closed","template":"","meta":{"footnotes":""},"class_list":["post-656","page","type-page","status-publish","hentry"],"yoast_head":"<!-- This site is optimized with the Yoast SEO plugin v26.8 - https:\/\/yoast.com\/product\/yoast-seo-wordpress\/ -->\n<title>Eul\u00e0lia Sol\u00e9 Altimira - Acompanyament Familiar<\/title>\n<meta name=\"robots\" content=\"index, follow, max-snippet:-1, max-image-preview:large, max-video-preview:-1\" \/>\n<link rel=\"canonical\" href=\"https:\/\/acompanyamentfamiliar.com\/es\/equipo\/eulalia-sole-altimira\/\" \/>\n<meta property=\"og:locale\" content=\"es_ES\" \/>\n<meta property=\"og:type\" content=\"article\" \/>\n<meta property=\"og:title\" content=\"Eul\u00e0lia Sol\u00e9 Altimira - Acompanyament Familiar\" \/>\n<meta property=\"og:description\" content=\"Eul\u00e0lia Sol\u00e9 Altimira Psicomotricista terap\u00e9utica \u00a0 Mi recorrido vital me ha llevado a desarrollarme personal y profesionalmente como acompa\u00f1ante en proyectos de educaci\u00f3n libre y viva vinculados a la\u00a0XELL, y como psicomotricista en el \u00e1mbito educativo, preventivo y terap\u00e9utico. De formaci\u00f3n de base soy\u00a0licenciada en Sociolog\u00eda, y de alguna manera u otra me acompa\u00f1a en [&hellip;]\" \/>\n<meta property=\"og:url\" content=\"https:\/\/acompanyamentfamiliar.com\/es\/equipo\/eulalia-sole-altimira\/\" \/>\n<meta property=\"og:site_name\" content=\"Acompanyament Familiar\" \/>\n<meta property=\"article:modified_time\" content=\"2025-05-09T14:39:29+00:00\" \/>\n<meta property=\"og:image\" content=\"https:\/\/acompanyamentfamiliar.com\/wp-content\/uploads\/2025\/03\/eulalia-sole.jpeg\" \/>\n\t<meta property=\"og:image:width\" content=\"225\" \/>\n\t<meta property=\"og:image:height\" content=\"225\" \/>\n\t<meta property=\"og:image:type\" content=\"image\/jpeg\" \/>\n<meta name=\"twitter:card\" content=\"summary_large_image\" \/>\n<meta name=\"twitter:label1\" content=\"Tiempo de lectura\" \/>\n\t<meta name=\"twitter:data1\" content=\"2 minutos\" \/>\n<script type=\"application\/ld+json\" class=\"yoast-schema-graph\">{\"@context\":\"https:\/\/schema.org\",\"@graph\":[{\"@type\":\"WebPage\",\"@id\":\"https:\/\/acompanyamentfamiliar.com\/es\/equipo\/eulalia-sole-altimira\/\",\"url\":\"https:\/\/acompanyamentfamiliar.com\/es\/equipo\/eulalia-sole-altimira\/\",\"name\":\"Eul\u00e0lia Sol\u00e9 Altimira - Acompanyament Familiar\",\"isPartOf\":{\"@id\":\"https:\/\/acompanyamentfamiliar.com\/es\/#website\"},\"primaryImageOfPage\":{\"@id\":\"https:\/\/acompanyamentfamiliar.com\/es\/equipo\/eulalia-sole-altimira\/#primaryimage\"},\"image\":{\"@id\":\"https:\/\/acompanyamentfamiliar.com\/es\/equipo\/eulalia-sole-altimira\/#primaryimage\"},\"thumbnailUrl\":\"https:\/\/acompanyamentfamiliar.com\/wp-content\/uploads\/2025\/03\/eulalia-sole.jpeg\",\"datePublished\":\"2025-04-13T09:44:30+00:00\",\"dateModified\":\"2025-05-09T14:39:29+00:00\",\"breadcrumb\":{\"@id\":\"https:\/\/acompanyamentfamiliar.com\/es\/equipo\/eulalia-sole-altimira\/#breadcrumb\"},\"inLanguage\":\"es\",\"potentialAction\":[{\"@type\":\"ReadAction\",\"target\":[\"https:\/\/acompanyamentfamiliar.com\/es\/equipo\/eulalia-sole-altimira\/\"]}]},{\"@type\":\"ImageObject\",\"inLanguage\":\"es\",\"@id\":\"https:\/\/acompanyamentfamiliar.com\/es\/equipo\/eulalia-sole-altimira\/#primaryimage\",\"url\":\"https:\/\/acompanyamentfamiliar.com\/wp-content\/uploads\/2025\/03\/eulalia-sole.jpeg\",\"contentUrl\":\"https:\/\/acompanyamentfamiliar.com\/wp-content\/uploads\/2025\/03\/eulalia-sole.jpeg\"},{\"@type\":\"BreadcrumbList\",\"@id\":\"https:\/\/acompanyamentfamiliar.com\/es\/equipo\/eulalia-sole-altimira\/#breadcrumb\",\"itemListElement\":[{\"@type\":\"ListItem\",\"position\":1,\"name\":\"Portada\",\"item\":\"https:\/\/acompanyamentfamiliar.com\/es\/\"},{\"@type\":\"ListItem\",\"position\":2,\"name\":\"Centro de Psic\u00f3logos de Barcelona\",\"item\":\"https:\/\/acompanyamentfamiliar.com\/es\/equipo\/\"},{\"@type\":\"ListItem\",\"position\":3,\"name\":\"Eul\u00e0lia Sol\u00e9 Altimira\"}]},{\"@type\":\"WebSite\",\"@id\":\"https:\/\/acompanyamentfamiliar.com\/es\/#website\",\"url\":\"https:\/\/acompanyamentfamiliar.com\/es\/\",\"name\":\"Acompanyament Familiar\",\"description\":\"Psic\u00f3logas en Barcelona: Acompa\u00f1amiento familiar\",\"publisher\":{\"@id\":\"https:\/\/acompanyamentfamiliar.com\/es\/#organization\"},\"potentialAction\":[{\"@type\":\"SearchAction\",\"target\":{\"@type\":\"EntryPoint\",\"urlTemplate\":\"https:\/\/acompanyamentfamiliar.com\/es\/?s={search_term_string}\"},\"query-input\":{\"@type\":\"PropertyValueSpecification\",\"valueRequired\":true,\"valueName\":\"search_term_string\"}}],\"inLanguage\":\"es\"},{\"@type\":\"Organization\",\"@id\":\"https:\/\/acompanyamentfamiliar.com\/es\/#organization\",\"name\":\"Acompanyament Familiar\",\"url\":\"https:\/\/acompanyamentfamiliar.com\/es\/\",\"logo\":{\"@type\":\"ImageObject\",\"inLanguage\":\"es\",\"@id\":\"https:\/\/acompanyamentfamiliar.com\/es\/#\/schema\/logo\/image\/\",\"url\":\"https:\/\/acompanyamentfamiliar.com\/wp-content\/uploads\/2025\/03\/logo_acompanyamnet_familiar.png\",\"contentUrl\":\"https:\/\/acompanyamentfamiliar.com\/wp-content\/uploads\/2025\/03\/logo_acompanyamnet_familiar.png\",\"width\":241,\"height\":126,\"caption\":\"Acompanyament Familiar\"},\"image\":{\"@id\":\"https:\/\/acompanyamentfamiliar.com\/es\/#\/schema\/logo\/image\/\"}}]}<\/script>\n<!-- \/ Yoast SEO plugin. -->","yoast_head_json":{"title":"Eul\u00e0lia Sol\u00e9 Altimira - Acompanyament Familiar","robots":{"index":"index","follow":"follow","max-snippet":"max-snippet:-1","max-image-preview":"max-image-preview:large","max-video-preview":"max-video-preview:-1"},"canonical":"https:\/\/acompanyamentfamiliar.com\/es\/equipo\/eulalia-sole-altimira\/","og_locale":"es_ES","og_type":"article","og_title":"Eul\u00e0lia Sol\u00e9 Altimira - Acompanyament Familiar","og_description":"Eul\u00e0lia Sol\u00e9 Altimira Psicomotricista terap\u00e9utica \u00a0 Mi recorrido vital me ha llevado a desarrollarme personal y profesionalmente como acompa\u00f1ante en proyectos de educaci\u00f3n libre y viva vinculados a la\u00a0XELL, y como psicomotricista en el \u00e1mbito educativo, preventivo y terap\u00e9utico. De formaci\u00f3n de base soy\u00a0licenciada en Sociolog\u00eda, y de alguna manera u otra me acompa\u00f1a en [&hellip;]","og_url":"https:\/\/acompanyamentfamiliar.com\/es\/equipo\/eulalia-sole-altimira\/","og_site_name":"Acompanyament Familiar","article_modified_time":"2025-05-09T14:39:29+00:00","og_image":[{"width":225,"height":225,"url":"https:\/\/acompanyamentfamiliar.com\/wp-content\/uploads\/2025\/03\/eulalia-sole.jpeg","type":"image\/jpeg"}],"twitter_card":"summary_large_image","twitter_misc":{"Tiempo de lectura":"2 minutos"},"schema":{"@context":"https:\/\/schema.org","@graph":[{"@type":"WebPage","@id":"https:\/\/acompanyamentfamiliar.com\/es\/equipo\/eulalia-sole-altimira\/","url":"https:\/\/acompanyamentfamiliar.com\/es\/equipo\/eulalia-sole-altimira\/","name":"Eul\u00e0lia Sol\u00e9 Altimira - Acompanyament Familiar","isPartOf":{"@id":"https:\/\/acompanyamentfamiliar.com\/es\/#website"},"primaryImageOfPage":{"@id":"https:\/\/acompanyamentfamiliar.com\/es\/equipo\/eulalia-sole-altimira\/#primaryimage"},"image":{"@id":"https:\/\/acompanyamentfamiliar.com\/es\/equipo\/eulalia-sole-altimira\/#primaryimage"},"thumbnailUrl":"https:\/\/acompanyamentfamiliar.com\/wp-content\/uploads\/2025\/03\/eulalia-sole.jpeg","datePublished":"2025-04-13T09:44:30+00:00","dateModified":"2025-05-09T14:39:29+00:00","breadcrumb":{"@id":"https:\/\/acompanyamentfamiliar.com\/es\/equipo\/eulalia-sole-altimira\/#breadcrumb"},"inLanguage":"es","potentialAction":[{"@type":"ReadAction","target":["https:\/\/acompanyamentfamiliar.com\/es\/equipo\/eulalia-sole-altimira\/"]}]},{"@type":"ImageObject","inLanguage":"es","@id":"https:\/\/acompanyamentfamiliar.com\/es\/equipo\/eulalia-sole-altimira\/#primaryimage","url":"https:\/\/acompanyamentfamiliar.com\/wp-content\/uploads\/2025\/03\/eulalia-sole.jpeg","contentUrl":"https:\/\/acompanyamentfamiliar.com\/wp-content\/uploads\/2025\/03\/eulalia-sole.jpeg"},{"@type":"BreadcrumbList","@id":"https:\/\/acompanyamentfamiliar.com\/es\/equipo\/eulalia-sole-altimira\/#breadcrumb","itemListElement":[{"@type":"ListItem","position":1,"name":"Portada","item":"https:\/\/acompanyamentfamiliar.com\/es\/"},{"@type":"ListItem","position":2,"name":"Centro de Psic\u00f3logos de Barcelona","item":"https:\/\/acompanyamentfamiliar.com\/es\/equipo\/"},{"@type":"ListItem","position":3,"name":"Eul\u00e0lia Sol\u00e9 Altimira"}]},{"@type":"WebSite","@id":"https:\/\/acompanyamentfamiliar.com\/es\/#website","url":"https:\/\/acompanyamentfamiliar.com\/es\/","name":"Acompanyament Familiar","description":"Psic\u00f3logas en Barcelona: Acompa\u00f1amiento familiar","publisher":{"@id":"https:\/\/acompanyamentfamiliar.com\/es\/#organization"},"potentialAction":[{"@type":"SearchAction","target":{"@type":"EntryPoint","urlTemplate":"https:\/\/acompanyamentfamiliar.com\/es\/?s={search_term_string}"},"query-input":{"@type":"PropertyValueSpecification","valueRequired":true,"valueName":"search_term_string"}}],"inLanguage":"es"},{"@type":"Organization","@id":"https:\/\/acompanyamentfamiliar.com\/es\/#organization","name":"Acompanyament Familiar","url":"https:\/\/acompanyamentfamiliar.com\/es\/","logo":{"@type":"ImageObject","inLanguage":"es","@id":"https:\/\/acompanyamentfamiliar.com\/es\/#\/schema\/logo\/image\/","url":"https:\/\/acompanyamentfamiliar.com\/wp-content\/uploads\/2025\/03\/logo_acompanyamnet_familiar.png","contentUrl":"https:\/\/acompanyamentfamiliar.com\/wp-content\/uploads\/2025\/03\/logo_acompanyamnet_familiar.png","width":241,"height":126,"caption":"Acompanyament Familiar"},"image":{"@id":"https:\/\/acompanyamentfamiliar.com\/es\/#\/schema\/logo\/image\/"}}]}},"_links":{"self":[{"href":"https:\/\/acompanyamentfamiliar.com\/es\/wp-json\/wp\/v2\/pages\/656","targetHints":{"allow":["GET"]}}],"collection":[{"href":"https:\/\/acompanyamentfamiliar.com\/es\/wp-json\/wp\/v2\/pages"}],"about":[{"href":"https:\/\/acompanyamentfamiliar.com\/es\/wp-json\/wp\/v2\/types\/page"}],"author":[{"embeddable":true,"href":"https:\/\/acompanyamentfamiliar.com\/es\/wp-json\/wp\/v2\/users\/1"}],"replies":[{"embeddable":true,"href":"https:\/\/acompanyamentfamiliar.com\/es\/wp-json\/wp\/v2\/comments?post=656"}],"version-history":[{"count":7,"href":"https:\/\/acompanyamentfamiliar.com\/es\/wp-json\/wp\/v2\/pages\/656\/revisions"}],"predecessor-version":[{"id":2051,"href":"https:\/\/acompanyamentfamiliar.com\/es\/wp-json\/wp\/v2\/pages\/656\/revisions\/2051"}],"up":[{"embeddable":true,"href":"https:\/\/acompanyamentfamiliar.com\/es\/wp-json\/wp\/v2\/pages\/55"}],"wp:attachment":[{"href":"https:\/\/acompanyamentfamiliar.com\/es\/wp-json\/wp\/v2\/media?parent=656"}],"curies":[{"name":"wp","href":"https:\/\/api.w.org\/{rel}","templated":true}]}}