{"id":675,"date":"2025-04-13T09:47:35","date_gmt":"2025-04-13T09:47:35","guid":{"rendered":"https:\/\/acompanyamentfamiliar.com\/?page_id=675"},"modified":"2025-05-09T14:39:49","modified_gmt":"2025-05-09T14:39:49","slug":"susanna-dambrosio","status":"publish","type":"page","link":"https:\/\/acompanyamentfamiliar.com\/es\/equipo\/susanna-dambrosio\/","title":{"rendered":"Susanna d&#8217;Ambrosio"},"content":{"rendered":"\t\t<div data-elementor-type=\"wp-page\" data-elementor-id=\"675\" class=\"elementor elementor-675\" data-elementor-post-type=\"page\">\n\t\t\t\t<div class=\"elementor-element elementor-element-c451329 e-flex e-con-boxed e-con e-parent\" data-id=\"c451329\" data-element_type=\"container\" data-settings=\"{&quot;background_background&quot;:&quot;classic&quot;}\">\n\t\t\t\t\t<div class=\"e-con-inner\">\n\t\t<div class=\"elementor-element elementor-element-87d1828 e-con-full e-flex e-con e-child\" data-id=\"87d1828\" data-element_type=\"container\">\n\t\t<div class=\"elementor-element elementor-element-5c1ac32 e-con-full e-flex e-con e-child\" data-id=\"5c1ac32\" data-element_type=\"container\">\n\t\t\t\t<div class=\"elementor-element elementor-element-daa0fff elementor-widget elementor-widget-heading\" data-id=\"daa0fff\" data-element_type=\"widget\" data-widget_type=\"heading.default\">\n\t\t\t\t<div class=\"elementor-widget-container\">\n\t\t\t\t\t<h1 class=\"elementor-heading-title elementor-size-default\">Susanna d'Ambrosio<\/h1>\t\t\t\t<\/div>\n\t\t\t\t<\/div>\n\t\t\t\t<div class=\"elementor-element elementor-element-c69adf2 elementor-widget elementor-widget-text-editor\" data-id=\"c69adf2\" data-element_type=\"widget\" data-widget_type=\"text-editor.default\">\n\t\t\t\t<div class=\"elementor-widget-container\">\n\t\t\t\t\t\t\t\t\t<div class=\"col-sm-6 my-auto\"><h2>Psiquiatra perinatal y psicoterapeuta<\/h2><\/div><div class=\"col-sm-6 text-center my-auto\">\u00a0<\/div>\t\t\t\t\t\t\t\t<\/div>\n\t\t\t\t<\/div>\n\t\t\t\t<\/div>\n\t\t<div class=\"elementor-element elementor-element-f701a00 e-con-full e-flex e-con e-child\" data-id=\"f701a00\" data-element_type=\"container\">\n\t\t\t\t<div class=\"elementor-element elementor-element-631e7f5 elementor-widget elementor-widget-image\" data-id=\"631e7f5\" data-element_type=\"widget\" data-widget_type=\"image.default\">\n\t\t\t\t<div class=\"elementor-widget-container\">\n\t\t\t\t\t\t\t\t\t\t\t\t\t\t\t<img fetchpriority=\"high\" decoding=\"async\" width=\"225\" height=\"225\" src=\"https:\/\/acompanyamentfamiliar.com\/wp-content\/uploads\/2025\/03\/susanna-ambrosio.jpeg\" class=\"attachment-large size-large wp-image-121\" alt=\"\" srcset=\"https:\/\/acompanyamentfamiliar.com\/wp-content\/uploads\/2025\/03\/susanna-ambrosio.jpeg 225w, https:\/\/acompanyamentfamiliar.com\/wp-content\/uploads\/2025\/03\/susanna-ambrosio-150x150.jpeg 150w\" sizes=\"(max-width: 225px) 100vw, 225px\" \/>\t\t\t\t\t\t\t\t\t\t\t\t\t\t\t<\/div>\n\t\t\t\t<\/div>\n\t\t\t\t<\/div>\n\t\t\t\t<\/div>\n\t\t\t\t\t<\/div>\n\t\t\t\t<\/div>\n\t\t<div class=\"elementor-element elementor-element-cdd850e e-flex e-con-boxed e-con e-parent\" data-id=\"cdd850e\" data-element_type=\"container\">\n\t\t\t\t\t<div class=\"e-con-inner\">\n\t\t<div class=\"elementor-element elementor-element-ea1c755 e-con-full e-flex e-con e-child\" data-id=\"ea1c755\" data-element_type=\"container\">\n\t\t<div class=\"elementor-element elementor-element-98730eb e-con-full e-flex e-con e-child\" data-id=\"98730eb\" data-element_type=\"container\">\n\t\t<div class=\"elementor-element elementor-element-95be84c e-con-full e-flex e-con e-child\" data-id=\"95be84c\" data-element_type=\"container\">\n\t\t\t\t<div class=\"elementor-element elementor-element-b8b77c0 elementor-widget elementor-widget-text-editor\" data-id=\"b8b77c0\" data-element_type=\"widget\" data-widget_type=\"text-editor.default\">\n\t\t\t\t<div class=\"elementor-widget-container\">\n\t\t\t\t\t\t\t\t\t<p><strong>M\u00e9dico psiquiatra<\/strong>, especializada en tratamiento farmacol\u00f3gico y psicoterap\u00e9utico de orientaci\u00f3n din\u00e1mica; Licenciada en Medicina y Cirurg\u00eda, en 2004 y especializada en Psiquiatr\u00eda en 2010 en la Universidad de Padua, con Postgrado de Psicoterapia Breve, en la Fundacio Vidal i Barraquer, Universitat Ramon Llull en 2012-2013. Especializada en psiquiatr\u00eda perinatal, con el Curso de perfeccionamiento en <strong>salud mental perinatal<\/strong>, Hospital Clinic en 2019, formaci\u00f3n continuada con el Instituto Europeo de Salud Mental Perinatal (2015-2018) sobre <strong>psicolog\u00eda del embarazo, del parto y nacimiento<\/strong>, del posparto y con la Sociedad Merc\u00e9 Espa\u00f1ola de Salud Mental Perinatal (MARES).<\/p><p>Formaci\u00f3n y colaboraci\u00f3n con Grup Kidstime Barcelona (2016-2017), formaci\u00f3n ADI-R y ADOS (2014) en el Hospital Universitari M\u00fatua de Terrassa.<\/p><p>He trabajado como Psiquiatra de personas adultas en el Hospital d&#8217;Aguts de Sant Joan de D\u00e9u, (2011), en el Centro de Salud Mental de Adultos Centre d&#8217;Higiene Mental Les Corts, (2010) y como psiquiatra infantil en el Centro de Salud Mental Infanto-juvenil (CSMIJ) de la Fundaci\u00f3 Orienta durante 6 a\u00f1os (2011-2017); he colaborado en varios centros m\u00e9dicos en la red privada (Centre M\u00e8dic Villa Olimpica, Centre M\u00e8dic Maragda, Centre Asistencial Sant Joan, Sant Joan Desp\u00ed).\u00a0<\/p><p><strong>Experiencia psicoterap\u00e9utica grupal con grupos de intervenci\u00f3n diagn\u00f3stica breve padres-hijos<\/strong>, grupos terap\u00e9uticos padres-hijos adolescentes, grupos para el trastorno de ansiedad en adultos, grupo multifamiliar y terapias de grupo en j\u00f3venes en el programa de \u201cAtenci\u00f3n a la psicosis incipiente\u201d y Colaboraci\u00f3n en el \u201cAmbulatorio di Consultazione e Psicoterapia Psicoanalitica della relazione Genitori Figli e del Ciclo della Vita\u201d.<\/p><p>Colaboro con la associaci\u00f3n \u00abOttocentro, psicoterapia y psiquiatr\u00eda para todos\u00bb.<\/p>\t\t\t\t\t\t\t\t<\/div>\n\t\t\t\t<\/div>\n\t\t\t\t<\/div>\n\t\t<div class=\"elementor-element elementor-element-8fbbe80 e-con-full e-flex e-con e-child\" data-id=\"8fbbe80\" data-element_type=\"container\">\n\t\t\t\t<div class=\"elementor-element elementor-element-c97acc2 elementor-widget elementor-widget-text-editor\" data-id=\"c97acc2\" data-element_type=\"widget\" data-widget_type=\"text-editor.default\">\n\t\t\t\t<div class=\"elementor-widget-container\">\n\t\t\t\t\t\t\t\t\t<p>Atiendo en castellano, italiano y catal\u00e1n.<\/p><p>Empec\u00e9 mis estudios en la Universidad de Padua, y en 2002-2003 ped\u00ed una beca Erasmus para Granada: durante ese a\u00f1o pude conocer la cultura andaluza con su toque \u00e1rabe y muchos aspectos de la realidad espa\u00f1ola. Mi deseo era realizar la residencia en Oviedo, pero la vida me pidi\u00f3 que me quedara unos a\u00f1os m\u00e1s en Padua donde realic\u00e9 la residencia de psiquiatr\u00eda, acerc\u00e1ndome al mismo tiempo a la psicoterapia freudiana y la psicoterapia de grupo. Barcelona me abri\u00f3 la puerta con una colaboraci\u00f3n en un programa de psicosis incipiente en 2009-2010 y desde entonces realizo mi actividad profesional y personal aqu\u00ed. He trabajado con personas adultas en centro de salud mental, en hospitales, en agudos y en urgencias, en la red p\u00fablica y privada.<\/p><p>La pasi\u00f3n por descubrir y entender la psique humana, su manera de desarrollarse y evolucionar, me han llevado al mundo infantil: he trabajado con adolescentes, ni\u00f1os, sus familias, sus colegios en la red publica durante casi 6 a\u00f1os, profundizando mis estudios en psicoterapia, herramienta que siempre para m\u00ed acompa\u00f1a la farmacolog\u00eda. Escuchando los relatos de las madres de los ni\u00f1os y ni\u00f1as del csmij y a ra\u00edz de mi maternidad, he descubierto la <strong>psicolog\u00eda y psiquiatr\u00eda perinatal<\/strong>. El perinatal, un mundo a\u00fan poco conocido y que no recibe la adecuada importancia, es donde siento poder desarrollar mi ser,\u00a0aportar ayuda gracias a mi propia experiencia de madre y desde mis estudios y recorrido formativo. La medicina es para m\u00ed en primer lugar prevenci\u00f3n y la detenci\u00f3n precoz; el reto es fomentar salud, no solo tratar; conseguir un estado de salud psicol\u00f3gica de la persona, de manera individualizada y personal, utilizando diferentes herramientas y promoviendo una intervenci\u00f3n integral, en un entorno creativo y motivador.<\/p>\t\t\t\t\t\t\t\t<\/div>\n\t\t\t\t<\/div>\n\t\t\t\t<\/div>\n\t\t\t\t<\/div>\n\t\t\t\t<\/div>\n\t\t\t\t\t<\/div>\n\t\t\t\t<\/div>\n\t\t\t\t<\/div>\n\t\t","protected":false},"excerpt":{"rendered":"<p>Susanna d&#8217;Ambrosio Psiquiatra perinatal y psicoterapeuta \u00a0 M\u00e9dico psiquiatra, especializada en tratamiento farmacol\u00f3gico y psicoterap\u00e9utico de orientaci\u00f3n din\u00e1mica; Licenciada en Medicina y Cirurg\u00eda, en 2004 y especializada en Psiquiatr\u00eda en 2010 en la Universidad de Padua, con Postgrado de Psicoterapia Breve, en la Fundacio Vidal i Barraquer, Universitat Ramon Llull en 2012-2013. Especializada en psiquiatr\u00eda [&hellip;]<\/p>\n","protected":false},"author":1,"featured_media":0,"parent":55,"menu_order":0,"comment_status":"closed","ping_status":"closed","template":"","meta":{"footnotes":""},"class_list":["post-675","page","type-page","status-publish","hentry"],"yoast_head":"<!-- This site is optimized with the Yoast SEO plugin v26.8 - https:\/\/yoast.com\/product\/yoast-seo-wordpress\/ -->\n<title>Susanna d&#039;Ambrosio - Acompanyament Familiar<\/title>\n<meta name=\"robots\" content=\"index, follow, max-snippet:-1, max-image-preview:large, max-video-preview:-1\" \/>\n<link rel=\"canonical\" href=\"https:\/\/acompanyamentfamiliar.com\/es\/equipo\/susanna-dambrosio\/\" \/>\n<meta property=\"og:locale\" content=\"es_ES\" \/>\n<meta property=\"og:type\" content=\"article\" \/>\n<meta property=\"og:title\" content=\"Susanna d&#039;Ambrosio - Acompanyament Familiar\" \/>\n<meta property=\"og:description\" content=\"Susanna d&#8217;Ambrosio Psiquiatra perinatal y psicoterapeuta \u00a0 M\u00e9dico psiquiatra, especializada en tratamiento farmacol\u00f3gico y psicoterap\u00e9utico de orientaci\u00f3n din\u00e1mica; Licenciada en Medicina y Cirurg\u00eda, en 2004 y especializada en Psiquiatr\u00eda en 2010 en la Universidad de Padua, con Postgrado de Psicoterapia Breve, en la Fundacio Vidal i Barraquer, Universitat Ramon Llull en 2012-2013. Especializada en psiquiatr\u00eda [&hellip;]\" \/>\n<meta property=\"og:url\" content=\"https:\/\/acompanyamentfamiliar.com\/es\/equipo\/susanna-dambrosio\/\" \/>\n<meta property=\"og:site_name\" content=\"Acompanyament Familiar\" \/>\n<meta property=\"article:modified_time\" content=\"2025-05-09T14:39:49+00:00\" \/>\n<meta property=\"og:image\" content=\"https:\/\/acompanyamentfamiliar.com\/wp-content\/uploads\/2025\/03\/susanna-ambrosio.jpeg\" \/>\n\t<meta property=\"og:image:width\" content=\"225\" \/>\n\t<meta property=\"og:image:height\" content=\"225\" \/>\n\t<meta property=\"og:image:type\" content=\"image\/jpeg\" \/>\n<meta name=\"twitter:card\" content=\"summary_large_image\" \/>\n<meta name=\"twitter:label1\" content=\"Tiempo de lectura\" \/>\n\t<meta name=\"twitter:data1\" content=\"3 minutos\" \/>\n<script type=\"application\/ld+json\" class=\"yoast-schema-graph\">{\"@context\":\"https:\/\/schema.org\",\"@graph\":[{\"@type\":\"WebPage\",\"@id\":\"https:\/\/acompanyamentfamiliar.com\/es\/equipo\/susanna-dambrosio\/\",\"url\":\"https:\/\/acompanyamentfamiliar.com\/es\/equipo\/susanna-dambrosio\/\",\"name\":\"Susanna d'Ambrosio - Acompanyament Familiar\",\"isPartOf\":{\"@id\":\"https:\/\/acompanyamentfamiliar.com\/es\/#website\"},\"primaryImageOfPage\":{\"@id\":\"https:\/\/acompanyamentfamiliar.com\/es\/equipo\/susanna-dambrosio\/#primaryimage\"},\"image\":{\"@id\":\"https:\/\/acompanyamentfamiliar.com\/es\/equipo\/susanna-dambrosio\/#primaryimage\"},\"thumbnailUrl\":\"https:\/\/acompanyamentfamiliar.com\/wp-content\/uploads\/2025\/03\/susanna-ambrosio.jpeg\",\"datePublished\":\"2025-04-13T09:47:35+00:00\",\"dateModified\":\"2025-05-09T14:39:49+00:00\",\"breadcrumb\":{\"@id\":\"https:\/\/acompanyamentfamiliar.com\/es\/equipo\/susanna-dambrosio\/#breadcrumb\"},\"inLanguage\":\"es\",\"potentialAction\":[{\"@type\":\"ReadAction\",\"target\":[\"https:\/\/acompanyamentfamiliar.com\/es\/equipo\/susanna-dambrosio\/\"]}]},{\"@type\":\"ImageObject\",\"inLanguage\":\"es\",\"@id\":\"https:\/\/acompanyamentfamiliar.com\/es\/equipo\/susanna-dambrosio\/#primaryimage\",\"url\":\"https:\/\/acompanyamentfamiliar.com\/wp-content\/uploads\/2025\/03\/susanna-ambrosio.jpeg\",\"contentUrl\":\"https:\/\/acompanyamentfamiliar.com\/wp-content\/uploads\/2025\/03\/susanna-ambrosio.jpeg\"},{\"@type\":\"BreadcrumbList\",\"@id\":\"https:\/\/acompanyamentfamiliar.com\/es\/equipo\/susanna-dambrosio\/#breadcrumb\",\"itemListElement\":[{\"@type\":\"ListItem\",\"position\":1,\"name\":\"Portada\",\"item\":\"https:\/\/acompanyamentfamiliar.com\/es\/\"},{\"@type\":\"ListItem\",\"position\":2,\"name\":\"Centro de Psic\u00f3logos de Barcelona\",\"item\":\"https:\/\/acompanyamentfamiliar.com\/es\/equipo\/\"},{\"@type\":\"ListItem\",\"position\":3,\"name\":\"Susanna d&#8217;Ambrosio\"}]},{\"@type\":\"WebSite\",\"@id\":\"https:\/\/acompanyamentfamiliar.com\/es\/#website\",\"url\":\"https:\/\/acompanyamentfamiliar.com\/es\/\",\"name\":\"Acompanyament Familiar\",\"description\":\"Psic\u00f3logas en Barcelona: Acompa\u00f1amiento familiar\",\"publisher\":{\"@id\":\"https:\/\/acompanyamentfamiliar.com\/es\/#organization\"},\"potentialAction\":[{\"@type\":\"SearchAction\",\"target\":{\"@type\":\"EntryPoint\",\"urlTemplate\":\"https:\/\/acompanyamentfamiliar.com\/es\/?s={search_term_string}\"},\"query-input\":{\"@type\":\"PropertyValueSpecification\",\"valueRequired\":true,\"valueName\":\"search_term_string\"}}],\"inLanguage\":\"es\"},{\"@type\":\"Organization\",\"@id\":\"https:\/\/acompanyamentfamiliar.com\/es\/#organization\",\"name\":\"Acompanyament Familiar\",\"url\":\"https:\/\/acompanyamentfamiliar.com\/es\/\",\"logo\":{\"@type\":\"ImageObject\",\"inLanguage\":\"es\",\"@id\":\"https:\/\/acompanyamentfamiliar.com\/es\/#\/schema\/logo\/image\/\",\"url\":\"https:\/\/acompanyamentfamiliar.com\/wp-content\/uploads\/2025\/03\/logo_acompanyamnet_familiar.png\",\"contentUrl\":\"https:\/\/acompanyamentfamiliar.com\/wp-content\/uploads\/2025\/03\/logo_acompanyamnet_familiar.png\",\"width\":241,\"height\":126,\"caption\":\"Acompanyament Familiar\"},\"image\":{\"@id\":\"https:\/\/acompanyamentfamiliar.com\/es\/#\/schema\/logo\/image\/\"}}]}<\/script>\n<!-- \/ Yoast SEO plugin. -->","yoast_head_json":{"title":"Susanna d'Ambrosio - Acompanyament Familiar","robots":{"index":"index","follow":"follow","max-snippet":"max-snippet:-1","max-image-preview":"max-image-preview:large","max-video-preview":"max-video-preview:-1"},"canonical":"https:\/\/acompanyamentfamiliar.com\/es\/equipo\/susanna-dambrosio\/","og_locale":"es_ES","og_type":"article","og_title":"Susanna d'Ambrosio - Acompanyament Familiar","og_description":"Susanna d&#8217;Ambrosio Psiquiatra perinatal y psicoterapeuta \u00a0 M\u00e9dico psiquiatra, especializada en tratamiento farmacol\u00f3gico y psicoterap\u00e9utico de orientaci\u00f3n din\u00e1mica; Licenciada en Medicina y Cirurg\u00eda, en 2004 y especializada en Psiquiatr\u00eda en 2010 en la Universidad de Padua, con Postgrado de Psicoterapia Breve, en la Fundacio Vidal i Barraquer, Universitat Ramon Llull en 2012-2013. Especializada en psiquiatr\u00eda [&hellip;]","og_url":"https:\/\/acompanyamentfamiliar.com\/es\/equipo\/susanna-dambrosio\/","og_site_name":"Acompanyament Familiar","article_modified_time":"2025-05-09T14:39:49+00:00","og_image":[{"width":225,"height":225,"url":"https:\/\/acompanyamentfamiliar.com\/wp-content\/uploads\/2025\/03\/susanna-ambrosio.jpeg","type":"image\/jpeg"}],"twitter_card":"summary_large_image","twitter_misc":{"Tiempo de lectura":"3 minutos"},"schema":{"@context":"https:\/\/schema.org","@graph":[{"@type":"WebPage","@id":"https:\/\/acompanyamentfamiliar.com\/es\/equipo\/susanna-dambrosio\/","url":"https:\/\/acompanyamentfamiliar.com\/es\/equipo\/susanna-dambrosio\/","name":"Susanna d'Ambrosio - Acompanyament Familiar","isPartOf":{"@id":"https:\/\/acompanyamentfamiliar.com\/es\/#website"},"primaryImageOfPage":{"@id":"https:\/\/acompanyamentfamiliar.com\/es\/equipo\/susanna-dambrosio\/#primaryimage"},"image":{"@id":"https:\/\/acompanyamentfamiliar.com\/es\/equipo\/susanna-dambrosio\/#primaryimage"},"thumbnailUrl":"https:\/\/acompanyamentfamiliar.com\/wp-content\/uploads\/2025\/03\/susanna-ambrosio.jpeg","datePublished":"2025-04-13T09:47:35+00:00","dateModified":"2025-05-09T14:39:49+00:00","breadcrumb":{"@id":"https:\/\/acompanyamentfamiliar.com\/es\/equipo\/susanna-dambrosio\/#breadcrumb"},"inLanguage":"es","potentialAction":[{"@type":"ReadAction","target":["https:\/\/acompanyamentfamiliar.com\/es\/equipo\/susanna-dambrosio\/"]}]},{"@type":"ImageObject","inLanguage":"es","@id":"https:\/\/acompanyamentfamiliar.com\/es\/equipo\/susanna-dambrosio\/#primaryimage","url":"https:\/\/acompanyamentfamiliar.com\/wp-content\/uploads\/2025\/03\/susanna-ambrosio.jpeg","contentUrl":"https:\/\/acompanyamentfamiliar.com\/wp-content\/uploads\/2025\/03\/susanna-ambrosio.jpeg"},{"@type":"BreadcrumbList","@id":"https:\/\/acompanyamentfamiliar.com\/es\/equipo\/susanna-dambrosio\/#breadcrumb","itemListElement":[{"@type":"ListItem","position":1,"name":"Portada","item":"https:\/\/acompanyamentfamiliar.com\/es\/"},{"@type":"ListItem","position":2,"name":"Centro de Psic\u00f3logos de Barcelona","item":"https:\/\/acompanyamentfamiliar.com\/es\/equipo\/"},{"@type":"ListItem","position":3,"name":"Susanna d&#8217;Ambrosio"}]},{"@type":"WebSite","@id":"https:\/\/acompanyamentfamiliar.com\/es\/#website","url":"https:\/\/acompanyamentfamiliar.com\/es\/","name":"Acompanyament Familiar","description":"Psic\u00f3logas en Barcelona: Acompa\u00f1amiento familiar","publisher":{"@id":"https:\/\/acompanyamentfamiliar.com\/es\/#organization"},"potentialAction":[{"@type":"SearchAction","target":{"@type":"EntryPoint","urlTemplate":"https:\/\/acompanyamentfamiliar.com\/es\/?s={search_term_string}"},"query-input":{"@type":"PropertyValueSpecification","valueRequired":true,"valueName":"search_term_string"}}],"inLanguage":"es"},{"@type":"Organization","@id":"https:\/\/acompanyamentfamiliar.com\/es\/#organization","name":"Acompanyament Familiar","url":"https:\/\/acompanyamentfamiliar.com\/es\/","logo":{"@type":"ImageObject","inLanguage":"es","@id":"https:\/\/acompanyamentfamiliar.com\/es\/#\/schema\/logo\/image\/","url":"https:\/\/acompanyamentfamiliar.com\/wp-content\/uploads\/2025\/03\/logo_acompanyamnet_familiar.png","contentUrl":"https:\/\/acompanyamentfamiliar.com\/wp-content\/uploads\/2025\/03\/logo_acompanyamnet_familiar.png","width":241,"height":126,"caption":"Acompanyament Familiar"},"image":{"@id":"https:\/\/acompanyamentfamiliar.com\/es\/#\/schema\/logo\/image\/"}}]}},"_links":{"self":[{"href":"https:\/\/acompanyamentfamiliar.com\/es\/wp-json\/wp\/v2\/pages\/675","targetHints":{"allow":["GET"]}}],"collection":[{"href":"https:\/\/acompanyamentfamiliar.com\/es\/wp-json\/wp\/v2\/pages"}],"about":[{"href":"https:\/\/acompanyamentfamiliar.com\/es\/wp-json\/wp\/v2\/types\/page"}],"author":[{"embeddable":true,"href":"https:\/\/acompanyamentfamiliar.com\/es\/wp-json\/wp\/v2\/users\/1"}],"replies":[{"embeddable":true,"href":"https:\/\/acompanyamentfamiliar.com\/es\/wp-json\/wp\/v2\/comments?post=675"}],"version-history":[{"count":10,"href":"https:\/\/acompanyamentfamiliar.com\/es\/wp-json\/wp\/v2\/pages\/675\/revisions"}],"predecessor-version":[{"id":2055,"href":"https:\/\/acompanyamentfamiliar.com\/es\/wp-json\/wp\/v2\/pages\/675\/revisions\/2055"}],"up":[{"embeddable":true,"href":"https:\/\/acompanyamentfamiliar.com\/es\/wp-json\/wp\/v2\/pages\/55"}],"wp:attachment":[{"href":"https:\/\/acompanyamentfamiliar.com\/es\/wp-json\/wp\/v2\/media?parent=675"}],"curies":[{"name":"wp","href":"https:\/\/api.w.org\/{rel}","templated":true}]}}