{"id":686,"date":"2025-04-13T09:48:56","date_gmt":"2025-04-13T09:48:56","guid":{"rendered":"https:\/\/acompanyamentfamiliar.com\/?page_id=686"},"modified":"2025-05-09T14:40:09","modified_gmt":"2025-05-09T14:40:09","slug":"claudia-vazquez-martin","status":"publish","type":"page","link":"https:\/\/acompanyamentfamiliar.com\/es\/equipo\/claudia-vazquez-martin\/","title":{"rendered":"Claudia V\u00e1zquez Mart\u00edn"},"content":{"rendered":"\t\t<div data-elementor-type=\"wp-page\" data-elementor-id=\"686\" class=\"elementor elementor-686\" data-elementor-post-type=\"page\">\n\t\t\t\t<div class=\"elementor-element elementor-element-c451329 e-flex e-con-boxed e-con e-parent\" data-id=\"c451329\" data-element_type=\"container\" data-settings=\"{&quot;background_background&quot;:&quot;classic&quot;}\">\n\t\t\t\t\t<div class=\"e-con-inner\">\n\t\t<div class=\"elementor-element elementor-element-87d1828 e-con-full e-flex e-con e-child\" data-id=\"87d1828\" data-element_type=\"container\">\n\t\t<div class=\"elementor-element elementor-element-5c1ac32 e-con-full e-flex e-con e-child\" data-id=\"5c1ac32\" data-element_type=\"container\">\n\t\t\t\t<div class=\"elementor-element elementor-element-daa0fff elementor-widget elementor-widget-heading\" data-id=\"daa0fff\" data-element_type=\"widget\" data-widget_type=\"heading.default\">\n\t\t\t\t<div class=\"elementor-widget-container\">\n\t\t\t\t\t<h1 class=\"elementor-heading-title elementor-size-default\">Claudia V\u00e1zquez Mart\u00edn<\/h1>\t\t\t\t<\/div>\n\t\t\t\t<\/div>\n\t\t\t\t<div class=\"elementor-element elementor-element-c69adf2 elementor-widget elementor-widget-text-editor\" data-id=\"c69adf2\" data-element_type=\"widget\" data-widget_type=\"text-editor.default\">\n\t\t\t\t<div class=\"elementor-widget-container\">\n\t\t\t\t\t\t\t\t\t<div class=\"col-sm-6 my-auto\"><h2>Odont\u00f3loga<\/h2><\/div><div class=\"col-sm-6 text-center my-auto\">\u00a0<\/div>\t\t\t\t\t\t\t\t<\/div>\n\t\t\t\t<\/div>\n\t\t\t\t<\/div>\n\t\t<div class=\"elementor-element elementor-element-f701a00 e-con-full e-flex e-con e-child\" data-id=\"f701a00\" data-element_type=\"container\">\n\t\t\t\t<div class=\"elementor-element elementor-element-631e7f5 elementor-widget elementor-widget-image\" data-id=\"631e7f5\" data-element_type=\"widget\" data-widget_type=\"image.default\">\n\t\t\t\t<div class=\"elementor-widget-container\">\n\t\t\t\t\t\t\t\t\t\t\t\t\t\t\t<img fetchpriority=\"high\" decoding=\"async\" width=\"225\" height=\"225\" src=\"https:\/\/acompanyamentfamiliar.com\/wp-content\/uploads\/2025\/03\/claudia-vazquez.png\" class=\"attachment-large size-large wp-image-125\" alt=\"\" srcset=\"https:\/\/acompanyamentfamiliar.com\/wp-content\/uploads\/2025\/03\/claudia-vazquez.png 225w, https:\/\/acompanyamentfamiliar.com\/wp-content\/uploads\/2025\/03\/claudia-vazquez-150x150.png 150w\" sizes=\"(max-width: 225px) 100vw, 225px\" \/>\t\t\t\t\t\t\t\t\t\t\t\t\t\t\t<\/div>\n\t\t\t\t<\/div>\n\t\t\t\t<\/div>\n\t\t\t\t<\/div>\n\t\t\t\t\t<\/div>\n\t\t\t\t<\/div>\n\t\t<div class=\"elementor-element elementor-element-cdd850e e-flex e-con-boxed e-con e-parent\" data-id=\"cdd850e\" data-element_type=\"container\">\n\t\t\t\t\t<div class=\"e-con-inner\">\n\t\t<div class=\"elementor-element elementor-element-ea1c755 e-con-full e-flex e-con e-child\" data-id=\"ea1c755\" data-element_type=\"container\">\n\t\t<div class=\"elementor-element elementor-element-98730eb e-con-full e-flex e-con e-child\" data-id=\"98730eb\" data-element_type=\"container\">\n\t\t<div class=\"elementor-element elementor-element-95be84c e-con-full e-flex e-con e-child\" data-id=\"95be84c\" data-element_type=\"container\">\n\t\t\t\t<div class=\"elementor-element elementor-element-b8b77c0 elementor-widget elementor-widget-text-editor\" data-id=\"b8b77c0\" data-element_type=\"widget\" data-widget_type=\"text-editor.default\">\n\t\t\t\t<div class=\"elementor-widget-container\">\n\t\t\t\t\t\t\t\t\t<p><strong>Odont\u00f3loga Neurofocal integrativa<\/strong> y <strong>profesora invitada del m\u00e1ster de Terapia Neural y odontolog\u00eda Neurofocal de la UB<\/strong>. Colaboraci\u00f3n en varios centros de odontolog\u00eda hol\u00edstica, en Barcelona, Santander y Ciutadella de Menorca. Formaci\u00f3n en recuperaci\u00f3n funcional de la respiraci\u00f3n nasal, rehabilitaci\u00f3n neuroclusal, y cursos de ortopedia maxilar en dentici\u00f3n primaria. Formaci\u00f3n continuada desde 2012 en <strong>psiconeurodontolog\u00eda y homeopat\u00eda<\/strong> con el Dr. Christian Beyer, y en <strong>Fitoterapia<\/strong> con la Dra. Cristina Gerascoff. <strong>M\u00e1ster en terapia neural y odontolog\u00eda neurofocal<\/strong>. <strong>Postgrado en est\u00e9tica dental avanzada<\/strong> en la Sociedad Catalana de Odontoestomatolog\u00eda. Cooperante internacional en diferentes proyectos de salud comunitaria y promoci\u00f3n de salud en Argentina, Nicaragua, M\u00e9xico y Grecia, en campos de refugiados. En Barcelona, colaboraci\u00f3n en proyectos \u201c1000 i una dents\u201d y odontolog\u00eda solidaria de odontolog\u00eda social, dando asistencia y charlas de prevenci\u00f3n y promoci\u00f3n de salud. Actualmente he reducido mi vida laboral para centrarme en mi embarazo y comenzar la aventura de la maternidad de manera consciente.<\/p>\t\t\t\t\t\t\t\t<\/div>\n\t\t\t\t<\/div>\n\t\t\t\t<\/div>\n\t\t<div class=\"elementor-element elementor-element-8fbbe80 e-con-full e-flex e-con e-child\" data-id=\"8fbbe80\" data-element_type=\"container\">\n\t\t\t\t<div class=\"elementor-element elementor-element-c97acc2 elementor-widget elementor-widget-text-editor\" data-id=\"c97acc2\" data-element_type=\"widget\" data-widget_type=\"text-editor.default\">\n\t\t\t\t<div class=\"elementor-widget-container\">\n\t\t\t\t\t\t\t\t\t<p>Reci\u00e9n iniciados los cuarenta, me siento en la flor de la vida. Siento que tengo una vida privilegiada y lo agradezco cada ma\u00f1ana al despertar. La elecci\u00f3n de mi profesi\u00f3n, fue muy vocacional, desde que me pusieron aparatos a los 11 a\u00f1os. Desde la universidad, mi trabajo en odontolog\u00eda ha tenido siempre 2 pr\u00e1cticas paralelas, la privada y la social, desgraciadamente antag\u00f3nicas en cuanto a principios humanos. Pero fue gracias a las dos, que he podido viajar mucho, he podido seguir estudiando y aprendiendo de la manera y al ritmo que yo he necesitado.\u00a0<\/p><p class=\"ql-align-justify\">He conseguido desenfocarme de los 2cm2 del diente para mirar adem\u00e1s el ecosistema humano en el que este diente habita, y a su vez, intento contextualizarlo en el ecosistema familiar y social en que se encuentra. Enfoco mis energ\u00edas en darle herramientas al cuerpo para que encuentre SU mejor manera de curarse, desde el marco de la boca. Esas herramientas pueden ser sustituir un empaste met\u00e1lico por otro de resina, recuperar la funci\u00f3n respiratoria nasal, recetar un aceite esencial o unos gr\u00e1nulos homeop\u00e1ticos para remediar una infecci\u00f3n, proponer una dieta d\u00e9tox para mejorar una gingivitis o un herpes o ayudar a tomar conciencia de una emoci\u00f3n que produce problemas de repetici\u00f3n en alg\u00fan diente.<\/p>\t\t\t\t\t\t\t\t<\/div>\n\t\t\t\t<\/div>\n\t\t\t\t<\/div>\n\t\t\t\t<\/div>\n\t\t\t\t<\/div>\n\t\t\t\t\t<\/div>\n\t\t\t\t<\/div>\n\t\t\t\t<\/div>\n\t\t","protected":false},"excerpt":{"rendered":"<p>Claudia V\u00e1zquez Mart\u00edn Odont\u00f3loga \u00a0 Odont\u00f3loga Neurofocal integrativa y profesora invitada del m\u00e1ster de Terapia Neural y odontolog\u00eda Neurofocal de la UB. Colaboraci\u00f3n en varios centros de odontolog\u00eda hol\u00edstica, en Barcelona, Santander y Ciutadella de Menorca. Formaci\u00f3n en recuperaci\u00f3n funcional de la respiraci\u00f3n nasal, rehabilitaci\u00f3n neuroclusal, y cursos de ortopedia maxilar en dentici\u00f3n primaria. Formaci\u00f3n [&hellip;]<\/p>\n","protected":false},"author":1,"featured_media":0,"parent":55,"menu_order":0,"comment_status":"closed","ping_status":"closed","template":"","meta":{"footnotes":""},"class_list":["post-686","page","type-page","status-publish","hentry"],"yoast_head":"<!-- This site is optimized with the Yoast SEO plugin v26.8 - https:\/\/yoast.com\/product\/yoast-seo-wordpress\/ -->\n<title>Claudia V\u00e1zquez Mart\u00edn - Acompanyament Familiar<\/title>\n<meta name=\"robots\" content=\"index, follow, max-snippet:-1, max-image-preview:large, max-video-preview:-1\" \/>\n<link rel=\"canonical\" href=\"https:\/\/acompanyamentfamiliar.com\/es\/equipo\/claudia-vazquez-martin\/\" \/>\n<meta property=\"og:locale\" content=\"es_ES\" \/>\n<meta property=\"og:type\" content=\"article\" \/>\n<meta property=\"og:title\" content=\"Claudia V\u00e1zquez Mart\u00edn - Acompanyament Familiar\" \/>\n<meta property=\"og:description\" content=\"Claudia V\u00e1zquez Mart\u00edn Odont\u00f3loga \u00a0 Odont\u00f3loga Neurofocal integrativa y profesora invitada del m\u00e1ster de Terapia Neural y odontolog\u00eda Neurofocal de la UB. Colaboraci\u00f3n en varios centros de odontolog\u00eda hol\u00edstica, en Barcelona, Santander y Ciutadella de Menorca. Formaci\u00f3n en recuperaci\u00f3n funcional de la respiraci\u00f3n nasal, rehabilitaci\u00f3n neuroclusal, y cursos de ortopedia maxilar en dentici\u00f3n primaria. Formaci\u00f3n [&hellip;]\" \/>\n<meta property=\"og:url\" content=\"https:\/\/acompanyamentfamiliar.com\/es\/equipo\/claudia-vazquez-martin\/\" \/>\n<meta property=\"og:site_name\" content=\"Acompanyament Familiar\" \/>\n<meta property=\"article:modified_time\" content=\"2025-05-09T14:40:09+00:00\" \/>\n<meta property=\"og:image\" content=\"https:\/\/acompanyamentfamiliar.com\/wp-content\/uploads\/2025\/03\/claudia-vazquez.png\" \/>\n\t<meta property=\"og:image:width\" content=\"225\" \/>\n\t<meta property=\"og:image:height\" content=\"225\" \/>\n\t<meta property=\"og:image:type\" content=\"image\/png\" \/>\n<meta name=\"twitter:card\" content=\"summary_large_image\" \/>\n<meta name=\"twitter:label1\" content=\"Tiempo de lectura\" \/>\n\t<meta name=\"twitter:data1\" content=\"2 minutos\" \/>\n<script type=\"application\/ld+json\" class=\"yoast-schema-graph\">{\"@context\":\"https:\/\/schema.org\",\"@graph\":[{\"@type\":\"WebPage\",\"@id\":\"https:\/\/acompanyamentfamiliar.com\/es\/equipo\/claudia-vazquez-martin\/\",\"url\":\"https:\/\/acompanyamentfamiliar.com\/es\/equipo\/claudia-vazquez-martin\/\",\"name\":\"Claudia V\u00e1zquez Mart\u00edn - Acompanyament Familiar\",\"isPartOf\":{\"@id\":\"https:\/\/acompanyamentfamiliar.com\/es\/#website\"},\"primaryImageOfPage\":{\"@id\":\"https:\/\/acompanyamentfamiliar.com\/es\/equipo\/claudia-vazquez-martin\/#primaryimage\"},\"image\":{\"@id\":\"https:\/\/acompanyamentfamiliar.com\/es\/equipo\/claudia-vazquez-martin\/#primaryimage\"},\"thumbnailUrl\":\"https:\/\/acompanyamentfamiliar.com\/wp-content\/uploads\/2025\/03\/claudia-vazquez.png\",\"datePublished\":\"2025-04-13T09:48:56+00:00\",\"dateModified\":\"2025-05-09T14:40:09+00:00\",\"breadcrumb\":{\"@id\":\"https:\/\/acompanyamentfamiliar.com\/es\/equipo\/claudia-vazquez-martin\/#breadcrumb\"},\"inLanguage\":\"es\",\"potentialAction\":[{\"@type\":\"ReadAction\",\"target\":[\"https:\/\/acompanyamentfamiliar.com\/es\/equipo\/claudia-vazquez-martin\/\"]}]},{\"@type\":\"ImageObject\",\"inLanguage\":\"es\",\"@id\":\"https:\/\/acompanyamentfamiliar.com\/es\/equipo\/claudia-vazquez-martin\/#primaryimage\",\"url\":\"https:\/\/acompanyamentfamiliar.com\/wp-content\/uploads\/2025\/03\/claudia-vazquez.png\",\"contentUrl\":\"https:\/\/acompanyamentfamiliar.com\/wp-content\/uploads\/2025\/03\/claudia-vazquez.png\"},{\"@type\":\"BreadcrumbList\",\"@id\":\"https:\/\/acompanyamentfamiliar.com\/es\/equipo\/claudia-vazquez-martin\/#breadcrumb\",\"itemListElement\":[{\"@type\":\"ListItem\",\"position\":1,\"name\":\"Portada\",\"item\":\"https:\/\/acompanyamentfamiliar.com\/es\/\"},{\"@type\":\"ListItem\",\"position\":2,\"name\":\"Centro de Psic\u00f3logos de Barcelona\",\"item\":\"https:\/\/acompanyamentfamiliar.com\/es\/equipo\/\"},{\"@type\":\"ListItem\",\"position\":3,\"name\":\"Claudia V\u00e1zquez Mart\u00edn\"}]},{\"@type\":\"WebSite\",\"@id\":\"https:\/\/acompanyamentfamiliar.com\/es\/#website\",\"url\":\"https:\/\/acompanyamentfamiliar.com\/es\/\",\"name\":\"Acompanyament Familiar\",\"description\":\"Psic\u00f3logas en Barcelona: Acompa\u00f1amiento familiar\",\"publisher\":{\"@id\":\"https:\/\/acompanyamentfamiliar.com\/es\/#organization\"},\"potentialAction\":[{\"@type\":\"SearchAction\",\"target\":{\"@type\":\"EntryPoint\",\"urlTemplate\":\"https:\/\/acompanyamentfamiliar.com\/es\/?s={search_term_string}\"},\"query-input\":{\"@type\":\"PropertyValueSpecification\",\"valueRequired\":true,\"valueName\":\"search_term_string\"}}],\"inLanguage\":\"es\"},{\"@type\":\"Organization\",\"@id\":\"https:\/\/acompanyamentfamiliar.com\/es\/#organization\",\"name\":\"Acompanyament Familiar\",\"url\":\"https:\/\/acompanyamentfamiliar.com\/es\/\",\"logo\":{\"@type\":\"ImageObject\",\"inLanguage\":\"es\",\"@id\":\"https:\/\/acompanyamentfamiliar.com\/es\/#\/schema\/logo\/image\/\",\"url\":\"https:\/\/acompanyamentfamiliar.com\/wp-content\/uploads\/2025\/03\/logo_acompanyamnet_familiar.png\",\"contentUrl\":\"https:\/\/acompanyamentfamiliar.com\/wp-content\/uploads\/2025\/03\/logo_acompanyamnet_familiar.png\",\"width\":241,\"height\":126,\"caption\":\"Acompanyament Familiar\"},\"image\":{\"@id\":\"https:\/\/acompanyamentfamiliar.com\/es\/#\/schema\/logo\/image\/\"}}]}<\/script>\n<!-- \/ Yoast SEO plugin. -->","yoast_head_json":{"title":"Claudia V\u00e1zquez Mart\u00edn - Acompanyament Familiar","robots":{"index":"index","follow":"follow","max-snippet":"max-snippet:-1","max-image-preview":"max-image-preview:large","max-video-preview":"max-video-preview:-1"},"canonical":"https:\/\/acompanyamentfamiliar.com\/es\/equipo\/claudia-vazquez-martin\/","og_locale":"es_ES","og_type":"article","og_title":"Claudia V\u00e1zquez Mart\u00edn - Acompanyament Familiar","og_description":"Claudia V\u00e1zquez Mart\u00edn Odont\u00f3loga \u00a0 Odont\u00f3loga Neurofocal integrativa y profesora invitada del m\u00e1ster de Terapia Neural y odontolog\u00eda Neurofocal de la UB. Colaboraci\u00f3n en varios centros de odontolog\u00eda hol\u00edstica, en Barcelona, Santander y Ciutadella de Menorca. Formaci\u00f3n en recuperaci\u00f3n funcional de la respiraci\u00f3n nasal, rehabilitaci\u00f3n neuroclusal, y cursos de ortopedia maxilar en dentici\u00f3n primaria. Formaci\u00f3n [&hellip;]","og_url":"https:\/\/acompanyamentfamiliar.com\/es\/equipo\/claudia-vazquez-martin\/","og_site_name":"Acompanyament Familiar","article_modified_time":"2025-05-09T14:40:09+00:00","og_image":[{"width":225,"height":225,"url":"https:\/\/acompanyamentfamiliar.com\/wp-content\/uploads\/2025\/03\/claudia-vazquez.png","type":"image\/png"}],"twitter_card":"summary_large_image","twitter_misc":{"Tiempo de lectura":"2 minutos"},"schema":{"@context":"https:\/\/schema.org","@graph":[{"@type":"WebPage","@id":"https:\/\/acompanyamentfamiliar.com\/es\/equipo\/claudia-vazquez-martin\/","url":"https:\/\/acompanyamentfamiliar.com\/es\/equipo\/claudia-vazquez-martin\/","name":"Claudia V\u00e1zquez Mart\u00edn - Acompanyament Familiar","isPartOf":{"@id":"https:\/\/acompanyamentfamiliar.com\/es\/#website"},"primaryImageOfPage":{"@id":"https:\/\/acompanyamentfamiliar.com\/es\/equipo\/claudia-vazquez-martin\/#primaryimage"},"image":{"@id":"https:\/\/acompanyamentfamiliar.com\/es\/equipo\/claudia-vazquez-martin\/#primaryimage"},"thumbnailUrl":"https:\/\/acompanyamentfamiliar.com\/wp-content\/uploads\/2025\/03\/claudia-vazquez.png","datePublished":"2025-04-13T09:48:56+00:00","dateModified":"2025-05-09T14:40:09+00:00","breadcrumb":{"@id":"https:\/\/acompanyamentfamiliar.com\/es\/equipo\/claudia-vazquez-martin\/#breadcrumb"},"inLanguage":"es","potentialAction":[{"@type":"ReadAction","target":["https:\/\/acompanyamentfamiliar.com\/es\/equipo\/claudia-vazquez-martin\/"]}]},{"@type":"ImageObject","inLanguage":"es","@id":"https:\/\/acompanyamentfamiliar.com\/es\/equipo\/claudia-vazquez-martin\/#primaryimage","url":"https:\/\/acompanyamentfamiliar.com\/wp-content\/uploads\/2025\/03\/claudia-vazquez.png","contentUrl":"https:\/\/acompanyamentfamiliar.com\/wp-content\/uploads\/2025\/03\/claudia-vazquez.png"},{"@type":"BreadcrumbList","@id":"https:\/\/acompanyamentfamiliar.com\/es\/equipo\/claudia-vazquez-martin\/#breadcrumb","itemListElement":[{"@type":"ListItem","position":1,"name":"Portada","item":"https:\/\/acompanyamentfamiliar.com\/es\/"},{"@type":"ListItem","position":2,"name":"Centro de Psic\u00f3logos de Barcelona","item":"https:\/\/acompanyamentfamiliar.com\/es\/equipo\/"},{"@type":"ListItem","position":3,"name":"Claudia V\u00e1zquez Mart\u00edn"}]},{"@type":"WebSite","@id":"https:\/\/acompanyamentfamiliar.com\/es\/#website","url":"https:\/\/acompanyamentfamiliar.com\/es\/","name":"Acompanyament Familiar","description":"Psic\u00f3logas en Barcelona: Acompa\u00f1amiento familiar","publisher":{"@id":"https:\/\/acompanyamentfamiliar.com\/es\/#organization"},"potentialAction":[{"@type":"SearchAction","target":{"@type":"EntryPoint","urlTemplate":"https:\/\/acompanyamentfamiliar.com\/es\/?s={search_term_string}"},"query-input":{"@type":"PropertyValueSpecification","valueRequired":true,"valueName":"search_term_string"}}],"inLanguage":"es"},{"@type":"Organization","@id":"https:\/\/acompanyamentfamiliar.com\/es\/#organization","name":"Acompanyament Familiar","url":"https:\/\/acompanyamentfamiliar.com\/es\/","logo":{"@type":"ImageObject","inLanguage":"es","@id":"https:\/\/acompanyamentfamiliar.com\/es\/#\/schema\/logo\/image\/","url":"https:\/\/acompanyamentfamiliar.com\/wp-content\/uploads\/2025\/03\/logo_acompanyamnet_familiar.png","contentUrl":"https:\/\/acompanyamentfamiliar.com\/wp-content\/uploads\/2025\/03\/logo_acompanyamnet_familiar.png","width":241,"height":126,"caption":"Acompanyament Familiar"},"image":{"@id":"https:\/\/acompanyamentfamiliar.com\/es\/#\/schema\/logo\/image\/"}}]}},"_links":{"self":[{"href":"https:\/\/acompanyamentfamiliar.com\/es\/wp-json\/wp\/v2\/pages\/686","targetHints":{"allow":["GET"]}}],"collection":[{"href":"https:\/\/acompanyamentfamiliar.com\/es\/wp-json\/wp\/v2\/pages"}],"about":[{"href":"https:\/\/acompanyamentfamiliar.com\/es\/wp-json\/wp\/v2\/types\/page"}],"author":[{"embeddable":true,"href":"https:\/\/acompanyamentfamiliar.com\/es\/wp-json\/wp\/v2\/users\/1"}],"replies":[{"embeddable":true,"href":"https:\/\/acompanyamentfamiliar.com\/es\/wp-json\/wp\/v2\/comments?post=686"}],"version-history":[{"count":10,"href":"https:\/\/acompanyamentfamiliar.com\/es\/wp-json\/wp\/v2\/pages\/686\/revisions"}],"predecessor-version":[{"id":2059,"href":"https:\/\/acompanyamentfamiliar.com\/es\/wp-json\/wp\/v2\/pages\/686\/revisions\/2059"}],"up":[{"embeddable":true,"href":"https:\/\/acompanyamentfamiliar.com\/es\/wp-json\/wp\/v2\/pages\/55"}],"wp:attachment":[{"href":"https:\/\/acompanyamentfamiliar.com\/es\/wp-json\/wp\/v2\/media?parent=686"}],"curies":[{"name":"wp","href":"https:\/\/api.w.org\/{rel}","templated":true}]}}